{"id":150546,"date":"2021-01-15T11:02:36","date_gmt":"2021-01-15T11:02:36","guid":{"rendered":"https:\/\/codengine3.ch\/?product=import-placeholder-for-200993"},"modified":"2021-01-15T11:02:41","modified_gmt":"2021-01-15T11:02:41","slug":"der-jasager-und-der-neinsager","status":"publish","type":"product","link":"https:\/\/pizbube.ch\/en\/shop\/der-jasager-und-der-neinsager\/","title":{"rendered":"Der Jasager und der Neinsager"},"content":{"rendered":"<p>Ein vaterloser Knabe stirbt auf einer beschwerlichen Reise, um f\u00fcr seine<br \/>\nMutter, die krank ist, medizinische Hilfe zu besorgen. Doch der Sch\u00fcler stirbt<br \/>\nnicht durch Schw\u00e4che oder Krankheit, sondern weil ein Brauch es verlangt.<br \/>\nBertolt Brecht schrieb das Lehrst\u00fcck 1929 und es wurde 1930 im Zentralinstitut<br \/>\nf\u00fcr Erziehung und Unterricht) uraufgef\u00fchrt. Der Jasager (vgl. V\u00f6lker, S. 58<br \/>\nf.), geht auf das japanische N\u00f4-Spiel Tanik\u00f4 (Fabel) zur\u00fcck und wurde 1930 auf<br \/>\nGrund herber Kritik um Der Neinsager von Brecht erweitert (vgl. Kugli et. al.,<br \/>\nS. 69 f.). Der Leser trifft auf Figuren, die asoziales Verhalten zeigen. In<br \/>\neiner aussichtlosen Situation handeln Beteiligte ihrer Pflichterf\u00fcllung gem\u00e4\u00df,<br \/>\nirrational und konsequent. Auch dann als es darum geht, jemanden zu t\u00f6ten.  <\/p>\n<p>Der Brauch besteht darin, denjenigen, der auf einer Reise krank wird und nicht<br \/>\nweiter kann, zu fragen, ob er verlangt, dass man seinetwegen umkehren soll.<br \/>\nDarauf muss der Befragte antworten, dass man seinetwegen nicht umkehren und<br \/>\nihn mit seinem Einverst\u00e4ndnis zur\u00fccklassen soll. Aus Furcht \u00e4u\u00dfert der Knabe<br \/>\ndie Bitte, in das Tal geworfen zu werden, um einen einsamen Tod zu vermeiden.<br \/>\nDaraufhin werfen die Mitreisenden den Sch\u00fcler in den Abgrund. Der Jasager ist<br \/>\ntot, weil er mit dem Falschen einverstanden war. Der Neinsager hingegen ist<br \/>\nnicht damit einverstanden, dass man seinetwegen nicht umkehrt.  <\/p>","protected":false},"excerpt":{"rendered":"<p>Ein vaterloser Knabe stirbt auf einer beschwerlichen Reise, um f\u00fcr seine Mutter, die krank ist, medizinische Hilfe zu besorgen. Doch der Sch\u00fcler stirbt nicht durch Schw\u00e4che oder Krankheit, sondern weil ein Brauch es verlangt. Bertolt Brecht schrieb das Lehrst\u00fcck 1929 und es wurde 1930 im Zentralinstitut f\u00fcr Erziehung und Unterricht) uraufgef\u00fchrt. Der Jasager (vgl. V\u00f6lker, [&#8230;]\n","protected":false},"featured_media":28140,"template":"","meta":[],"product_brand":[],"product_cat":[21629],"product_tag":[],"class_list":{"0":"post-150546","1":"product","2":"type-product","3":"status-publish","4":"has-post-thumbnail","6":"product_cat-belletristik","7":"pa_autor-brecht","8":"pa_erscheinungsjahr-21763","9":"pa_region-deutschland","10":"pa_sprache-de","12":"first","13":"instock","14":"taxable","15":"shipping-taxable","16":"purchasable","17":"product-type-simple"},"_links":{"self":[{"href":"https:\/\/pizbube.ch\/en\/wp-json\/wp\/v2\/product\/150546","targetHints":{"allow":["GET"]}}],"collection":[{"href":"https:\/\/pizbube.ch\/en\/wp-json\/wp\/v2\/product"}],"about":[{"href":"https:\/\/pizbube.ch\/en\/wp-json\/wp\/v2\/types\/product"}],"wp:featuredmedia":[{"embeddable":true,"href":"https:\/\/pizbube.ch\/en\/wp-json\/wp\/v2\/media\/28140"}],"wp:attachment":[{"href":"https:\/\/pizbube.ch\/en\/wp-json\/wp\/v2\/media?parent=150546"}],"wp:term":[{"taxonomy":"product_brand","embeddable":true,"href":"https:\/\/pizbube.ch\/en\/wp-json\/wp\/v2\/product_brand?post=150546"},{"taxonomy":"product_cat","embeddable":true,"href":"https:\/\/pizbube.ch\/en\/wp-json\/wp\/v2\/product_cat?post=150546"},{"taxonomy":"product_tag","embeddable":true,"href":"https:\/\/pizbube.ch\/en\/wp-json\/wp\/v2\/product_tag?post=150546"}],"curies":[{"name":"wp","href":"https:\/\/api.w.org\/{rel}","templated":true}]}}