{"id":150547,"date":"2021-01-15T11:02:36","date_gmt":"2021-01-15T11:02:36","guid":{"rendered":"https:\/\/codengine3.ch\/?product=import-placeholder-for-206876"},"modified":"2021-01-15T14:52:55","modified_gmt":"2021-01-15T14:52:55","slug":"erfrorene-traeume","status":"publish","type":"product","link":"https:\/\/pizbube.ch\/en\/shop\/erfrorene-traeume\/","title":{"rendered":"Erfrorene Tr\u00e4ume"},"content":{"rendered":"<p>Der vorliegende Roman, \u00fcbersetzt von Bruno Rhyner, beruht auf einer wahren<br \/>\nBegebenheit: Im Fr\u00fchjahr 1965 wurde eine Gruppe von Studenten in den Hidaka-<br \/>\nBergen auf Hokkaid\u00f4 in Japan von einem riesigen Schneebrett erfasst und<br \/>\nversch\u00fcttet.<\/p>\n<p>Nur einer der Studenten \u00fcberlebte drei Tage lang in der Lawine gefangen und<br \/>\nhinterlie\u00df mit Papier und Bleistift verfasste Notizen.  <\/p>","protected":false},"excerpt":{"rendered":"<p>Der vorliegende Roman, \u00fcbersetzt von Bruno Rhyner, beruht auf einer wahren Begebenheit: Im Fr\u00fchjahr 1965 wurde eine Gruppe von Studenten in den Hidaka- Bergen auf Hokkaid\u00f4 in Japan von einem riesigen Schneebrett erfasst und versch\u00fcttet. Nur einer der Studenten \u00fcberlebte drei Tage lang in der Lawine gefangen und hinterlie\u00df mit Papier und Bleistift verfasste Notizen.<\/p>","protected":false},"featured_media":36327,"template":"","meta":[],"product_brand":[],"product_cat":[21629],"product_tag":[],"class_list":{"0":"post-150547","1":"product","2":"type-product","3":"status-publish","4":"has-post-thumbnail","6":"product_cat-belletristik","7":"pa_autor-tatematsu","8":"pa_erscheinungsjahr-21621","9":"pa_region-asien","10":"pa_sprache-de","12":"first","13":"instock","14":"taxable","15":"shipping-taxable","16":"purchasable","17":"product-type-simple"},"_links":{"self":[{"href":"https:\/\/pizbube.ch\/en\/wp-json\/wp\/v2\/product\/150547","targetHints":{"allow":["GET"]}}],"collection":[{"href":"https:\/\/pizbube.ch\/en\/wp-json\/wp\/v2\/product"}],"about":[{"href":"https:\/\/pizbube.ch\/en\/wp-json\/wp\/v2\/types\/product"}],"wp:featuredmedia":[{"embeddable":true,"href":"https:\/\/pizbube.ch\/en\/wp-json\/wp\/v2\/media\/36327"}],"wp:attachment":[{"href":"https:\/\/pizbube.ch\/en\/wp-json\/wp\/v2\/media?parent=150547"}],"wp:term":[{"taxonomy":"product_brand","embeddable":true,"href":"https:\/\/pizbube.ch\/en\/wp-json\/wp\/v2\/product_brand?post=150547"},{"taxonomy":"product_cat","embeddable":true,"href":"https:\/\/pizbube.ch\/en\/wp-json\/wp\/v2\/product_cat?post=150547"},{"taxonomy":"product_tag","embeddable":true,"href":"https:\/\/pizbube.ch\/en\/wp-json\/wp\/v2\/product_tag?post=150547"}],"curies":[{"name":"wp","href":"https:\/\/api.w.org\/{rel}","templated":true}]}}