{"id":150548,"date":"2021-01-15T11:02:41","date_gmt":"2021-01-15T11:02:41","guid":{"rendered":"https:\/\/codengine3.ch\/?product=import-placeholder-for-205782"},"modified":"2021-01-15T14:43:54","modified_gmt":"2021-01-15T14:43:54","slug":"am-schattenberg","status":"publish","type":"product","link":"https:\/\/pizbube.ch\/en\/shop\/am-schattenberg\/","title":{"rendered":"Am Schattenberg"},"content":{"rendered":"<p>Roman einer Familie.  <\/p>\n<p>Eine untergegangene Welt &#8211; Familienepos, Sittenroman, erz\u00e4hlte Zeitgeschichte:<br \/>\nAll dies vereint das Romandeb\u00fct des Walliser Autors Otto Zumoberhaus.<br \/>\nAm Anfang dieser Geschichte eines Bergdorfs steht eine S\u00fcnde, die den jungen<br \/>\nChristian Zenthelen und seine Frau auf eine harte Probe stellt und die<br \/>\nMenschen am Schattenberg nachhaltig aufw\u00fchlt. Aber Christian, von den Leuten<br \/>\n&#8218;der Rotbart-Chrischti&#8216; genannt, wehrt sich gegen die Schicksalsschl\u00e4ge, die<br \/>\nfalsche Fr\u00f6mmigkeit der Dorfgemeinschaft und die m\u00e4chtige Patrizierfamilie.<br \/>\nBeharrlich geht er seinen Weg und sorgt f\u00fcr den Weiterbestand seines Namens.<br \/>\nDoch nicht nur das Archaische, sondern auch die Moderne setzt der Familie zu.<br \/>\nUnd so ist dieser Generationenroman ebenfalls eine Geschichte \u00fcber<br \/>\nIndustrialisierung, Migration, Krieg, Eisenbahnbau und das Br\u00f6ckeln alter<br \/>\nM\u00e4chte. W\u00e4hrend der Autor den Bogen von der Mitte des 19. Jahrhunderts bis in<br \/>\nunsere Gegenwart spannt, sp\u00fcrt er den Verschr\u00e4nkungen von gro\u00dfer und kleiner<br \/>\nGeschichte nach. Denn im Mikrokosmos des Schattenbergs und seiner<br \/>\ntheater\u00adverr\u00fcckten Leute widerspiegelt sich immer auch das Weltgeschehen. 400<br \/>\nS.  <\/p>","protected":false},"excerpt":{"rendered":"<p>Roman einer Familie. Eine untergegangene Welt &#8211; Familienepos, Sittenroman, erz\u00e4hlte Zeitgeschichte: All dies vereint das Romandeb\u00fct des Walliser Autors Otto Zumoberhaus. Am Anfang dieser Geschichte eines Bergdorfs steht eine S\u00fcnde, die den jungen Christian Zenthelen und seine Frau auf eine harte Probe stellt und die Menschen am Schattenberg nachhaltig aufw\u00fchlt. Aber Christian, von den Leuten [&#8230;]\n","protected":false},"featured_media":34602,"template":"","meta":[],"product_brand":[],"product_cat":[21629],"product_tag":[],"class_list":{"0":"post-150548","1":"product","2":"type-product","3":"status-publish","4":"has-post-thumbnail","6":"product_cat-belletristik","7":"pa_autor-zumoberhaus","8":"pa_erscheinungsjahr-21693","9":"pa_region-schweiz","10":"pa_sprache-de","12":"first","13":"instock","14":"taxable","15":"shipping-taxable","16":"purchasable","17":"product-type-simple"},"_links":{"self":[{"href":"https:\/\/pizbube.ch\/en\/wp-json\/wp\/v2\/product\/150548","targetHints":{"allow":["GET"]}}],"collection":[{"href":"https:\/\/pizbube.ch\/en\/wp-json\/wp\/v2\/product"}],"about":[{"href":"https:\/\/pizbube.ch\/en\/wp-json\/wp\/v2\/types\/product"}],"wp:featuredmedia":[{"embeddable":true,"href":"https:\/\/pizbube.ch\/en\/wp-json\/wp\/v2\/media\/34602"}],"wp:attachment":[{"href":"https:\/\/pizbube.ch\/en\/wp-json\/wp\/v2\/media?parent=150548"}],"wp:term":[{"taxonomy":"product_brand","embeddable":true,"href":"https:\/\/pizbube.ch\/en\/wp-json\/wp\/v2\/product_brand?post=150548"},{"taxonomy":"product_cat","embeddable":true,"href":"https:\/\/pizbube.ch\/en\/wp-json\/wp\/v2\/product_cat?post=150548"},{"taxonomy":"product_tag","embeddable":true,"href":"https:\/\/pizbube.ch\/en\/wp-json\/wp\/v2\/product_tag?post=150548"}],"curies":[{"name":"wp","href":"https:\/\/api.w.org\/{rel}","templated":true}]}}