{"id":150549,"date":"2021-01-15T11:02:41","date_gmt":"2021-01-15T11:02:41","guid":{"rendered":"https:\/\/codengine3.ch\/?product=import-placeholder-for-206173"},"modified":"2021-01-15T14:46:59","modified_gmt":"2021-01-15T14:46:59","slug":"la-grande-peur-dans-la-montagne","status":"publish","type":"product","link":"https:\/\/pizbube.ch\/en\/shop\/la-grande-peur-dans-la-montagne\/","title":{"rendered":"La Grande Peur dans la montagne"},"content":{"rendered":"<p>Une \u00e9dition limit\u00e9e du grand roman de Ramuz, illustr\u00e9e d\u2019aquarelles in\u00e9dites<br \/>\nde Samivel.<br \/>\n\u00c0 l\u2019alpage, se succ\u00e8dent des faits \u00e9tranges: naturels ou surnaturels?<br \/>\nQu\u2019importe! Une grande peur s\u2019installe dans la montagne, dont rend compte,<br \/>\nmagistralement, cette chronique qui imposa Ramuz en France.  <\/p>\n<p>Cette \u00e9dition limit\u00e9e du roman de Ramuz est illustr\u00e9e d\u2019aquarelles in\u00e9dites de<br \/>\nSamivel (1907-1992), retrouv\u00e9es r\u00e9cemment et encore jamais publi\u00e9es.<br \/>\nUn livre publi\u00e9 en collaboration avec les associations Les Amis de Ramuz et<br \/>\nLes Amis de Samivel  <\/p>","protected":false},"excerpt":{"rendered":"<p>Une \u00e9dition limit\u00e9e du grand roman de Ramuz, illustr\u00e9e d\u2019aquarelles in\u00e9dites de Samivel. \u00c0 l\u2019alpage, se succ\u00e8dent des faits \u00e9tranges: naturels ou surnaturels? Qu\u2019importe! Une grande peur s\u2019installe dans la montagne, dont rend compte, magistralement, cette chronique qui imposa Ramuz en France. Cette \u00e9dition limit\u00e9e du roman de Ramuz est illustr\u00e9e d\u2019aquarelles in\u00e9dites de Samivel [&#8230;]\n","protected":false},"featured_media":35115,"template":"","meta":[],"product_brand":[],"product_cat":[21629],"product_tag":[],"class_list":{"0":"post-150549","1":"product","2":"type-product","3":"status-publish","4":"has-post-thumbnail","6":"product_cat-belletristik","7":"pa_autor-ramuz","8":"pa_erscheinungsjahr-21693","9":"pa_region-schweiz","10":"pa_sprache-fr","12":"first","13":"instock","14":"taxable","15":"shipping-taxable","16":"purchasable","17":"product-type-simple"},"_links":{"self":[{"href":"https:\/\/pizbube.ch\/en\/wp-json\/wp\/v2\/product\/150549","targetHints":{"allow":["GET"]}}],"collection":[{"href":"https:\/\/pizbube.ch\/en\/wp-json\/wp\/v2\/product"}],"about":[{"href":"https:\/\/pizbube.ch\/en\/wp-json\/wp\/v2\/types\/product"}],"wp:featuredmedia":[{"embeddable":true,"href":"https:\/\/pizbube.ch\/en\/wp-json\/wp\/v2\/media\/35115"}],"wp:attachment":[{"href":"https:\/\/pizbube.ch\/en\/wp-json\/wp\/v2\/media?parent=150549"}],"wp:term":[{"taxonomy":"product_brand","embeddable":true,"href":"https:\/\/pizbube.ch\/en\/wp-json\/wp\/v2\/product_brand?post=150549"},{"taxonomy":"product_cat","embeddable":true,"href":"https:\/\/pizbube.ch\/en\/wp-json\/wp\/v2\/product_cat?post=150549"},{"taxonomy":"product_tag","embeddable":true,"href":"https:\/\/pizbube.ch\/en\/wp-json\/wp\/v2\/product_tag?post=150549"}],"curies":[{"name":"wp","href":"https:\/\/api.w.org\/{rel}","templated":true}]}}