{"id":150551,"date":"2021-01-15T11:02:41","date_gmt":"2021-01-15T11:02:41","guid":{"rendered":"https:\/\/codengine3.ch\/?product=import-placeholder-for-201001"},"modified":"2026-02-18T12:37:01","modified_gmt":"2026-02-18T11:37:01","slug":"kilchenstock","status":"publish","type":"product","link":"https:\/\/pizbube.ch\/en\/shop\/kilchenstock\/","title":{"rendered":"Kilchenstock &#8211; Der drohende Bergsturz"},"content":{"rendered":"<p><span class=\"value\">Vor hundert Jahren drohte ein Bergsturz vom Kilchenstock das Glarner Dorf Linthal zu zerst\u00f6ren. Der auf Fakten basierende historische Roman von Emil Zopfi erz\u00e4hlt von der Gef\u00e4hrdung der Menschen durch die Naturgewalt. Ein Drama, das sich heute wegen dem Klimawandel an immer mehr Orten in den Alpen \u00e4hnlich wiederholt. <\/span><\/p>\n<p><span class=\"value\">Zum Beispiel in Schwanden, nicht weit von Linthal entfernt. \u00abEine f\u00fcrchterliche Katastrophe ist so wahrscheinlich, dass Schweigen meinerseits mir als ein Verbrechen erschiene\u00bb, schrieb der Geologe Albert Heim im November 1928 an den Landammann des Kantons Glarus. Am Kilchenstock \u00fcber Linthal haben sich Felsmassen gel\u00f6st, ein Bergsturz bahnt sich an. Als der Regierungsrat beschliesst, das Dorf zu evakuieren, weigern sich einige Bewohner in Notunterk\u00fcnfte zu ziehen. Das Milit\u00e4r muss die Menschen zum Umzug bewegen. In den gleichen Jahren st\u00fcrzt die grosse Weltwirtschaftskrise auch Linthal in Not: Fabriken entlassen Arbeiterinnen und Arbeiter, Familien verlieren ihre Existenz. Verunsicherte Menschen suchen ihr Heil in nationalen Bewegungen. <\/span><\/p>\n<p><span class=\"value\">Der Dorfpfarrer Friedrich Frey ist einer der wenigen, der in dieser schwierigen Zeit die Hoffnung nicht verliert. Er leitet eine Hilfsaktion, k\u00e4mpft gegen soziales Elend, politische Hetze und den Zerfall der Solidarit\u00e4t. Immer wieder steigt er auf den Berg und registriert mit wissenschaftlicher Pr\u00e4zision die unaufhaltsame Bewegung der Gesteinsmassen auf Linthal zu.<\/span><\/p>\n<p>336 Seiten, gebunden<br \/>\n1. Auflage 2025<\/p>","protected":false},"excerpt":{"rendered":"<p>Vor hundert Jahren drohte ein Bergsturz vom Kilchenstock das Glarner Dorf Linthal zu zerst\u00f6ren. Der auf Fakten basierende historische Roman von Emil Zopfi erz\u00e4hlt von der Gef\u00e4hrdung der Menschen durch die Naturgewalt. Ein Drama, das sich heute wegen dem Klimawandel an immer mehr Orten in den Alpen \u00e4hnlich wiederholt. Zum Beispiel in Schwanden, nicht weit [&#8230;]\n","protected":false},"featured_media":182160,"template":"","meta":[],"product_brand":[],"product_cat":[21629],"product_tag":[],"class_list":{"0":"post-150551","1":"product","2":"type-product","3":"status-publish","4":"has-post-thumbnail","6":"product_cat-belletristik","7":"pa_autor-zopfi","8":"pa_erscheinungsjahr-27415","9":"pa_region-schweiz","10":"pa_sprache-de","12":"first","13":"instock","14":"taxable","15":"shipping-taxable","16":"purchasable","17":"product-type-simple"},"_links":{"self":[{"href":"https:\/\/pizbube.ch\/en\/wp-json\/wp\/v2\/product\/150551","targetHints":{"allow":["GET"]}}],"collection":[{"href":"https:\/\/pizbube.ch\/en\/wp-json\/wp\/v2\/product"}],"about":[{"href":"https:\/\/pizbube.ch\/en\/wp-json\/wp\/v2\/types\/product"}],"wp:featuredmedia":[{"embeddable":true,"href":"https:\/\/pizbube.ch\/en\/wp-json\/wp\/v2\/media\/182160"}],"wp:attachment":[{"href":"https:\/\/pizbube.ch\/en\/wp-json\/wp\/v2\/media?parent=150551"}],"wp:term":[{"taxonomy":"product_brand","embeddable":true,"href":"https:\/\/pizbube.ch\/en\/wp-json\/wp\/v2\/product_brand?post=150551"},{"taxonomy":"product_cat","embeddable":true,"href":"https:\/\/pizbube.ch\/en\/wp-json\/wp\/v2\/product_cat?post=150551"},{"taxonomy":"product_tag","embeddable":true,"href":"https:\/\/pizbube.ch\/en\/wp-json\/wp\/v2\/product_tag?post=150551"}],"curies":[{"name":"wp","href":"https:\/\/api.w.org\/{rel}","templated":true}]}}