{"id":150554,"date":"2021-01-15T11:02:41","date_gmt":"2021-01-15T11:02:41","guid":{"rendered":"https:\/\/codengine3.ch\/?product=import-placeholder-for-205544"},"modified":"2021-01-15T14:42:05","modified_gmt":"2021-01-15T14:42:05","slug":"legende-greina","status":"publish","type":"product","link":"https:\/\/pizbube.ch\/en\/shop\/legende-greina\/","title":{"rendered":"Legende Greina"},"content":{"rendered":"<p>Der Name Greina ist international zum Synonym f\u00fcr Gew\u00e4sserschutz und f\u00fcr eine<br \/>\numweltfreundliche Energiepolitik geworden. Anl\u00e4sslich ihres 20-j\u00e4hrigen<br \/>\nJubil\u00e4ums legt die Greina-Stiftung diesen reich illustrierten Band mit Texten<br \/>\nund Fotografien vor.  <\/p>\n<p>31 ganzseitige Fotos von Herbert Maeder, 5 Bilder von Bryan Cyril Thurston und<br \/>\n5 Karikaturen von Hans Moser begleiten die 51 Textbeitr\u00e4ge namhafter<br \/>\nPers\u00f6nlichkeiten. Unter anderen \u00e4ussern sich in der \u00abLegende Greina\u00bb<br \/>\nSchriftsteller wie Peter von Matt, Adolf Muschg und Leo Tuor, sowie e.<br \/>\nNationalr\u00e4tin Lili Nabholz, der e. Pr\u00e4sident des Europ\u00e4ischen Gerichtshofes<br \/>\nf\u00fcr Menschenrechte in Strasbourg Luzius Wildhaber, Staatsrechtsprofessor und<br \/>\ne. St\u00e4nderat Ren\u00e9 Rhinow, die Tessiner Grossr\u00e4tin Eva Feistmann, St\u00e4nderat<br \/>\nEugen David, Nationalr\u00e4tin Anne-Catherine Men\u00e9trey-Savary, Professor f\u00fcr<br \/>\nRechtsgeschichte Michele Luminati, Nationalrat Martin Bundi, Architekt<br \/>\nChristian Caduff, Rechtsprofessor Manfred Rehbinder; Einleitung von<br \/>\nNationalr\u00e4tin<br \/>\nHildegard F\u00e4ssler und Iso Camartin, Ausblick von Gallus Cadonau.  <\/p>","protected":false},"excerpt":{"rendered":"<p>Der Name Greina ist international zum Synonym f\u00fcr Gew\u00e4sserschutz und f\u00fcr eine umweltfreundliche Energiepolitik geworden. Anl\u00e4sslich ihres 20-j\u00e4hrigen Jubil\u00e4ums legt die Greina-Stiftung diesen reich illustrierten Band mit Texten und Fotografien vor. 31 ganzseitige Fotos von Herbert Maeder, 5 Bilder von Bryan Cyril Thurston und 5 Karikaturen von Hans Moser begleiten die 51 Textbeitr\u00e4ge namhafter Pers\u00f6nlichkeiten. [&#8230;]\n","protected":false},"featured_media":34288,"template":"","meta":[],"product_brand":[],"product_cat":[21542],"product_tag":[],"class_list":{"0":"post-150554","1":"product","2":"type-product","3":"status-publish","4":"has-post-thumbnail","6":"product_cat-sachbuecher-dokumentationen","7":"pa_autor-greina-stiftung","8":"pa_erscheinungsjahr-21842","9":"pa_region-schweiz","10":"pa_sprache-de","12":"first","13":"outofstock","14":"taxable","15":"shipping-taxable","16":"purchasable","17":"product-type-simple"},"_links":{"self":[{"href":"https:\/\/pizbube.ch\/en\/wp-json\/wp\/v2\/product\/150554","targetHints":{"allow":["GET"]}}],"collection":[{"href":"https:\/\/pizbube.ch\/en\/wp-json\/wp\/v2\/product"}],"about":[{"href":"https:\/\/pizbube.ch\/en\/wp-json\/wp\/v2\/types\/product"}],"wp:featuredmedia":[{"embeddable":true,"href":"https:\/\/pizbube.ch\/en\/wp-json\/wp\/v2\/media\/34288"}],"wp:attachment":[{"href":"https:\/\/pizbube.ch\/en\/wp-json\/wp\/v2\/media?parent=150554"}],"wp:term":[{"taxonomy":"product_brand","embeddable":true,"href":"https:\/\/pizbube.ch\/en\/wp-json\/wp\/v2\/product_brand?post=150554"},{"taxonomy":"product_cat","embeddable":true,"href":"https:\/\/pizbube.ch\/en\/wp-json\/wp\/v2\/product_cat?post=150554"},{"taxonomy":"product_tag","embeddable":true,"href":"https:\/\/pizbube.ch\/en\/wp-json\/wp\/v2\/product_tag?post=150554"}],"curies":[{"name":"wp","href":"https:\/\/api.w.org\/{rel}","templated":true}]}}