{"id":150555,"date":"2021-01-15T11:02:41","date_gmt":"2021-01-15T11:02:41","guid":{"rendered":"https:\/\/codengine3.ch\/?product=import-placeholder-for-203903"},"modified":"2021-01-15T14:27:42","modified_gmt":"2021-01-15T14:27:42","slug":"greina-unsere-tundra","status":"publish","type":"product","link":"https:\/\/pizbube.ch\/en\/shop\/greina-unsere-tundra\/","title":{"rendered":"Greina unsere Tundra"},"content":{"rendered":"<p>Dieses B\u00fcchlein beschreibt die Gegend der Greina. Dies sowohl als<br \/>\nWandergebiet, indem es verschiedene ein- oder mehrt\u00e4gige Routen vorschl\u00e4gt,<br \/>\nals auch vom wissenschaftlichen Standpunkt aus, den die Publikation mit dem<br \/>\nBeschrieb der Eigenheiten und Merkw\u00fcrdigkeiten der Blumen- und Tierwelt dieser<br \/>\nfaszinierenden Hochebene ber\u00fccksichtigt. Verschiedene schwarz\/weisse und<br \/>\nfarbige Abbildungen, 64 S.<\/p>","protected":false},"excerpt":{"rendered":"<p>Dieses B\u00fcchlein beschreibt die Gegend der Greina. Dies sowohl als Wandergebiet, indem es verschiedene ein- oder mehrt\u00e4gige Routen vorschl\u00e4gt, als auch vom wissenschaftlichen Standpunkt aus, den die Publikation mit dem Beschrieb der Eigenheiten und Merkw\u00fcrdigkeiten der Blumen- und Tierwelt dieser faszinierenden Hochebene ber\u00fccksichtigt. Verschiedene schwarz\/weisse und farbige Abbildungen, 64 S.<\/p>","protected":false},"featured_media":31613,"template":"","meta":[],"product_brand":[],"product_cat":[21542],"product_tag":[],"class_list":{"0":"post-150555","1":"product","2":"type-product","3":"status-publish","4":"has-post-thumbnail","6":"product_cat-sachbuecher-dokumentationen","7":"pa_autor-valsecchi","8":"pa_erscheinungsjahr-22292","9":"pa_region-schweiz","10":"pa_sprache-de","12":"first","13":"outofstock","14":"taxable","15":"shipping-taxable","16":"purchasable","17":"product-type-simple"},"_links":{"self":[{"href":"https:\/\/pizbube.ch\/en\/wp-json\/wp\/v2\/product\/150555","targetHints":{"allow":["GET"]}}],"collection":[{"href":"https:\/\/pizbube.ch\/en\/wp-json\/wp\/v2\/product"}],"about":[{"href":"https:\/\/pizbube.ch\/en\/wp-json\/wp\/v2\/types\/product"}],"wp:featuredmedia":[{"embeddable":true,"href":"https:\/\/pizbube.ch\/en\/wp-json\/wp\/v2\/media\/31613"}],"wp:attachment":[{"href":"https:\/\/pizbube.ch\/en\/wp-json\/wp\/v2\/media?parent=150555"}],"wp:term":[{"taxonomy":"product_brand","embeddable":true,"href":"https:\/\/pizbube.ch\/en\/wp-json\/wp\/v2\/product_brand?post=150555"},{"taxonomy":"product_cat","embeddable":true,"href":"https:\/\/pizbube.ch\/en\/wp-json\/wp\/v2\/product_cat?post=150555"},{"taxonomy":"product_tag","embeddable":true,"href":"https:\/\/pizbube.ch\/en\/wp-json\/wp\/v2\/product_tag?post=150555"}],"curies":[{"name":"wp","href":"https:\/\/api.w.org\/{rel}","templated":true}]}}