{"id":150556,"date":"2021-01-15T11:02:41","date_gmt":"2021-01-15T11:02:41","guid":{"rendered":"https:\/\/codengine3.ch\/?product=import-placeholder-for-201266"},"modified":"2021-01-15T12:00:05","modified_gmt":"2021-01-15T12:00:05","slug":"adalina","status":"publish","type":"product","link":"https:\/\/pizbube.ch\/en\/shop\/adalina\/","title":{"rendered":"Adalina"},"content":{"rendered":"<p>Roman \u00fcber eine Heimkehr nach Graub\u00fcnden.<br \/>\nPeter Hamm feierte den Roman als &#8218;das literarische Ereignis der Saison&#8216;, und<br \/>\nheute noch wandern Graub\u00fcnden-Reisende mit dem Buch in der Hand seine<br \/>\nHandlungsorte ab &#8211; mit &#8218;Adalina&#8216;, der wilden Liebesgeschichte, katapultierte<br \/>\nsich Silvio Huonder in die erste Riege der Gegenwartsautoren der Schweiz.<br \/>\nEndlich ist sein Deb\u00fct, das Buch, &#8218;bei dem man sich von Tag zu Tag freut, dass<br \/>\nman es morgen weiterlesen kann&#8216; (Michael Wildenhain), wieder greifbar.  <\/p>","protected":false},"excerpt":{"rendered":"<p>Roman \u00fcber eine Heimkehr nach Graub\u00fcnden. Peter Hamm feierte den Roman als &#8218;das literarische Ereignis der Saison&#8216;, und heute noch wandern Graub\u00fcnden-Reisende mit dem Buch in der Hand seine Handlungsorte ab &#8211; mit &#8218;Adalina&#8216;, der wilden Liebesgeschichte, katapultierte sich Silvio Huonder in die erste Riege der Gegenwartsautoren der Schweiz. Endlich ist sein Deb\u00fct, das Buch, [&#8230;]\n","protected":false},"featured_media":28559,"template":"","meta":[],"product_brand":[],"product_cat":[21629],"product_tag":[],"class_list":{"0":"post-150556","1":"product","2":"type-product","3":"status-publish","4":"has-post-thumbnail","6":"product_cat-belletristik","7":"pa_autor-huonder","8":"pa_erscheinungsjahr-21693","9":"pa_region-schweiz","10":"pa_sprache-de","12":"first","13":"instock","14":"taxable","15":"shipping-taxable","16":"purchasable","17":"product-type-simple"},"_links":{"self":[{"href":"https:\/\/pizbube.ch\/en\/wp-json\/wp\/v2\/product\/150556","targetHints":{"allow":["GET"]}}],"collection":[{"href":"https:\/\/pizbube.ch\/en\/wp-json\/wp\/v2\/product"}],"about":[{"href":"https:\/\/pizbube.ch\/en\/wp-json\/wp\/v2\/types\/product"}],"wp:featuredmedia":[{"embeddable":true,"href":"https:\/\/pizbube.ch\/en\/wp-json\/wp\/v2\/media\/28559"}],"wp:attachment":[{"href":"https:\/\/pizbube.ch\/en\/wp-json\/wp\/v2\/media?parent=150556"}],"wp:term":[{"taxonomy":"product_brand","embeddable":true,"href":"https:\/\/pizbube.ch\/en\/wp-json\/wp\/v2\/product_brand?post=150556"},{"taxonomy":"product_cat","embeddable":true,"href":"https:\/\/pizbube.ch\/en\/wp-json\/wp\/v2\/product_cat?post=150556"},{"taxonomy":"product_tag","embeddable":true,"href":"https:\/\/pizbube.ch\/en\/wp-json\/wp\/v2\/product_tag?post=150556"}],"curies":[{"name":"wp","href":"https:\/\/api.w.org\/{rel}","templated":true}]}}