{"id":150557,"date":"2021-01-15T11:02:41","date_gmt":"2021-01-15T11:02:41","guid":{"rendered":"https:\/\/codengine3.ch\/?product=import-placeholder-for-204593"},"modified":"2021-01-15T14:34:42","modified_gmt":"2021-01-15T14:34:42","slug":"orte-der-magie-val-lumnezia","status":"publish","type":"product","link":"https:\/\/pizbube.ch\/en\/shop\/orte-der-magie-val-lumnezia\/","title":{"rendered":"Orte der Magie \u2013 Val Lumnezia"},"content":{"rendered":"<p>Wanderungen zu kraftvollen Pl\u00e4tzen in der Val Lumnezia  <\/p>\n<p>Das handliche Wanderb\u00fcchlein f\u00fchrt zu magischen St\u00e4tten voller Geschichte,<br \/>\nBrauchtum und Kraft in die l\u00e4ndliche Idylle der Val Lumnezia, des gr\u00f6ssten<br \/>\nSeitentals der Surselva. Wie in \u00abOrte des Staunens \u2013 Heidiland\u00bb, dem ersten<br \/>\nBand der \u00abSchweizer Kraftorte\u00bb, folgt das Buch den Spuren der fr\u00fcheren<br \/>\nMenschen, ihren Ritual- und Kultorten. Exakte Wanderbeschreibungen samt<br \/>\nKartenausschnitten, grossartige Farbfotos und viel Hintergrundwissen \u00fcber Orte<br \/>\nder Kraft und deren Wirkung sowie \u00fcber das damalige und heutige Leben im Tal<br \/>\ndes Lichts erwarten den Leser, die Leserin.<\/p>\n<p>Abgerundet wird jede Wanderung mit Hinweisen auf typische Pflanzen, die in<br \/>\nregionalen, \u00fcberlieferten alten Rezepten ihren Platz finden und zum Sammeln<br \/>\nund Nachkochen einladen.<\/p>\n<p>Mit regionalen Wildpflanzenrezepten.<\/p>","protected":false},"excerpt":{"rendered":"<p>Wanderungen zu kraftvollen Pl\u00e4tzen in der Val Lumnezia Das handliche Wanderb\u00fcchlein f\u00fchrt zu magischen St\u00e4tten voller Geschichte, Brauchtum und Kraft in die l\u00e4ndliche Idylle der Val Lumnezia, des gr\u00f6ssten Seitentals der Surselva. Wie in \u00abOrte des Staunens \u2013 Heidiland\u00bb, dem ersten Band der \u00abSchweizer Kraftorte\u00bb, folgt das Buch den Spuren der fr\u00fcheren Menschen, ihren Ritual- [&#8230;]\n","protected":false},"featured_media":32745,"template":"","meta":[],"product_brand":[],"product_cat":[21605],"product_tag":[],"class_list":{"0":"post-150557","1":"product","2":"type-product","3":"status-publish","4":"has-post-thumbnail","6":"product_cat-wanderfuehrer-trekking","7":"pa_autor-caminada-fischbacher","8":"pa_erscheinungsjahr-21597","9":"pa_region-schweiz","10":"pa_sprache-de","12":"first","13":"instock","14":"taxable","15":"shipping-taxable","16":"purchasable","17":"product-type-simple"},"_links":{"self":[{"href":"https:\/\/pizbube.ch\/en\/wp-json\/wp\/v2\/product\/150557","targetHints":{"allow":["GET"]}}],"collection":[{"href":"https:\/\/pizbube.ch\/en\/wp-json\/wp\/v2\/product"}],"about":[{"href":"https:\/\/pizbube.ch\/en\/wp-json\/wp\/v2\/types\/product"}],"wp:featuredmedia":[{"embeddable":true,"href":"https:\/\/pizbube.ch\/en\/wp-json\/wp\/v2\/media\/32745"}],"wp:attachment":[{"href":"https:\/\/pizbube.ch\/en\/wp-json\/wp\/v2\/media?parent=150557"}],"wp:term":[{"taxonomy":"product_brand","embeddable":true,"href":"https:\/\/pizbube.ch\/en\/wp-json\/wp\/v2\/product_brand?post=150557"},{"taxonomy":"product_cat","embeddable":true,"href":"https:\/\/pizbube.ch\/en\/wp-json\/wp\/v2\/product_cat?post=150557"},{"taxonomy":"product_tag","embeddable":true,"href":"https:\/\/pizbube.ch\/en\/wp-json\/wp\/v2\/product_tag?post=150557"}],"curies":[{"name":"wp","href":"https:\/\/api.w.org\/{rel}","templated":true}]}}