{"id":150558,"date":"2021-01-15T11:02:41","date_gmt":"2021-01-15T11:02:41","guid":{"rendered":"https:\/\/codengine3.ch\/?product=import-placeholder-for-201015"},"modified":"2021-01-15T11:02:52","modified_gmt":"2021-01-15T11:02:52","slug":"la-greina-und-flusslandschaften-im-wallis","status":"publish","type":"product","link":"https:\/\/pizbube.ch\/en\/shop\/la-greina-und-flusslandschaften-im-wallis\/","title":{"rendered":"La Greina und Flusslandschaften im Wallis"},"content":{"rendered":"<p>Das Hochtal zwischen Sumvitg und Blenio: Bildband \u00fcber das bekannte Hochtal.<br \/>\nEine der sch\u00f6nsten inneralpinen Gebirgslandschaften, die vor der \u00dcberflutung<br \/>\ndurch einen Stausee gerettet werden konnte, wird in diesem Bild- und Textband<br \/>\nvon verschiedenen Menschen und aus verschiedenen Blickwinkeln auf<br \/>\nunvergleichliche und unvergessliche Weise portr\u00e4tiert. 3. erweiterte Auflg.<\/p>","protected":false},"excerpt":{"rendered":"<p>Das Hochtal zwischen Sumvitg und Blenio: Bildband \u00fcber das bekannte Hochtal. Eine der sch\u00f6nsten inneralpinen Gebirgslandschaften, die vor der \u00dcberflutung durch einen Stausee gerettet werden konnte, wird in diesem Bild- und Textband von verschiedenen Menschen und aus verschiedenen Blickwinkeln auf unvergleichliche und unvergessliche Weise portr\u00e4tiert. 3. erweiterte Auflg.<\/p>","protected":false},"featured_media":28163,"template":"","meta":[],"product_brand":[],"product_cat":[21542],"product_tag":[],"class_list":{"0":"post-150558","1":"product","2":"type-product","3":"status-publish","4":"has-post-thumbnail","6":"product_cat-sachbuecher-dokumentationen","7":"pa_autor-maeder-greina-stiftung","8":"pa_erscheinungsjahr-22292","9":"pa_region-schweiz","10":"pa_sprache-de","12":"first","13":"outofstock","14":"taxable","15":"shipping-taxable","16":"purchasable","17":"product-type-simple"},"_links":{"self":[{"href":"https:\/\/pizbube.ch\/en\/wp-json\/wp\/v2\/product\/150558","targetHints":{"allow":["GET"]}}],"collection":[{"href":"https:\/\/pizbube.ch\/en\/wp-json\/wp\/v2\/product"}],"about":[{"href":"https:\/\/pizbube.ch\/en\/wp-json\/wp\/v2\/types\/product"}],"wp:featuredmedia":[{"embeddable":true,"href":"https:\/\/pizbube.ch\/en\/wp-json\/wp\/v2\/media\/28163"}],"wp:attachment":[{"href":"https:\/\/pizbube.ch\/en\/wp-json\/wp\/v2\/media?parent=150558"}],"wp:term":[{"taxonomy":"product_brand","embeddable":true,"href":"https:\/\/pizbube.ch\/en\/wp-json\/wp\/v2\/product_brand?post=150558"},{"taxonomy":"product_cat","embeddable":true,"href":"https:\/\/pizbube.ch\/en\/wp-json\/wp\/v2\/product_cat?post=150558"},{"taxonomy":"product_tag","embeddable":true,"href":"https:\/\/pizbube.ch\/en\/wp-json\/wp\/v2\/product_tag?post=150558"}],"curies":[{"name":"wp","href":"https:\/\/api.w.org\/{rel}","templated":true}]}}