{"id":150559,"date":"2021-01-15T11:02:41","date_gmt":"2021-01-15T11:02:41","guid":{"rendered":"https:\/\/codengine3.ch\/?product=import-placeholder-for-202928"},"modified":"2024-08-09T12:59:40","modified_gmt":"2024-08-09T10:59:40","slug":"surselva-wanderfuehrer","status":"publish","type":"product","link":"https:\/\/pizbube.ch\/en\/shop\/surselva-wanderfuehrer\/","title":{"rendered":"Surselva Wanderf\u00fchrer"},"content":{"rendered":"<p><span class=\"value\">Grandiose Landschaften und hohe Gipfelziele: Die Surselva, auch bekannt als \u00bbB\u00fcndner Oberland\u00ab oder \u00bbVorderrheintal\u00ab, ist ein ausgesprochen vielseitiges Wanderrevier. Von stillen Spazierg\u00e4ngen und beschaulichen H\u00f6henwegen bis hin zu grandiosen Canyontrips und anspruchsvollen Hochgebirgstouren ist alles m\u00f6glich. Auch zahlreiche Zweitausender und etliche Dreitausender k\u00f6nnen hier relativ problemlos bestiegen werden. Auf 50 Routen f\u00fchrt der Rother Wanderf\u00fchrer \u00bbSurselva\u00ab den Wanderer zu den sch\u00f6nsten Flecken dieser Landschaft.<\/span><\/p>\n<p>Das Wandergebiet umfasst die ganze Surselva einschlie\u00dflich ihrer Seitent\u00e4ler sowie Abstecher ins benachbarte Tessin, ins Glarnerland und ins Gotthardmassiv \u2013 besonders spektakul\u00e4re Ausblicke erlauben die beiden Urschner H\u00f6henwege in der Region Andermatt. Aussichtsreiche Touren f\u00fchren auf die zauberhafte Greina-Hochebene, zum Eisstrom des Vorabgletschers, zur Rheinquelle am Tomasee und zu den bizarr gezackten Tschingelh\u00f6rnern.<\/p>\n<p>Eine \u00fcbersichtliche Kurzinfo, Wanderk\u00e4rtchen mit eingetragenem Routenverlauf, aussagekr\u00e4ftige H\u00f6henprofile und eine detaillierte Wegbeschreibung zu jeder Tour erleichtern die Auswahl und die Orientierung unterwegs. GPS-Tracks stehen zum Download zur Verf\u00fcgung. Zahlreiche Fotos vermitteln einen ersten Eindruck von der wunderbaren Landschaft. Die nun vorliegende sechste Auflage dieses bew\u00e4hrten Rother Wanderf\u00fchrers wurde sorgf\u00e4ltig aktualisiert.<\/p>\n<p>50 H\u00f6henprofile, 50 Wanderk\u00e4rtchen im Ma\u00dfstab 1:50.000 und 1:75.000, eine \u00dcbersichtskarte im Ma\u00dfstab 1:600.000<br \/>\n6., aktualisierte Auflage 2022<\/p>","protected":false},"excerpt":{"rendered":"<p>Grandiose Landschaften und hohe Gipfelziele: Die Surselva, auch bekannt als \u00bbB\u00fcndner Oberland\u00ab oder \u00bbVorderrheintal\u00ab, ist ein ausgesprochen vielseitiges Wanderrevier. Von stillen Spazierg\u00e4ngen und beschaulichen H\u00f6henwegen bis hin zu grandiosen Canyontrips und anspruchsvollen Hochgebirgstouren ist alles m\u00f6glich. Auch zahlreiche Zweitausender und etliche Dreitausender k\u00f6nnen hier relativ problemlos bestiegen werden. Auf 50 Routen f\u00fchrt der Rother Wanderf\u00fchrer [&#8230;]\n","protected":false},"featured_media":174290,"template":"","meta":[],"product_brand":[],"product_cat":[21605],"product_tag":[],"class_list":{"0":"post-150559","1":"product","2":"type-product","3":"status-publish","4":"has-post-thumbnail","6":"product_cat-wanderfuehrer-trekking","7":"pa_autor-goetz-schrammel","8":"pa_erscheinungsjahr-27013","9":"pa_region-schweiz","10":"pa_sprache-de","12":"first","13":"instock","14":"taxable","15":"shipping-taxable","16":"purchasable","17":"product-type-simple"},"_links":{"self":[{"href":"https:\/\/pizbube.ch\/en\/wp-json\/wp\/v2\/product\/150559","targetHints":{"allow":["GET"]}}],"collection":[{"href":"https:\/\/pizbube.ch\/en\/wp-json\/wp\/v2\/product"}],"about":[{"href":"https:\/\/pizbube.ch\/en\/wp-json\/wp\/v2\/types\/product"}],"wp:featuredmedia":[{"embeddable":true,"href":"https:\/\/pizbube.ch\/en\/wp-json\/wp\/v2\/media\/174290"}],"wp:attachment":[{"href":"https:\/\/pizbube.ch\/en\/wp-json\/wp\/v2\/media?parent=150559"}],"wp:term":[{"taxonomy":"product_brand","embeddable":true,"href":"https:\/\/pizbube.ch\/en\/wp-json\/wp\/v2\/product_brand?post=150559"},{"taxonomy":"product_cat","embeddable":true,"href":"https:\/\/pizbube.ch\/en\/wp-json\/wp\/v2\/product_cat?post=150559"},{"taxonomy":"product_tag","embeddable":true,"href":"https:\/\/pizbube.ch\/en\/wp-json\/wp\/v2\/product_tag?post=150559"}],"curies":[{"name":"wp","href":"https:\/\/api.w.org\/{rel}","templated":true}]}}