{"id":150560,"date":"2021-01-15T11:02:42","date_gmt":"2021-01-15T11:02:42","guid":{"rendered":"https:\/\/codengine3.ch\/?product=import-placeholder-for-207507"},"modified":"2021-01-15T16:04:05","modified_gmt":"2021-01-15T16:04:05","slug":"cavrein","status":"publish","type":"product","link":"https:\/\/pizbube.ch\/en\/shop\/cavrein\/","title":{"rendered":"Cavrein"},"content":{"rendered":"<p>Erz\u00e4hlung<\/p>\n<p>Was sind die Berge? Ein Bergtal? Was ist ein Berg mit seinen H\u00e4ngen, seinen<br \/>\nFelsen, Ger\u00f6llhalden, Bergnasen, Tobeln und Winkeln?<\/p>\n<p>Leo Tuor erz\u00e4hlt vom Scheitern eines J\u00e4gers und seiner Begleiter in der rauen<br \/>\nLandschaft von Cavrein. In der feuchten, kleinen H\u00fctte mit dem rauchenden Herd<br \/>\nverstauen sie ihren Zweiwochenproviant, brechen morgens in der Dunkelheit auf,<br \/>\nsteigen \u00fcber Alpweiden und S\u00fcmpfe, liegen speckkauend in den Felsen,<br \/>\nspionieren mit Feldstechern die Bergflanken ab, schleichen \u00fcber Ger\u00f6llhalden<br \/>\nund Felsb\u00e4nder, stolpern \u00fcber die Ruinen der H\u00fctte, von der aus Placidus<br \/>\nSpescha den T\u00f6di oder doch besser den Piz Russein in Angriff nahm, \u00fcber<br \/>\nTutenchamon und das Kloster Disentis, \u00fcber Reminiszenzen einer umfassenden<br \/>\nLekt\u00fcre \u00fcber Berge, Tiere, Tod und Literatur von Plinius bis Wittgenstein, von<br \/>\nDante bis Malaparte. Und \u00fcber Raskolnikow. Denn \u00abob eine Literatur etwas taugt<br \/>\noder nicht, l\u00e4sst sich daran erkennen, dass man ihren Figuren im Leben wieder<br \/>\nbegegnet\u00bb.<\/p>\n<p>2. Auflg. 2016<\/p>","protected":false},"excerpt":{"rendered":"<p>Erz\u00e4hlung Was sind die Berge? Ein Bergtal? Was ist ein Berg mit seinen H\u00e4ngen, seinen Felsen, Ger\u00f6llhalden, Bergnasen, Tobeln und Winkeln? Leo Tuor erz\u00e4hlt vom Scheitern eines J\u00e4gers und seiner Begleiter in der rauen Landschaft von Cavrein. In der feuchten, kleinen H\u00fctte mit dem rauchenden Herd verstauen sie ihren Zweiwochenproviant, brechen morgens in der Dunkelheit [&#8230;]\n","protected":false},"featured_media":37677,"template":"","meta":[],"product_brand":[],"product_cat":[21629],"product_tag":[],"class_list":{"0":"post-150560","1":"product","2":"type-product","3":"status-publish","4":"has-post-thumbnail","6":"product_cat-belletristik","7":"pa_autor-tuor","8":"pa_erscheinungsjahr-21571","9":"pa_region-schweiz","10":"pa_sprache-de","12":"first","13":"instock","14":"taxable","15":"shipping-taxable","16":"purchasable","17":"product-type-simple"},"_links":{"self":[{"href":"https:\/\/pizbube.ch\/en\/wp-json\/wp\/v2\/product\/150560","targetHints":{"allow":["GET"]}}],"collection":[{"href":"https:\/\/pizbube.ch\/en\/wp-json\/wp\/v2\/product"}],"about":[{"href":"https:\/\/pizbube.ch\/en\/wp-json\/wp\/v2\/types\/product"}],"wp:featuredmedia":[{"embeddable":true,"href":"https:\/\/pizbube.ch\/en\/wp-json\/wp\/v2\/media\/37677"}],"wp:attachment":[{"href":"https:\/\/pizbube.ch\/en\/wp-json\/wp\/v2\/media?parent=150560"}],"wp:term":[{"taxonomy":"product_brand","embeddable":true,"href":"https:\/\/pizbube.ch\/en\/wp-json\/wp\/v2\/product_brand?post=150560"},{"taxonomy":"product_cat","embeddable":true,"href":"https:\/\/pizbube.ch\/en\/wp-json\/wp\/v2\/product_cat?post=150560"},{"taxonomy":"product_tag","embeddable":true,"href":"https:\/\/pizbube.ch\/en\/wp-json\/wp\/v2\/product_tag?post=150560"}],"curies":[{"name":"wp","href":"https:\/\/api.w.org\/{rel}","templated":true}]}}