{"id":150561,"date":"2021-01-15T11:02:42","date_gmt":"2021-01-15T11:02:42","guid":{"rendered":"https:\/\/codengine3.ch\/?product=import-placeholder-for-207587"},"modified":"2021-01-15T16:04:55","modified_gmt":"2021-01-15T16:04:55","slug":"greina-2","status":"publish","type":"product","link":"https:\/\/pizbube.ch\/en\/shop\/greina-2\/","title":{"rendered":"Greina"},"content":{"rendered":"<p>Greina, ein Foto-Reisebuch<br \/>\nEin Buch \u00fcber die Greina Ebene und ihren Menschen, mit Landschaftsaufnahmen,<br \/>\nPortraits<\/p>\n<p>Im \u00abGreina\u00bb-Buch treffen die wundersch\u00f6nen Fotografien von Anne Gabriel-<br \/>\nJ\u00fcrgens auf poetische Texte und ausdrucksstarke Portraits.<\/p>\n<p>Die Hochebene Greina verbindet das Graub\u00fcnden mit dem Tessin. Die karge<br \/>\nLandschaft hat schon viele Rollen gespielt: sie war erst ein Handelsweg f\u00fcr<br \/>\ndie R\u00f6mer und sp\u00e4ter Sinnbild gegen die Ausbeutung der Natur. Die Fotografin<br \/>\nAnne Gabriel-Ju\u0308rgens hat die Seele der Greina festgehalten. Dabei<br \/>\nportr\u00e4tierte sie nicht nur die tundra-artige Gegend, sondern auch Menschen mit<br \/>\nstarkem Bezug dazu.<\/p>\n<p>1. Auflage 2017<br \/>\n34x25cm \/84 Seiten; Offset print Buch; Edition 500, nummeriert<\/p>","protected":false},"excerpt":{"rendered":"<p>Greina, ein Foto-Reisebuch Ein Buch \u00fcber die Greina Ebene und ihren Menschen, mit Landschaftsaufnahmen, Portraits Im \u00abGreina\u00bb-Buch treffen die wundersch\u00f6nen Fotografien von Anne Gabriel- J\u00fcrgens auf poetische Texte und ausdrucksstarke Portraits. Die Hochebene Greina verbindet das Graub\u00fcnden mit dem Tessin. Die karge Landschaft hat schon viele Rollen gespielt: sie war erst ein Handelsweg f\u00fcr die [&#8230;]\n","protected":false},"featured_media":37891,"template":"","meta":[],"product_brand":[],"product_cat":[21542],"product_tag":[],"class_list":{"0":"post-150561","1":"product","2":"type-product","3":"status-publish","4":"has-post-thumbnail","6":"product_cat-sachbuecher-dokumentationen","7":"pa_autor-gabriel-juergens","8":"pa_erscheinungsjahr-21574","9":"pa_region-schweiz","10":"pa_sprache-de","12":"first","13":"outofstock","14":"taxable","15":"shipping-taxable","16":"purchasable","17":"product-type-simple"},"_links":{"self":[{"href":"https:\/\/pizbube.ch\/en\/wp-json\/wp\/v2\/product\/150561","targetHints":{"allow":["GET"]}}],"collection":[{"href":"https:\/\/pizbube.ch\/en\/wp-json\/wp\/v2\/product"}],"about":[{"href":"https:\/\/pizbube.ch\/en\/wp-json\/wp\/v2\/types\/product"}],"wp:featuredmedia":[{"embeddable":true,"href":"https:\/\/pizbube.ch\/en\/wp-json\/wp\/v2\/media\/37891"}],"wp:attachment":[{"href":"https:\/\/pizbube.ch\/en\/wp-json\/wp\/v2\/media?parent=150561"}],"wp:term":[{"taxonomy":"product_brand","embeddable":true,"href":"https:\/\/pizbube.ch\/en\/wp-json\/wp\/v2\/product_brand?post=150561"},{"taxonomy":"product_cat","embeddable":true,"href":"https:\/\/pizbube.ch\/en\/wp-json\/wp\/v2\/product_cat?post=150561"},{"taxonomy":"product_tag","embeddable":true,"href":"https:\/\/pizbube.ch\/en\/wp-json\/wp\/v2\/product_tag?post=150561"}],"curies":[{"name":"wp","href":"https:\/\/api.w.org\/{rel}","templated":true}]}}