{"id":150562,"date":"2021-01-15T11:02:42","date_gmt":"2021-01-15T11:02:42","guid":{"rendered":"https:\/\/codengine3.ch\/?product=import-placeholder-for-208814"},"modified":"2021-01-15T17:58:08","modified_gmt":"2021-01-15T17:58:08","slug":"auf-der-suche-nach-dem-verlorenen-schnee","status":"publish","type":"product","link":"https:\/\/pizbube.ch\/en\/shop\/auf-der-suche-nach-dem-verlorenen-schnee\/","title":{"rendered":"Auf der Suche nach dem verlorenen Schnee"},"content":{"rendered":"<p>Erz\u00e4hlungen und Essays<\/p>\n<p>Literarisches Echo aus den Bergen<\/p>\n<p>Nicht nur seine Romane spielen in den Bergen, mit dem Leben in den Bergen hat<br \/>\nsich Leo Tuor immer auch in anderen Textformen auseinandergesetzt.<\/p>\n<p>Seine Berge, das ist die Surselva, wo Leo Tuor lebt. Das ist der Rhein, oder<br \/>\nbesser: sind die Rheine, denn am Anfang sind es zwei. Das sind die Alp, der<br \/>\nWinter, die Lawine. Die Lawine, die einst Verh\u00e4ngnis war und jetzt zur Quelle<br \/>\nvon Subventionen und Medienereignissen geworden ist. Der Gletscher, der zum<br \/>\nSee geworden ist. Er schreibt \u00fcber die Bergler, deren Element mehr der Stein<br \/>\nist als das Wasser, die entweder schweigen oder schwatzhaft sind wie Tassen.<br \/>\nEr schreibt \u00fcber ihr Leben mit Geistern, Heiligen und Tieren, \u00fcber das Schwein<br \/>\nim Pferch, die K\u00fche, die Schafe auf der Alp und den Hund, den Wolf, \u00fcber das<br \/>\nWild und deren ausgekochten Sch\u00e4del an der Stallwand der J\u00e4ger. Er schreibt<br \/>\n\u00fcber die Touristen, die die Landschaft fotografieren und dem J\u00e4ger b\u00f6se Blicke<br \/>\nzuwerfen, wenn er mit der Flinte unterwegs ist.<\/p>\n<p>Texte, die auf R\u00e4toromanisch noch nie erschienen sind, sind in diesem Band in<br \/>\nbeiden Sprachen abgedruckt. Die Texte wurden vom Autor durchgesehen und leicht<br \/>\n\u00fcberarbeitet.<\/p>\n<p>Leo Tuors Texte sind immer pr\u00e4gnant und von erfrischendem Humor, einzelne wie<br \/>\n\u00abVom Schafe h\u00fcten\u00bb sind bereits Kult und in mehrere Sprachen \u00fcbersetzt worden.<\/p>\n<p>\u00dcbersetzt von Claudio Spescha, Flurin Spescha, Christina Tuor-Kurth, Elisabeth<br \/>\nPeyer, Renzo Caduff, Michel Decurtins<br \/>\n224 Seiten, Leinen<\/p>","protected":false},"excerpt":{"rendered":"<p>Erz\u00e4hlungen und Essays Literarisches Echo aus den Bergen Nicht nur seine Romane spielen in den Bergen, mit dem Leben in den Bergen hat sich Leo Tuor immer auch in anderen Textformen auseinandergesetzt. Seine Berge, das ist die Surselva, wo Leo Tuor lebt. Das ist der Rhein, oder besser: sind die Rheine, denn am Anfang sind [&#8230;]\n","protected":false},"featured_media":41424,"template":"","meta":[],"product_brand":[],"product_cat":[21629],"product_tag":[],"class_list":{"0":"post-150562","1":"product","2":"type-product","3":"status-publish","4":"has-post-thumbnail","6":"product_cat-belletristik","7":"pa_autor-tuor","8":"pa_erscheinungsjahr-21571","9":"pa_region-schweiz","10":"pa_sprache-de-roman","12":"first","13":"instock","14":"taxable","15":"shipping-taxable","16":"purchasable","17":"product-type-simple"},"_links":{"self":[{"href":"https:\/\/pizbube.ch\/en\/wp-json\/wp\/v2\/product\/150562","targetHints":{"allow":["GET"]}}],"collection":[{"href":"https:\/\/pizbube.ch\/en\/wp-json\/wp\/v2\/product"}],"about":[{"href":"https:\/\/pizbube.ch\/en\/wp-json\/wp\/v2\/types\/product"}],"wp:featuredmedia":[{"embeddable":true,"href":"https:\/\/pizbube.ch\/en\/wp-json\/wp\/v2\/media\/41424"}],"wp:attachment":[{"href":"https:\/\/pizbube.ch\/en\/wp-json\/wp\/v2\/media?parent=150562"}],"wp:term":[{"taxonomy":"product_brand","embeddable":true,"href":"https:\/\/pizbube.ch\/en\/wp-json\/wp\/v2\/product_brand?post=150562"},{"taxonomy":"product_cat","embeddable":true,"href":"https:\/\/pizbube.ch\/en\/wp-json\/wp\/v2\/product_cat?post=150562"},{"taxonomy":"product_tag","embeddable":true,"href":"https:\/\/pizbube.ch\/en\/wp-json\/wp\/v2\/product_tag?post=150562"}],"curies":[{"name":"wp","href":"https:\/\/api.w.org\/{rel}","templated":true}]}}