{"id":150564,"date":"2021-01-15T11:02:42","date_gmt":"2021-01-15T11:02:42","guid":{"rendered":"https:\/\/codengine3.ch\/?product=import-placeholder-for-204915"},"modified":"2021-01-15T14:37:16","modified_gmt":"2021-01-15T14:37:16","slug":"spurlos","status":"publish","type":"product","link":"https:\/\/pizbube.ch\/en\/shop\/spurlos\/","title":{"rendered":"Spurlos"},"content":{"rendered":"<p>Roman; Spurlos verschwindet ein Mann in den Bergen. Andrea Stamm hat ihn zum<br \/>\nletzten Mal gesehen, nachdem sie ihm seinen letzten Wunsch, ihn auf den Berg<br \/>\nzu begleiten, erf\u00fcllt hatte. F\u00fcr die Bergf\u00fchrerin k\u00f6nnte es heikel werden,<br \/>\nwenn der Verband seine Drohung, sie auszuschliessen, wahrmacht. Andrea begibt<br \/>\nsich auf die Suche &#8211; ohne Erfolg. Sie begegnet dem einsamen Jungen Magnus, der<br \/>\ndurch die Berge streift und vom Meer tr\u00e4umt. Und sie erh\u00e4lt Unterst\u00fctzung beim<br \/>\nArzt Daniel Meyer, der ebenfalls auf Spurensuche geht. Die &#8218;gute alte Zeit&#8216;<br \/>\nfindet er im Bergdorf nicht mehr, daf\u00fcr einen korrupten Gemeindeverwalter und<br \/>\nMobilfunkantennen im Glockenturm. Machen sie wirklich die Menschen krank, wie<br \/>\nAnita, die krebskranke Wirtin und K\u00fcnstlerin behauptet? Daniel Meyer sucht<br \/>\nnach Erkl\u00e4rungen f\u00fcr das Unerkl\u00e4rbare &#8211; und nach seiner grossen Liebe. Nach<br \/>\n&#8218;Die Wand der Sila&#8216; und &#8218;Steinschlag&#8216; ist &#8218;Spurlos&#8216; der dritte Band der Sila-<br \/>\nReihe. &#8218;Steinschlag&#8216; wurde 2005 von Judith Kennel verfilmt.  <\/p>","protected":false},"excerpt":{"rendered":"<p>Roman; Spurlos verschwindet ein Mann in den Bergen. Andrea Stamm hat ihn zum letzten Mal gesehen, nachdem sie ihm seinen letzten Wunsch, ihn auf den Berg zu begleiten, erf\u00fcllt hatte. F\u00fcr die Bergf\u00fchrerin k\u00f6nnte es heikel werden, wenn der Verband seine Drohung, sie auszuschliessen, wahrmacht. Andrea begibt sich auf die Suche &#8211; ohne Erfolg. Sie [&#8230;]\n","protected":false},"featured_media":33461,"template":"","meta":[],"product_brand":[],"product_cat":[21629],"product_tag":[],"class_list":{"0":"post-150564","1":"product","2":"type-product","3":"status-publish","4":"has-post-thumbnail","6":"product_cat-belletristik","7":"pa_autor-zopfi","8":"pa_erscheinungsjahr-21842","9":"pa_region-schweiz","10":"pa_sprache-de","12":"first","13":"instock","14":"taxable","15":"shipping-taxable","16":"purchasable","17":"product-type-simple"},"_links":{"self":[{"href":"https:\/\/pizbube.ch\/en\/wp-json\/wp\/v2\/product\/150564","targetHints":{"allow":["GET"]}}],"collection":[{"href":"https:\/\/pizbube.ch\/en\/wp-json\/wp\/v2\/product"}],"about":[{"href":"https:\/\/pizbube.ch\/en\/wp-json\/wp\/v2\/types\/product"}],"wp:featuredmedia":[{"embeddable":true,"href":"https:\/\/pizbube.ch\/en\/wp-json\/wp\/v2\/media\/33461"}],"wp:attachment":[{"href":"https:\/\/pizbube.ch\/en\/wp-json\/wp\/v2\/media?parent=150564"}],"wp:term":[{"taxonomy":"product_brand","embeddable":true,"href":"https:\/\/pizbube.ch\/en\/wp-json\/wp\/v2\/product_brand?post=150564"},{"taxonomy":"product_cat","embeddable":true,"href":"https:\/\/pizbube.ch\/en\/wp-json\/wp\/v2\/product_cat?post=150564"},{"taxonomy":"product_tag","embeddable":true,"href":"https:\/\/pizbube.ch\/en\/wp-json\/wp\/v2\/product_tag?post=150564"}],"curies":[{"name":"wp","href":"https:\/\/api.w.org\/{rel}","templated":true}]}}