{"id":150565,"date":"2021-01-15T11:02:42","date_gmt":"2021-01-15T11:02:42","guid":{"rendered":"https:\/\/codengine3.ch\/?product=import-placeholder-for-206214"},"modified":"2021-01-15T14:47:16","modified_gmt":"2021-01-15T14:47:16","slug":"finale","status":"publish","type":"product","link":"https:\/\/pizbube.ch\/en\/shop\/finale\/","title":{"rendered":"Finale"},"content":{"rendered":"<p>Bergf\u00fchrerin Andrea Stamms zweiter Fall  <\/p>\n<p>Diesmal erwischt es die Bergf\u00fchrerin Andrea Stamm selbst. Am Ende der<br \/>\nKletterwoche in Finale Ligure st\u00fcrzt sie ab und verletzt sich schwer. W\u00e4hrend<br \/>\nder chaotischen Rettungsaktion kommt sie wieder zu Bewusstsein. Wurde ihr die<br \/>\neigene Routine zum Verh\u00e4ngnis? Oder machte der schweigsame Alte der Gruppe<br \/>\neinen Fehler beim Sichern? Die einzige Augenzeugin verschwindet ohne jede<br \/>\nSpur.<br \/>\nEine r\u00e4tselhafte SMS l\u00e4sst Andreas Freund Daniel an einem Unfall zweifeln. Er<br \/>\nf\u00fcgt Erinnerungsfetzen zusammen, und ein erschreckendes Bild entsteht. W\u00e4hrend<br \/>\ner vor Ort recherchiert, l\u00e4uft die Zeit f\u00fcr seine Bewerbung zum Chefarzt ab.<br \/>\nEine Entscheidung ist gefragt \u2013 Beziehung oder Karriere?<br \/>\nMit &#8218;Finale&#8216; gelingt Emil Zopfi nach &#8218;Steinschlag&#8216; und &#8218;Spurlos&#8216; ein weiterer<br \/>\nfesselnder Kriminalroman mit der Bergf\u00fchrerin Andrea Stamm.  <\/p>","protected":false},"excerpt":{"rendered":"<p>Bergf\u00fchrerin Andrea Stamms zweiter Fall Diesmal erwischt es die Bergf\u00fchrerin Andrea Stamm selbst. Am Ende der Kletterwoche in Finale Ligure st\u00fcrzt sie ab und verletzt sich schwer. W\u00e4hrend der chaotischen Rettungsaktion kommt sie wieder zu Bewusstsein. Wurde ihr die eigene Routine zum Verh\u00e4ngnis? Oder machte der schweigsame Alte der Gruppe einen Fehler beim Sichern? Die [&#8230;]\n","protected":false},"featured_media":35177,"template":"","meta":[],"product_brand":[],"product_cat":[21629],"product_tag":[],"class_list":{"0":"post-150565","1":"product","2":"type-product","3":"status-publish","4":"has-post-thumbnail","6":"product_cat-belletristik","7":"pa_autor-zopfi","8":"pa_erscheinungsjahr-21830","9":"pa_region-schweiz","10":"pa_sprache-de","12":"first","13":"instock","14":"taxable","15":"shipping-taxable","16":"purchasable","17":"product-type-simple"},"_links":{"self":[{"href":"https:\/\/pizbube.ch\/en\/wp-json\/wp\/v2\/product\/150565","targetHints":{"allow":["GET"]}}],"collection":[{"href":"https:\/\/pizbube.ch\/en\/wp-json\/wp\/v2\/product"}],"about":[{"href":"https:\/\/pizbube.ch\/en\/wp-json\/wp\/v2\/types\/product"}],"wp:featuredmedia":[{"embeddable":true,"href":"https:\/\/pizbube.ch\/en\/wp-json\/wp\/v2\/media\/35177"}],"wp:attachment":[{"href":"https:\/\/pizbube.ch\/en\/wp-json\/wp\/v2\/media?parent=150565"}],"wp:term":[{"taxonomy":"product_brand","embeddable":true,"href":"https:\/\/pizbube.ch\/en\/wp-json\/wp\/v2\/product_brand?post=150565"},{"taxonomy":"product_cat","embeddable":true,"href":"https:\/\/pizbube.ch\/en\/wp-json\/wp\/v2\/product_cat?post=150565"},{"taxonomy":"product_tag","embeddable":true,"href":"https:\/\/pizbube.ch\/en\/wp-json\/wp\/v2\/product_tag?post=150565"}],"curies":[{"name":"wp","href":"https:\/\/api.w.org\/{rel}","templated":true}]}}