{"id":150569,"date":"2021-01-15T11:02:42","date_gmt":"2021-01-15T11:02:42","guid":{"rendered":"https:\/\/codengine3.ch\/?product=import-placeholder-for-204765"},"modified":"2021-01-15T14:36:06","modified_gmt":"2021-01-15T14:36:06","slug":"der-grenzgaenger","status":"publish","type":"product","link":"https:\/\/pizbube.ch\/en\/shop\/der-grenzgaenger\/","title":{"rendered":"Der Grenzg\u00e4nger"},"content":{"rendered":"<p>Eddy Zett und der M\u00f6rder vom Sternberg &#8211; Alpin-Thriller: Jagd auf einen<br \/>\nSerienm\u00f6rder in K\u00e4rnten und den Dolomiten<\/p>\n<p>Seit Eddy Zett vor zwanzig Jahren an der italienischen Grenze einen Wilderer<br \/>\nzur Strecke gebracht hat, gilt der Alpinpolizist aus dem Gailtal als Legende.<br \/>\nAls sich einige F\u00e4lle von gr\u00e4sslichen Tierverst\u00fcmmelungen in den Bergen<br \/>\nh\u00e4ufen, bef\u00e4llt Eddy eine dunkle Ahnung: Der T\u00e4ter geht genauso vor wie der<br \/>\nWilderer damals. \u2026 Dann stirbt die K\u00e4serin der Sternberg-Alm auf dieselbe<br \/>\nWeise. Als sich die grausamen Taten bis in die Dolomiten ausweiten, werden<br \/>\nEddy und sein Kletterfreund Fredo von der italienischen Alpinpolizei als<br \/>\nSonderermittler auf den Fall angesetzt.<\/p>\n<p>Was geht in dem M\u00f6rder vor? Was steckt hinter den ritualisierten T\u00f6tungen? Und<br \/>\nwie h\u00e4ngen die Ereignisse der Vergangenheit damit zusammen? Ein weltbekannter<br \/>\nKriminalpsychologe hilft Eddy auf die Spr\u00fcnge. Doch was Eddy und seine Familie<br \/>\ndann ereilt, stellt alles in den Schatten, was die Dolomitenregion an<br \/>\nKriminalf\u00e4llen je erlebt hat. Eddy und Fredo stehen vor einem Fall, der all<br \/>\nihre Kr\u00e4fte aufzuzehren droht \u2013 und Eddys Leben in den Grundfesten ersch\u00fcttern<br \/>\nwird.<\/p>\n<p>Ein G\u00e4nsehaut-Kriminalroman f\u00fcr Bergsteiger und Bergliebhaber.<\/p>","protected":false},"excerpt":{"rendered":"<p>Eddy Zett und der M\u00f6rder vom Sternberg &#8211; Alpin-Thriller: Jagd auf einen Serienm\u00f6rder in K\u00e4rnten und den Dolomiten Seit Eddy Zett vor zwanzig Jahren an der italienischen Grenze einen Wilderer zur Strecke gebracht hat, gilt der Alpinpolizist aus dem Gailtal als Legende. Als sich einige F\u00e4lle von gr\u00e4sslichen Tierverst\u00fcmmelungen in den Bergen h\u00e4ufen, bef\u00e4llt Eddy [&#8230;]\n","protected":false},"featured_media":33206,"template":"","meta":[],"product_brand":[],"product_cat":[21629],"product_tag":[],"class_list":{"0":"post-150569","1":"product","2":"type-product","3":"status-publish","4":"has-post-thumbnail","6":"product_cat-belletristik","7":"pa_autor-kreutzer","8":"pa_erscheinungsjahr-21597","9":"pa_region-deutschland","10":"pa_sprache-de","12":"first","13":"instock","14":"taxable","15":"shipping-taxable","16":"purchasable","17":"product-type-simple"},"_links":{"self":[{"href":"https:\/\/pizbube.ch\/en\/wp-json\/wp\/v2\/product\/150569","targetHints":{"allow":["GET"]}}],"collection":[{"href":"https:\/\/pizbube.ch\/en\/wp-json\/wp\/v2\/product"}],"about":[{"href":"https:\/\/pizbube.ch\/en\/wp-json\/wp\/v2\/types\/product"}],"wp:featuredmedia":[{"embeddable":true,"href":"https:\/\/pizbube.ch\/en\/wp-json\/wp\/v2\/media\/33206"}],"wp:attachment":[{"href":"https:\/\/pizbube.ch\/en\/wp-json\/wp\/v2\/media?parent=150569"}],"wp:term":[{"taxonomy":"product_brand","embeddable":true,"href":"https:\/\/pizbube.ch\/en\/wp-json\/wp\/v2\/product_brand?post=150569"},{"taxonomy":"product_cat","embeddable":true,"href":"https:\/\/pizbube.ch\/en\/wp-json\/wp\/v2\/product_cat?post=150569"},{"taxonomy":"product_tag","embeddable":true,"href":"https:\/\/pizbube.ch\/en\/wp-json\/wp\/v2\/product_tag?post=150569"}],"curies":[{"name":"wp","href":"https:\/\/api.w.org\/{rel}","templated":true}]}}