{"id":150570,"date":"2021-01-15T11:02:42","date_gmt":"2021-01-15T11:02:42","guid":{"rendered":"https:\/\/codengine3.ch\/?product=import-placeholder-for-201004"},"modified":"2026-03-14T12:29:53","modified_gmt":"2026-03-14T11:29:53","slug":"saentiswetter","status":"publish","type":"product","link":"https:\/\/pizbube.ch\/en\/shop\/saentiswetter\/","title":{"rendered":"S\u00e4ntiswetter"},"content":{"rendered":"<p>Freuden und Leiden der Wetterwarte auf dem S\u00e4ntis:<br \/>\nDer Leser wird mitgenommen in die Einsamkeit der S\u00e4ntiswetterwarte, die vor<br \/>\nallem bis 1935 (Bau der S\u00e4ntis-Schwebebahn) besonderts dramatische Zeiten<br \/>\nerlebten. So etwa im Februar 1922, als der noch heute immer wieder erw\u00e4hnte<br \/>\nDoppelmord am Wetterwart-Ehepaar Haas geschah. Diesen beiden jungen Leuten und<br \/>\nihrem M\u00f6rder gilt ein wesentlicher Teil des Buches.<\/p>\n<p>Nicht zu kurz kommen aber<br \/>\nauch die Leistungen der Pioniere in den Anf\u00e4ngen der Wetterbeobachtungen auf<br \/>\ndem S\u00e4ntis, angefangen von &#8218;Vater Billwiller&#8216;, dem ersten Direktor der<br \/>\nMeteorologischen Zentralanstalt, \u00fcber &#8218;S\u00e4ntis&#8216;-Wirt Johann Jakob D\u00f6rig und<br \/>\nS\u00e4ntistr\u00e4ger Rusch bis zu den Wetterwarten und ihren Ehefrauen, die bis zur<br \/>\nAutomatisierung der Station im Jahre 1970 das Wetterwart-Haus bewohnten.<\/p>","protected":false},"excerpt":{"rendered":"<p>Freuden und Leiden der Wetterwarte auf dem S\u00e4ntis: Der Leser wird mitgenommen in die Einsamkeit der S\u00e4ntiswetterwarte, die vor allem bis 1935 (Bau der S\u00e4ntis-Schwebebahn) besonderts dramatische Zeiten erlebten. So etwa im Februar 1922, als der noch heute immer wieder erw\u00e4hnte Doppelmord am Wetterwart-Ehepaar Haas geschah. Diesen beiden jungen Leuten und ihrem M\u00f6rder gilt ein [&#8230;]\n","protected":false},"featured_media":28151,"template":"","meta":[],"product_brand":[],"product_cat":[21629],"product_tag":[],"class_list":{"0":"post-150570","1":"product","2":"type-product","3":"status-publish","4":"has-post-thumbnail","6":"product_cat-belletristik","7":"pa_autor-meier","8":"pa_erscheinungsjahr-22151","9":"pa_region-schweiz","10":"pa_sprache-de","12":"first","13":"instock","14":"taxable","15":"shipping-taxable","16":"purchasable","17":"product-type-simple"},"_links":{"self":[{"href":"https:\/\/pizbube.ch\/en\/wp-json\/wp\/v2\/product\/150570","targetHints":{"allow":["GET"]}}],"collection":[{"href":"https:\/\/pizbube.ch\/en\/wp-json\/wp\/v2\/product"}],"about":[{"href":"https:\/\/pizbube.ch\/en\/wp-json\/wp\/v2\/types\/product"}],"wp:featuredmedia":[{"embeddable":true,"href":"https:\/\/pizbube.ch\/en\/wp-json\/wp\/v2\/media\/28151"}],"wp:attachment":[{"href":"https:\/\/pizbube.ch\/en\/wp-json\/wp\/v2\/media?parent=150570"}],"wp:term":[{"taxonomy":"product_brand","embeddable":true,"href":"https:\/\/pizbube.ch\/en\/wp-json\/wp\/v2\/product_brand?post=150570"},{"taxonomy":"product_cat","embeddable":true,"href":"https:\/\/pizbube.ch\/en\/wp-json\/wp\/v2\/product_cat?post=150570"},{"taxonomy":"product_tag","embeddable":true,"href":"https:\/\/pizbube.ch\/en\/wp-json\/wp\/v2\/product_tag?post=150570"}],"curies":[{"name":"wp","href":"https:\/\/api.w.org\/{rel}","templated":true}]}}