{"id":150571,"date":"2021-01-15T11:02:42","date_gmt":"2021-01-15T11:02:42","guid":{"rendered":"https:\/\/codengine3.ch\/?product=import-placeholder-for-203256"},"modified":"2021-01-15T12:55:32","modified_gmt":"2021-01-15T12:55:32","slug":"bergwetter","status":"publish","type":"product","link":"https:\/\/pizbube.ch\/en\/shop\/bergwetter\/","title":{"rendered":"Bergwetter"},"content":{"rendered":"<p>Die richtige Einsch\u00e4tzung der Wetterlage vor und w\u00e4hrend der Tour ist ein<br \/>\nentscheidender Sicherheitsfaktor im Gebirge. Schlechtwettereinbr\u00fcche lassen<br \/>\nsich meist im Vorhinein erkennen, wenn man die Zeichen am Himmel zu deuten<br \/>\nwei\u00df. Claus G. Keidel erkl\u00e4rt in diesem Handbuch ausf\u00fchrlich, wie man die<br \/>\nWarnzeichen fr\u00fchzeitig erkennt, wie man mit entsprechenden Messger\u00e4ten richtig<br \/>\numgeht und wie sich das Klima im Alpenraum entwickelt. Mit vielen Grafiken und<br \/>\nBildern.<\/p>","protected":false},"excerpt":{"rendered":"<p>Die richtige Einsch\u00e4tzung der Wetterlage vor und w\u00e4hrend der Tour ist ein entscheidender Sicherheitsfaktor im Gebirge. Schlechtwettereinbr\u00fcche lassen sich meist im Vorhinein erkennen, wenn man die Zeichen am Himmel zu deuten wei\u00df. Claus G. Keidel erkl\u00e4rt in diesem Handbuch ausf\u00fchrlich, wie man die Warnzeichen fr\u00fchzeitig erkennt, wie man mit entsprechenden Messger\u00e4ten richtig umgeht und wie [&#8230;]\n","protected":false},"featured_media":30827,"template":"","meta":[],"product_brand":[],"product_cat":[21538],"product_tag":[],"class_list":{"0":"post-150571","1":"product","2":"type-product","3":"status-publish","4":"has-post-thumbnail","6":"product_cat-lehrbuecher","7":"pa_autor-keidel","8":"pa_erscheinungsjahr-21920","9":"pa_region-orientierung-wetter-ausbildung","10":"pa_sprache-de","12":"first","13":"instock","14":"taxable","15":"shipping-taxable","16":"purchasable","17":"product-type-simple"},"_links":{"self":[{"href":"https:\/\/pizbube.ch\/en\/wp-json\/wp\/v2\/product\/150571","targetHints":{"allow":["GET"]}}],"collection":[{"href":"https:\/\/pizbube.ch\/en\/wp-json\/wp\/v2\/product"}],"about":[{"href":"https:\/\/pizbube.ch\/en\/wp-json\/wp\/v2\/types\/product"}],"wp:featuredmedia":[{"embeddable":true,"href":"https:\/\/pizbube.ch\/en\/wp-json\/wp\/v2\/media\/30827"}],"wp:attachment":[{"href":"https:\/\/pizbube.ch\/en\/wp-json\/wp\/v2\/media?parent=150571"}],"wp:term":[{"taxonomy":"product_brand","embeddable":true,"href":"https:\/\/pizbube.ch\/en\/wp-json\/wp\/v2\/product_brand?post=150571"},{"taxonomy":"product_cat","embeddable":true,"href":"https:\/\/pizbube.ch\/en\/wp-json\/wp\/v2\/product_cat?post=150571"},{"taxonomy":"product_tag","embeddable":true,"href":"https:\/\/pizbube.ch\/en\/wp-json\/wp\/v2\/product_tag?post=150571"}],"curies":[{"name":"wp","href":"https:\/\/api.w.org\/{rel}","templated":true}]}}