{"id":150572,"date":"2021-01-15T11:02:42","date_gmt":"2021-01-15T11:02:42","guid":{"rendered":"https:\/\/codengine3.ch\/?product=import-placeholder-for-206663"},"modified":"2021-01-15T14:50:37","modified_gmt":"2021-01-15T14:50:37","slug":"appenzeller-magazin-spezialausgabe-2010","status":"publish","type":"product","link":"https:\/\/pizbube.ch\/en\/shop\/appenzeller-magazin-spezialausgabe-2010\/","title":{"rendered":"Appenzeller Magazin  Spezialausgabe 2010"},"content":{"rendered":"<p>Was sind das f\u00fcr M\u00e4nner und Frauen, die bei dieser Bahn arbeiten? Manche von<br \/>\nihnen \u00fcberwinden zweimal t\u00e4glich \u00fcber 1000 H\u00f6henmeter und treffen an ihrem<br \/>\nArbeitsort Temperaturen an von durchschnittlich zwei Grad unter null. 1935,<br \/>\nbei der Einweihung, war die S\u00e4ntisbahn die damals k\u00fchnste Luftseilbahn der<br \/>\nSchweiz; keine Bergstation lag h\u00f6her als die auf dem S\u00e4ntis auf 2474 Metern<br \/>\n\u00fcber Meer. Diese Rekord hatte 20 Jahre Bestand. &#8211; eine halbe Ewigkeit in einer<br \/>\nZeit, als Luftseilbahnen boomten. Nicht fehlen darf deshalb die Geschichte der<br \/>\nBahn mit ihren zahlreichen Projekten und dem Ausbau sowie ein Ausblick auf<br \/>\nzuk\u00fcnftige Entwicklungen des Unternehmens. Ohne Tourismus w\u00e4re die S\u00e4ntisbahn<br \/>\nnicht denkbar. Das Magazin stellt mehrere Wanderungen vor und geht auf das<br \/>\nSpannungsfeld zwischen Natur und Technik ein. Welche Faszination der S\u00e4ntis<br \/>\nseit jeher aus\u00fcbt, zeigt schliesslich ein Blick auf Kunst und Literatur.<\/p>","protected":false},"excerpt":{"rendered":"<p>Was sind das f\u00fcr M\u00e4nner und Frauen, die bei dieser Bahn arbeiten? Manche von ihnen \u00fcberwinden zweimal t\u00e4glich \u00fcber 1000 H\u00f6henmeter und treffen an ihrem Arbeitsort Temperaturen an von durchschnittlich zwei Grad unter null. 1935, bei der Einweihung, war die S\u00e4ntisbahn die damals k\u00fchnste Luftseilbahn der Schweiz; keine Bergstation lag h\u00f6her als die auf dem [&#8230;]\n","protected":false},"featured_media":35770,"template":"","meta":[],"product_brand":[],"product_cat":[21541],"product_tag":[],"class_list":{"0":"post-150572","1":"product","2":"type-product","3":"status-publish","4":"has-post-thumbnail","6":"product_cat-zeitschriften","7":"pa_erscheinungsjahr-21830","8":"pa_region-schweiz","9":"pa_sprache-de","11":"first","12":"instock","13":"taxable","14":"shipping-taxable","15":"purchasable","16":"product-type-simple"},"_links":{"self":[{"href":"https:\/\/pizbube.ch\/en\/wp-json\/wp\/v2\/product\/150572","targetHints":{"allow":["GET"]}}],"collection":[{"href":"https:\/\/pizbube.ch\/en\/wp-json\/wp\/v2\/product"}],"about":[{"href":"https:\/\/pizbube.ch\/en\/wp-json\/wp\/v2\/types\/product"}],"wp:featuredmedia":[{"embeddable":true,"href":"https:\/\/pizbube.ch\/en\/wp-json\/wp\/v2\/media\/35770"}],"wp:attachment":[{"href":"https:\/\/pizbube.ch\/en\/wp-json\/wp\/v2\/media?parent=150572"}],"wp:term":[{"taxonomy":"product_brand","embeddable":true,"href":"https:\/\/pizbube.ch\/en\/wp-json\/wp\/v2\/product_brand?post=150572"},{"taxonomy":"product_cat","embeddable":true,"href":"https:\/\/pizbube.ch\/en\/wp-json\/wp\/v2\/product_cat?post=150572"},{"taxonomy":"product_tag","embeddable":true,"href":"https:\/\/pizbube.ch\/en\/wp-json\/wp\/v2\/product_tag?post=150572"}],"curies":[{"name":"wp","href":"https:\/\/api.w.org\/{rel}","templated":true}]}}