{"id":150573,"date":"2021-01-15T11:02:43","date_gmt":"2021-01-15T11:02:43","guid":{"rendered":"https:\/\/codengine3.ch\/?product=import-placeholder-for-207611"},"modified":"2021-01-15T16:05:10","modified_gmt":"2021-01-15T16:05:10","slug":"einsatz-im-alpstein","status":"publish","type":"product","link":"https:\/\/pizbube.ch\/en\/shop\/einsatz-im-alpstein\/","title":{"rendered":"Einsatz im Alpstein"},"content":{"rendered":"<p>Der Alpstein ist der heimliche Hauptdarsteller in diesem spannenden und<br \/>\nhochdramatischen Roman \u00fcber den Einsatz der Alpinen Rettung, \u00fcber Freundschaft<br \/>\nund Feindschaft, \u00fcber Gl\u00fcck und Ungl\u00fcck sowie \u00fcber Liebe und Tod.<\/p>\n<p>Gianfranco Koller \u00fcbernimmt die Leitung der Appenzeller Rettungskolonne von<br \/>\nseinem Vorg\u00e4nger Lorenz Grubenmann. Zugleich tritt er eine Stelle als<br \/>\nGeografielehrer und naturwissenschaftlicher Archivar an der (fiktiven)<br \/>\nPrivatschule am Lehn in Appenzell an. Im Laufe des Jahres leitet Gianfranco<br \/>\nKoller nicht nur verschiedene Rettungseins\u00e4tze im Alpstein, er sieht sich auch<br \/>\nmit der Alkoholsucht seiner Frau konfrontiert. Vor allem aber muss er sich mit<br \/>\nder Verwalterin der Privatschule auseinandersetzen, die ihm st\u00e4ndig Steine in<br \/>\nden Weg legt, und mit der in Appenzell Innerrhoden herrschenden<br \/>\nVetternwirtschaft und menschlichen Gleichg\u00fcltigkeit.<\/p>\n<p>Als ein Vater seinen Sohn t\u00f6tet und seine Tochter in den Alpstein entf\u00fchrt,<br \/>\nstarten Gianfranco Koller und Lorenz Grubenmann die aufw\u00e4ndigste<br \/>\nVermisstensuche in der Geschichte der Rettungskolonne.<br \/>\nDie eigentliche Hauptrolle in diesem hochspannenden Roman spielt die Bergwelt<br \/>\ndes Alpsteins mit ihren Gipfeln, Seen, Wanderwegen, Kletterrouten und<br \/>\nBerggasth\u00e4usern.<\/p>\n<p>Taschenbuchausgabe<\/p>","protected":false},"excerpt":{"rendered":"<ul>\n<li><a href=\"https:\/\/pizbube.ch\/wp-content\/uploads\/attachments\/a_025\/9A8E93BBE8DA628F175D214871AEF55B.pdf\" target=\"_blank\" rel=\"noopener\">PDF: Leseprobe Einsatz im Alpstein<\/a><\/li>\n<\/ul>","protected":false},"featured_media":37958,"template":"","meta":[],"product_brand":[],"product_cat":[21629],"product_tag":[],"class_list":{"0":"post-150573","1":"product","2":"type-product","3":"status-publish","4":"has-post-thumbnail","6":"product_cat-belletristik","7":"pa_autor-wessels","8":"pa_erscheinungsjahr-21597","9":"pa_region-schweiz","10":"pa_sprache-de","12":"first","13":"instock","14":"taxable","15":"shipping-taxable","16":"purchasable","17":"product-type-simple"},"_links":{"self":[{"href":"https:\/\/pizbube.ch\/en\/wp-json\/wp\/v2\/product\/150573","targetHints":{"allow":["GET"]}}],"collection":[{"href":"https:\/\/pizbube.ch\/en\/wp-json\/wp\/v2\/product"}],"about":[{"href":"https:\/\/pizbube.ch\/en\/wp-json\/wp\/v2\/types\/product"}],"wp:featuredmedia":[{"embeddable":true,"href":"https:\/\/pizbube.ch\/en\/wp-json\/wp\/v2\/media\/37958"}],"wp:attachment":[{"href":"https:\/\/pizbube.ch\/en\/wp-json\/wp\/v2\/media?parent=150573"}],"wp:term":[{"taxonomy":"product_brand","embeddable":true,"href":"https:\/\/pizbube.ch\/en\/wp-json\/wp\/v2\/product_brand?post=150573"},{"taxonomy":"product_cat","embeddable":true,"href":"https:\/\/pizbube.ch\/en\/wp-json\/wp\/v2\/product_cat?post=150573"},{"taxonomy":"product_tag","embeddable":true,"href":"https:\/\/pizbube.ch\/en\/wp-json\/wp\/v2\/product_tag?post=150573"}],"curies":[{"name":"wp","href":"https:\/\/api.w.org\/{rel}","templated":true}]}}