{"id":150575,"date":"2021-01-15T11:02:43","date_gmt":"2021-01-15T11:02:43","guid":{"rendered":"https:\/\/codengine3.ch\/?product=import-placeholder-for-201006"},"modified":"2021-01-15T11:02:47","modified_gmt":"2021-01-15T11:02:47","slug":"ihr-berge","status":"publish","type":"product","link":"https:\/\/pizbube.ch\/en\/shop\/ihr-berge\/","title":{"rendered":"Ihr Berge"},"content":{"rendered":"<p>Stimmungsbilder aus einem Bergsteiger Tagebuch.  <\/p>\n<p>Ein angenehmes Berg-Buch mit vielen Kurzgeschichten von anno-dazumal, als die<br \/>\nBerge noch besiegt wurden von Einzelg\u00e4ngern und ihre Gipfel nicht durch ganze<br \/>\nGesellschaften \u00fcberflutet wurden. Die sch\u00f6nen holzschnitt\u00e4hnlichen Abbildungen<br \/>\nerg\u00e4nzen diese Alpinistengeschichten.<\/p>","protected":false},"excerpt":{"rendered":"<p>Stimmungsbilder aus einem Bergsteiger Tagebuch. Ein angenehmes Berg-Buch mit vielen Kurzgeschichten von anno-dazumal, als die Berge noch besiegt wurden von Einzelg\u00e4ngern und ihre Gipfel nicht durch ganze Gesellschaften \u00fcberflutet wurden. Die sch\u00f6nen holzschnitt\u00e4hnlichen Abbildungen erg\u00e4nzen diese Alpinistengeschichten.<\/p>","protected":false},"featured_media":28153,"template":"","meta":[],"product_brand":[],"product_cat":[21629],"product_tag":[],"class_list":{"0":"post-150575","1":"product","2":"type-product","3":"status-publish","4":"has-post-thumbnail","6":"product_cat-belletristik","7":"pa_autor-morgenthaler","8":"pa_erscheinungsjahr-22151","9":"pa_region-schweiz","10":"pa_sprache-de","12":"first","13":"instock","14":"taxable","15":"shipping-taxable","16":"purchasable","17":"product-type-simple"},"_links":{"self":[{"href":"https:\/\/pizbube.ch\/en\/wp-json\/wp\/v2\/product\/150575","targetHints":{"allow":["GET"]}}],"collection":[{"href":"https:\/\/pizbube.ch\/en\/wp-json\/wp\/v2\/product"}],"about":[{"href":"https:\/\/pizbube.ch\/en\/wp-json\/wp\/v2\/types\/product"}],"wp:featuredmedia":[{"embeddable":true,"href":"https:\/\/pizbube.ch\/en\/wp-json\/wp\/v2\/media\/28153"}],"wp:attachment":[{"href":"https:\/\/pizbube.ch\/en\/wp-json\/wp\/v2\/media?parent=150575"}],"wp:term":[{"taxonomy":"product_brand","embeddable":true,"href":"https:\/\/pizbube.ch\/en\/wp-json\/wp\/v2\/product_brand?post=150575"},{"taxonomy":"product_cat","embeddable":true,"href":"https:\/\/pizbube.ch\/en\/wp-json\/wp\/v2\/product_cat?post=150575"},{"taxonomy":"product_tag","embeddable":true,"href":"https:\/\/pizbube.ch\/en\/wp-json\/wp\/v2\/product_tag?post=150575"}],"curies":[{"name":"wp","href":"https:\/\/api.w.org\/{rel}","templated":true}]}}