{"id":150576,"date":"2021-01-15T11:02:43","date_gmt":"2021-01-15T11:02:43","guid":{"rendered":"https:\/\/codengine3.ch\/?product=import-placeholder-for-205029"},"modified":"2021-01-15T14:38:07","modified_gmt":"2021-01-15T14:38:07","slug":"lorenz-saladin-ein-leben-fuer-die-berge","status":"publish","type":"product","link":"https:\/\/pizbube.ch\/en\/shop\/lorenz-saladin-ein-leben-fuer-die-berge\/","title":{"rendered":"Lorenz Saladin: Ein Leben f\u00fcr die Berge"},"content":{"rendered":"<p>Zum 100. Geburtstag der Schriftstellerin Annemarie Schwarzenbach im Jahr 2008<br \/>\nerscheint die Neuauflage ihres damals im Verkauf erfolgreichsten Buches.<br \/>\n1938 erschienen, ist die Biographie des seither in Vergessenheit geratenen<br \/>\nAbenteurers und Expeditionsbergsteigers. Saladin stammte aus Nuglar im<br \/>\nsolothurnischen Schwarzbubenland, war von Jugend an von den Bergen fasziniert,<br \/>\nbereiste nach dem Milit\u00e4rdienst im Ersten Weltkrieg die USA und S\u00fcdamerika und<br \/>\nnahm an erfolgreichen Expeditionen in den Kaukasus, ins Pamirgebirge und den<br \/>\nTien Schan in Kirgistan teil. Nach der Besteigung des Khan Tengri in<br \/>\nZentralasien mit einer russischen Expedition verstarb er 1936 an den Folgen<br \/>\nseiner Erfrierungen.  <\/p>\n<p>Annemarie Schwarzenbach schildert das Leben und die Expeditionen Saladins mit<br \/>\ngrosser Sachkenntnis, Einf\u00fchlungsverm\u00f6gen und Bewunderung f\u00fcr seinen Mut und<br \/>\nUnternehmungsgeist.  <\/p>\n<p>Die Biographie wird durch zahlreiche Fotos von Lorenz Saladin sowie einen<br \/>\nEssay von Robert Steiner und Emil Zopfi erg\u00e4nzt. Steiner hat den Khan Tengri<br \/>\nselbst mehrmals bestiegen und ist Saladins Spuren vor Ort gefolgt. Er<br \/>\nrecherchierte in russischen Quellen und stiess dabei auf dramatische und<br \/>\nbisher unbekannte Fakten. Emil Zopfi, Schriftsteller und passionierter<br \/>\nBergsteiger, hat in Schweizer Archiven und bei Saladins Nachkommen weitere<br \/>\nDetails zu seinem Schicksal und zur literarischen Bearbeitung durch Annemarie<br \/>\nSchwarzenbach gefunden.<br \/>\nTaschenbuchausgabe<\/p>","protected":false},"excerpt":{"rendered":"<p>Zum 100. Geburtstag der Schriftstellerin Annemarie Schwarzenbach im Jahr 2008 erscheint die Neuauflage ihres damals im Verkauf erfolgreichsten Buches. 1938 erschienen, ist die Biographie des seither in Vergessenheit geratenen Abenteurers und Expeditionsbergsteigers. Saladin stammte aus Nuglar im solothurnischen Schwarzbubenland, war von Jugend an von den Bergen fasziniert, bereiste nach dem Milit\u00e4rdienst im Ersten Weltkrieg die [&#8230;]\n","protected":false},"featured_media":38197,"template":"","meta":[],"product_brand":[],"product_cat":[21629],"product_tag":[],"class_list":{"0":"post-150576","1":"product","2":"type-product","3":"status-publish","4":"has-post-thumbnail","6":"product_cat-belletristik","7":"pa_autor-schwarzenbach","8":"pa_erscheinungsjahr-21568","9":"pa_region-schweiz","10":"pa_sprache-de","12":"first","13":"instock","14":"taxable","15":"shipping-taxable","16":"purchasable","17":"product-type-simple"},"_links":{"self":[{"href":"https:\/\/pizbube.ch\/en\/wp-json\/wp\/v2\/product\/150576","targetHints":{"allow":["GET"]}}],"collection":[{"href":"https:\/\/pizbube.ch\/en\/wp-json\/wp\/v2\/product"}],"about":[{"href":"https:\/\/pizbube.ch\/en\/wp-json\/wp\/v2\/types\/product"}],"wp:featuredmedia":[{"embeddable":true,"href":"https:\/\/pizbube.ch\/en\/wp-json\/wp\/v2\/media\/38197"}],"wp:attachment":[{"href":"https:\/\/pizbube.ch\/en\/wp-json\/wp\/v2\/media?parent=150576"}],"wp:term":[{"taxonomy":"product_brand","embeddable":true,"href":"https:\/\/pizbube.ch\/en\/wp-json\/wp\/v2\/product_brand?post=150576"},{"taxonomy":"product_cat","embeddable":true,"href":"https:\/\/pizbube.ch\/en\/wp-json\/wp\/v2\/product_cat?post=150576"},{"taxonomy":"product_tag","embeddable":true,"href":"https:\/\/pizbube.ch\/en\/wp-json\/wp\/v2\/product_tag?post=150576"}],"curies":[{"name":"wp","href":"https:\/\/api.w.org\/{rel}","templated":true}]}}