{"id":150577,"date":"2021-01-15T11:02:43","date_gmt":"2021-01-15T11:02:43","guid":{"rendered":"https:\/\/codengine3.ch\/?product=import-placeholder-for-201007"},"modified":"2021-01-15T11:02:47","modified_gmt":"2021-01-15T11:02:47","slug":"urwang","status":"publish","type":"product","link":"https:\/\/pizbube.ch\/en\/shop\/urwang\/","title":{"rendered":"Urwang"},"content":{"rendered":"<p>Roman \u00fcber den Bau des Stausees im G\u00f6schenertal  <\/p>\n<p>Das Bergtal &#8218;Urwang&#8216; soll einem Stausee zum Opfer fallen. F\u00fcnf Bauernfamilien<br \/>\nwehren sich. Trotz g\u00fctlicher Regelungen lassen sich zwangsweise Enteignungen<br \/>\nnicht vermeiden. Das Thema Technik gegen Natur ist noch heute so aktuell wie<br \/>\n1954. Ein leidenschaftlich engagiertes Buch, das dank der grossen Erz\u00e4hlkunst<br \/>\nInglins anr\u00fchrend menschlich und poetisch ausf\u00e4llt.  <\/p>","protected":false},"excerpt":{"rendered":"<p>Roman \u00fcber den Bau des Stausees im G\u00f6schenertal Das Bergtal &#8218;Urwang&#8216; soll einem Stausee zum Opfer fallen. F\u00fcnf Bauernfamilien wehren sich. Trotz g\u00fctlicher Regelungen lassen sich zwangsweise Enteignungen nicht vermeiden. Das Thema Technik gegen Natur ist noch heute so aktuell wie 1954. Ein leidenschaftlich engagiertes Buch, das dank der grossen Erz\u00e4hlkunst Inglins anr\u00fchrend menschlich und [&#8230;]\n","protected":false},"featured_media":28154,"template":"","meta":[],"product_brand":[],"product_cat":[21629],"product_tag":[],"class_list":{"0":"post-150577","1":"product","2":"type-product","3":"status-publish","4":"has-post-thumbnail","6":"product_cat-belletristik","7":"pa_autor-inglin","8":"pa_erscheinungsjahr-21693","9":"pa_region-schweiz","10":"pa_sprache-de","12":"first","13":"instock","14":"taxable","15":"shipping-taxable","16":"purchasable","17":"product-type-simple"},"_links":{"self":[{"href":"https:\/\/pizbube.ch\/en\/wp-json\/wp\/v2\/product\/150577","targetHints":{"allow":["GET"]}}],"collection":[{"href":"https:\/\/pizbube.ch\/en\/wp-json\/wp\/v2\/product"}],"about":[{"href":"https:\/\/pizbube.ch\/en\/wp-json\/wp\/v2\/types\/product"}],"wp:featuredmedia":[{"embeddable":true,"href":"https:\/\/pizbube.ch\/en\/wp-json\/wp\/v2\/media\/28154"}],"wp:attachment":[{"href":"https:\/\/pizbube.ch\/en\/wp-json\/wp\/v2\/media?parent=150577"}],"wp:term":[{"taxonomy":"product_brand","embeddable":true,"href":"https:\/\/pizbube.ch\/en\/wp-json\/wp\/v2\/product_brand?post=150577"},{"taxonomy":"product_cat","embeddable":true,"href":"https:\/\/pizbube.ch\/en\/wp-json\/wp\/v2\/product_cat?post=150577"},{"taxonomy":"product_tag","embeddable":true,"href":"https:\/\/pizbube.ch\/en\/wp-json\/wp\/v2\/product_tag?post=150577"}],"curies":[{"name":"wp","href":"https:\/\/api.w.org\/{rel}","templated":true}]}}