{"id":150578,"date":"2021-01-15T11:02:43","date_gmt":"2021-01-15T11:02:43","guid":{"rendered":"https:\/\/codengine3.ch\/?product=import-placeholder-for-204637"},"modified":"2025-02-07T14:06:24","modified_gmt":"2025-02-07T13:06:24","slug":"alte-goescheneralp","status":"publish","type":"product","link":"https:\/\/pizbube.ch\/en\/shop\/alte-goescheneralp\/","title":{"rendered":"Alte G\u00f6scheneralp"},"content":{"rendered":"<p>Berglerleben auf der alten G\u00f6scheneralp<br \/>\nErz\u00e4hlungen und Bilder zur Zeit vor dem Stausee (1920-1955).<\/p>\n<p>Auf CD festgehaltene und mit stimmungsvoller Musik untermalte Erz\u00e4hlungen von<br \/>\nZeitzeugen der alten G\u00f6scheneralp zur Zeit vor dem Stausee und die Kamera, die<br \/>\nden Betrachter auf eine sinnliche Zeitreise in diese vergangene Welt entf\u00fchrt.<\/p>\n<p>In elf eindr\u00fccklich erz\u00e4hlten, von Musik begleiteten thematischen Beitr\u00e4gen<br \/>\nund \u00fcber hundert Schwarz-Weiss-Aufnahmen aus der ersten H\u00e4lfte des 20.<br \/>\nJahrhunderts sind Dramatisches, Romantisches, lokal-historische Augenblicke<br \/>\nund Allt\u00e4gliches aus der G\u00f6scheneralp in einer einmaligen Verschmelzung von<br \/>\nBild und Ton festgehalten.<\/p>\n<p>Eine Hommage an eine wild-romantische G\u00f6scheneralp und deren einstige<br \/>\nBewohnerinnen und Bewohner. 24,5 x 30,5 cm, 140 Seiten mit integrierter CD.<\/p>\n<p>3. Auflage 2017<\/p>","protected":false},"excerpt":{"rendered":"<p>Berglerleben auf der alten G\u00f6scheneralp Erz\u00e4hlungen und Bilder zur Zeit vor dem Stausee (1920-1955). Auf CD festgehaltene und mit stimmungsvoller Musik untermalte Erz\u00e4hlungen von Zeitzeugen der alten G\u00f6scheneralp zur Zeit vor dem Stausee und die Kamera, die den Betrachter auf eine sinnliche Zeitreise in diese vergangene Welt entf\u00fchrt. In elf eindr\u00fccklich erz\u00e4hlten, von Musik begleiteten [&#8230;]\n","protected":false},"featured_media":158015,"template":"","meta":[],"product_brand":[],"product_cat":[21542],"product_tag":[],"class_list":{"0":"post-150578","1":"product","2":"type-product","3":"status-publish","4":"has-post-thumbnail","6":"product_cat-sachbuecher-dokumentationen","7":"pa_autor-steiner","8":"pa_erscheinungsjahr-21574","9":"pa_region-schweiz","10":"pa_sprache-de","12":"first","13":"outofstock","14":"taxable","15":"shipping-taxable","16":"purchasable","17":"product-type-simple"},"_links":{"self":[{"href":"https:\/\/pizbube.ch\/en\/wp-json\/wp\/v2\/product\/150578","targetHints":{"allow":["GET"]}}],"collection":[{"href":"https:\/\/pizbube.ch\/en\/wp-json\/wp\/v2\/product"}],"about":[{"href":"https:\/\/pizbube.ch\/en\/wp-json\/wp\/v2\/types\/product"}],"wp:featuredmedia":[{"embeddable":true,"href":"https:\/\/pizbube.ch\/en\/wp-json\/wp\/v2\/media\/158015"}],"wp:attachment":[{"href":"https:\/\/pizbube.ch\/en\/wp-json\/wp\/v2\/media?parent=150578"}],"wp:term":[{"taxonomy":"product_brand","embeddable":true,"href":"https:\/\/pizbube.ch\/en\/wp-json\/wp\/v2\/product_brand?post=150578"},{"taxonomy":"product_cat","embeddable":true,"href":"https:\/\/pizbube.ch\/en\/wp-json\/wp\/v2\/product_cat?post=150578"},{"taxonomy":"product_tag","embeddable":true,"href":"https:\/\/pizbube.ch\/en\/wp-json\/wp\/v2\/product_tag?post=150578"}],"curies":[{"name":"wp","href":"https:\/\/api.w.org\/{rel}","templated":true}]}}