{"id":150580,"date":"2021-01-15T11:02:43","date_gmt":"2021-01-15T11:02:43","guid":{"rendered":"https:\/\/codengine3.ch\/?product=import-placeholder-for-204428"},"modified":"2021-01-15T14:33:04","modified_gmt":"2021-01-15T14:33:04","slug":"graatzug","status":"publish","type":"product","link":"https:\/\/pizbube.ch\/en\/shop\/graatzug\/","title":{"rendered":"Graatzug"},"content":{"rendered":"<p>Anfangs der Sechzigerjahre bricht die neue Welt ins Walliser Bergdorf Plon<br \/>\nein: Mit einer Staumauer so hoch wie der Eiffelturm schliessen die<br \/>\nElektrischen die Furggerl\u00fccke. Der Schatten der Mauer legt sich \u00fcber das Tal.<br \/>\nDas Seegut, der Hof der alteingesessenen Familie Rothen, wird geflutet.<br \/>\nFast vierzig Jahre sp\u00e4ter schwimmt ein geheimnisvoller Taucher durch das<br \/>\nversunkene Seegut. Er l\u00f6st ein Kruzifix von der Wand und zerbricht es in<br \/>\nkleine St\u00fccke. Fortan und immer nur nachts, wenn die armen Seelen im Graatzug<br \/>\nauf die Gletschergrate ziehen, h\u00f6ren die Ploner das Toggen des Merkhammers<br \/>\nwieder, der einst die Heiligen Wasser der Suonen \u00fcberwacht hat. Silvan Bohrer,<br \/>\nErbe des Dorfk\u00f6nigs vermutet in der Umweltaktivistin Lena Amherd, die ihn<br \/>\nzunehmend bet\u00f6rt, die Urheberin des Spuks. Zu sp\u00e4t erkennt er, weshalb der<br \/>\nMerkhammer tats\u00e4chlich wieder schl\u00e4gt.<br \/>\nEin Dorf, zwei Familien, drei Generationen &#8211; Graatzug ist nach dem<br \/>\nErfolgsroman &#8218;Schattwand&#8216; der zweite Teil von Urs Augstburgers Bergtrilogie,<br \/>\ndie alte Sagen und neue Mythen zusammenf\u00fchrt.<\/p>","protected":false},"excerpt":{"rendered":"<p>Anfangs der Sechzigerjahre bricht die neue Welt ins Walliser Bergdorf Plon ein: Mit einer Staumauer so hoch wie der Eiffelturm schliessen die Elektrischen die Furggerl\u00fccke. Der Schatten der Mauer legt sich \u00fcber das Tal. Das Seegut, der Hof der alteingesessenen Familie Rothen, wird geflutet. Fast vierzig Jahre sp\u00e4ter schwimmt ein geheimnisvoller Taucher durch das versunkene [&#8230;]\n","protected":false},"featured_media":32295,"template":"","meta":[],"product_brand":[],"product_cat":[21629],"product_tag":[],"class_list":{"0":"post-150580","1":"product","2":"type-product","3":"status-publish","4":"has-post-thumbnail","6":"product_cat-belletristik","7":"pa_autor-augstburger","8":"pa_erscheinungsjahr-21842","9":"pa_region-schweiz","10":"pa_sprache-de","12":"first","13":"instock","14":"taxable","15":"shipping-taxable","16":"purchasable","17":"product-type-simple"},"_links":{"self":[{"href":"https:\/\/pizbube.ch\/en\/wp-json\/wp\/v2\/product\/150580","targetHints":{"allow":["GET"]}}],"collection":[{"href":"https:\/\/pizbube.ch\/en\/wp-json\/wp\/v2\/product"}],"about":[{"href":"https:\/\/pizbube.ch\/en\/wp-json\/wp\/v2\/types\/product"}],"wp:featuredmedia":[{"embeddable":true,"href":"https:\/\/pizbube.ch\/en\/wp-json\/wp\/v2\/media\/32295"}],"wp:attachment":[{"href":"https:\/\/pizbube.ch\/en\/wp-json\/wp\/v2\/media?parent=150580"}],"wp:term":[{"taxonomy":"product_brand","embeddable":true,"href":"https:\/\/pizbube.ch\/en\/wp-json\/wp\/v2\/product_brand?post=150580"},{"taxonomy":"product_cat","embeddable":true,"href":"https:\/\/pizbube.ch\/en\/wp-json\/wp\/v2\/product_cat?post=150580"},{"taxonomy":"product_tag","embeddable":true,"href":"https:\/\/pizbube.ch\/en\/wp-json\/wp\/v2\/product_tag?post=150580"}],"curies":[{"name":"wp","href":"https:\/\/api.w.org\/{rel}","templated":true}]}}