{"id":150582,"date":"2021-01-15T11:02:43","date_gmt":"2021-01-15T11:02:43","guid":{"rendered":"https:\/\/codengine3.ch\/?product=import-placeholder-for-203043"},"modified":"2025-01-07T11:13:06","modified_gmt":"2025-01-07T10:13:06","slug":"rund-ums-wasser","status":"publish","type":"product","link":"https:\/\/pizbube.ch\/en\/shop\/rund-ums-wasser\/","title":{"rendered":"Rund ums Wasser"},"content":{"rendered":"<p>Der thematische Wanderf\u00fchrer zum Wasserweg G\u00f6schenen erkl\u00e4rt die einzelnen<br \/>\nStationen im Gel\u00e4nde und liefert eine F\u00fclle von Hintergrundinformationen zum<br \/>\nThema Wasser als Gestalter der Landschaft, Wasser als Lebensraum, Wasser und<br \/>\nMensch sowie Ph\u00e4nomen Wasser. Die Brosch\u00fcre z\u00e4hlt rund 90 Seiten und ist<br \/>\nvierfarbig illustriert.<\/p>","protected":false},"excerpt":{"rendered":"<p>Der thematische Wanderf\u00fchrer zum Wasserweg G\u00f6schenen erkl\u00e4rt die einzelnen Stationen im Gel\u00e4nde und liefert eine F\u00fclle von Hintergrundinformationen zum Thema Wasser als Gestalter der Landschaft, Wasser als Lebensraum, Wasser und Mensch sowie Ph\u00e4nomen Wasser. Die Brosch\u00fcre z\u00e4hlt rund 90 Seiten und ist vierfarbig illustriert.<\/p>","protected":false},"featured_media":30555,"template":"","meta":[],"product_brand":[],"product_cat":[21605],"product_tag":[],"class_list":{"0":"post-150582","1":"product","2":"type-product","3":"status-publish","4":"has-post-thumbnail","6":"product_cat-wanderfuehrer-trekking","7":"pa_erscheinungsjahr-22292","8":"pa_region-schweiz","9":"pa_sprache-de","11":"first","12":"outofstock","13":"taxable","14":"shipping-taxable","15":"purchasable","16":"product-type-simple"},"_links":{"self":[{"href":"https:\/\/pizbube.ch\/en\/wp-json\/wp\/v2\/product\/150582","targetHints":{"allow":["GET"]}}],"collection":[{"href":"https:\/\/pizbube.ch\/en\/wp-json\/wp\/v2\/product"}],"about":[{"href":"https:\/\/pizbube.ch\/en\/wp-json\/wp\/v2\/types\/product"}],"wp:featuredmedia":[{"embeddable":true,"href":"https:\/\/pizbube.ch\/en\/wp-json\/wp\/v2\/media\/30555"}],"wp:attachment":[{"href":"https:\/\/pizbube.ch\/en\/wp-json\/wp\/v2\/media?parent=150582"}],"wp:term":[{"taxonomy":"product_brand","embeddable":true,"href":"https:\/\/pizbube.ch\/en\/wp-json\/wp\/v2\/product_brand?post=150582"},{"taxonomy":"product_cat","embeddable":true,"href":"https:\/\/pizbube.ch\/en\/wp-json\/wp\/v2\/product_cat?post=150582"},{"taxonomy":"product_tag","embeddable":true,"href":"https:\/\/pizbube.ch\/en\/wp-json\/wp\/v2\/product_tag?post=150582"}],"curies":[{"name":"wp","href":"https:\/\/api.w.org\/{rel}","templated":true}]}}