{"id":150583,"date":"2021-01-15T11:02:43","date_gmt":"2021-01-15T11:02:43","guid":{"rendered":"https:\/\/codengine3.ch\/?product=import-placeholder-for-203044"},"modified":"2021-10-02T12:45:48","modified_gmt":"2021-10-02T10:45:48","slug":"wasserweg-goeschenen-wanderkarte-1-25-000","status":"publish","type":"product","link":"https:\/\/pizbube.ch\/en\/shop\/wasserweg-goeschenen-wanderkarte-1-25-000\/","title":{"rendered":"Wasserweg G\u00f6schenen Wanderkarte 1: 25 000"},"content":{"rendered":"<p>Die Wanderkarte &#8211; Wasserweg (Massstab 1:25&#8217;000) ist ein erstes<br \/>\nInformationsmittel zum Erlebnis- und Bildungspfad entlang der G\u00f6schener Reuss<br \/>\nund ihren Seitenb\u00e4chen. Auf der topografischen Karte sind s\u00e4mtliche Stationen<br \/>\nnach Themen geordnet bezeichnet und auf der R\u00fcckseite kurz beschrieben.<\/p>","protected":false},"excerpt":{"rendered":"<p>Die Wanderkarte &#8211; Wasserweg (Massstab 1:25&#8217;000) ist ein erstes Informationsmittel zum Erlebnis- und Bildungspfad entlang der G\u00f6schener Reuss und ihren Seitenb\u00e4chen. Auf der topografischen Karte sind s\u00e4mtliche Stationen nach Themen geordnet bezeichnet und auf der R\u00fcckseite kurz beschrieben.<\/p>","protected":false},"featured_media":30556,"template":"","meta":[],"product_brand":[],"product_cat":[21543],"product_tag":[],"class_list":{"0":"post-150583","1":"product","2":"type-product","3":"status-publish","4":"has-post-thumbnail","6":"product_cat-landkarten","7":"pa_autor-wasserwelten-swisstopo","8":"pa_erscheinungsjahr-22292","9":"pa_region-schweiz","10":"pa_sprache-de","12":"first","13":"outofstock","14":"taxable","15":"shipping-taxable","16":"purchasable","17":"product-type-simple"},"_links":{"self":[{"href":"https:\/\/pizbube.ch\/en\/wp-json\/wp\/v2\/product\/150583","targetHints":{"allow":["GET"]}}],"collection":[{"href":"https:\/\/pizbube.ch\/en\/wp-json\/wp\/v2\/product"}],"about":[{"href":"https:\/\/pizbube.ch\/en\/wp-json\/wp\/v2\/types\/product"}],"wp:featuredmedia":[{"embeddable":true,"href":"https:\/\/pizbube.ch\/en\/wp-json\/wp\/v2\/media\/30556"}],"wp:attachment":[{"href":"https:\/\/pizbube.ch\/en\/wp-json\/wp\/v2\/media?parent=150583"}],"wp:term":[{"taxonomy":"product_brand","embeddable":true,"href":"https:\/\/pizbube.ch\/en\/wp-json\/wp\/v2\/product_brand?post=150583"},{"taxonomy":"product_cat","embeddable":true,"href":"https:\/\/pizbube.ch\/en\/wp-json\/wp\/v2\/product_cat?post=150583"},{"taxonomy":"product_tag","embeddable":true,"href":"https:\/\/pizbube.ch\/en\/wp-json\/wp\/v2\/product_tag?post=150583"}],"curies":[{"name":"wp","href":"https:\/\/api.w.org\/{rel}","templated":true}]}}