{"id":150584,"date":"2021-01-15T11:02:43","date_gmt":"2021-01-15T11:02:43","guid":{"rendered":"https:\/\/codengine3.ch\/?product=import-placeholder-for-201275"},"modified":"2025-10-09T10:46:05","modified_gmt":"2025-10-09T08:46:05","slug":"goldener-ring-ueber-uri","status":"publish","type":"product","link":"https:\/\/pizbube.ch\/en\/shop\/goldener-ring-ueber-uri\/","title":{"rendered":"Goldener Ring \u00fcber Uri"},"content":{"rendered":"<p>Ein Buch vom Erleben und Denken unserer Bergler, von Magie und Geistern und von den ersten und letzten Dingen.<br \/>\n1941 ist das Buch \u201eDer Goldene Ring \u00fcber Uri\u201c von Dr. Eduard Renner (1891 \u2013 1952) als Erstausgabe erschienen. Es wurde von seinem Freund, dem Kunstmaler Heinrich Danioth, illustriert.<\/p>\n<p>Eduard Renner hat im Buch das magische Weltbild im alpinen Raum (Kanton Uri) aber auch das Leben der Bergler in deren Sagenwelt eindr\u00fccklich beschrieben.<\/p>\n<p>Die Neuauflage wird inhaltlich unver\u00e4ndert bleiben. Sie wird aber neu mit Farbabbildungen von Werken Heinrich Danioths (1896-1953) illustriert. Dr. Beat Stutzer wird in einer Einleitung geschichtliche, kunsthistorische, bisher nicht bekannte Informationen sowie Rezeptionsgschichtliches beitragen. Das animistische Gedankengut E. Renners wird durch seinen Enkel interpretiert. Urner Dialektw\u00f6rter und Textbl\u00f6cke werden von Felix Aschwanden ins Hochdeutsche \u00fcbersetzt.<\/p>\n<p>2016. ca 350 S.,<br \/>\n18x 23 cm, m. Abb, gebunden<\/p>","protected":false},"excerpt":{"rendered":"<p>Ein Buch vom Erleben und Denken unserer Bergler, von Magie und Geistern und von den ersten und letzten Dingen. 1941 ist das Buch \u201eDer Goldene Ring \u00fcber Uri\u201c von Dr. Eduard Renner (1891 \u2013 1952) als Erstausgabe erschienen. Es wurde von seinem Freund, dem Kunstmaler Heinrich Danioth, illustriert. Eduard Renner hat im Buch das magische [&#8230;]\n","protected":false},"featured_media":166137,"template":"","meta":[],"product_brand":[],"product_cat":[21580,21542],"product_tag":[],"class_list":{"0":"post-150584","1":"product","2":"type-product","3":"status-publish","4":"has-post-thumbnail","6":"product_cat-kunst-kultur","7":"product_cat-sachbuecher-dokumentationen","8":"pa_autor-renner","9":"pa_erscheinungsjahr-21571","10":"pa_region-schweiz","11":"pa_sprache-de","13":"first","14":"instock","15":"taxable","16":"shipping-taxable","17":"purchasable","18":"product-type-simple"},"_links":{"self":[{"href":"https:\/\/pizbube.ch\/en\/wp-json\/wp\/v2\/product\/150584","targetHints":{"allow":["GET"]}}],"collection":[{"href":"https:\/\/pizbube.ch\/en\/wp-json\/wp\/v2\/product"}],"about":[{"href":"https:\/\/pizbube.ch\/en\/wp-json\/wp\/v2\/types\/product"}],"wp:featuredmedia":[{"embeddable":true,"href":"https:\/\/pizbube.ch\/en\/wp-json\/wp\/v2\/media\/166137"}],"wp:attachment":[{"href":"https:\/\/pizbube.ch\/en\/wp-json\/wp\/v2\/media?parent=150584"}],"wp:term":[{"taxonomy":"product_brand","embeddable":true,"href":"https:\/\/pizbube.ch\/en\/wp-json\/wp\/v2\/product_brand?post=150584"},{"taxonomy":"product_cat","embeddable":true,"href":"https:\/\/pizbube.ch\/en\/wp-json\/wp\/v2\/product_cat?post=150584"},{"taxonomy":"product_tag","embeddable":true,"href":"https:\/\/pizbube.ch\/en\/wp-json\/wp\/v2\/product_tag?post=150584"}],"curies":[{"name":"wp","href":"https:\/\/api.w.org\/{rel}","templated":true}]}}