{"id":150588,"date":"2021-01-15T11:02:48","date_gmt":"2021-01-15T11:02:48","guid":{"rendered":"https:\/\/codengine3.ch\/?product=import-placeholder-for-201011"},"modified":"2021-01-15T11:02:51","modified_gmt":"2021-01-15T11:02:51","slug":"solange-ich-atme-hoffe-ich","status":"publish","type":"product","link":"https:\/\/pizbube.ch\/en\/shop\/solange-ich-atme-hoffe-ich\/","title":{"rendered":"Solange ich atme hoffe ich"},"content":{"rendered":"<p>Verschollen im Himalaya- Eine Geschichte vom \u00dcberleben: Die Chance, im Winter<br \/>\nl\u00e4nger als eine Woche im Himalaja ohne Nahrung und Schutz zu \u00fcberleben,<br \/>\nbetr\u00e4gt eins zu einer Million. James Scott hielt es gegen jede<br \/>\nWahrscheinlichkeit 43 Tage aus &#8211; und \u00fcberlebte, mit nichts als zwei<br \/>\nSchokoladenriegeln, einigen wenigen Utensilien.<\/p>","protected":false},"excerpt":{"rendered":"<p>Verschollen im Himalaya- Eine Geschichte vom \u00dcberleben: Die Chance, im Winter l\u00e4nger als eine Woche im Himalaja ohne Nahrung und Schutz zu \u00fcberleben, betr\u00e4gt eins zu einer Million. James Scott hielt es gegen jede Wahrscheinlichkeit 43 Tage aus &#8211; und \u00fcberlebte, mit nichts als zwei Schokoladenriegeln, einigen wenigen Utensilien.<\/p>","protected":false},"featured_media":28158,"template":"","meta":[],"product_brand":[],"product_cat":[21629],"product_tag":[],"class_list":{"0":"post-150588","1":"product","2":"type-product","3":"status-publish","4":"has-post-thumbnail","6":"product_cat-belletristik","7":"pa_autor-scott-robertson","8":"pa_erscheinungsjahr-22144","9":"pa_region-asien","10":"pa_sprache-de","12":"first","13":"outofstock","14":"taxable","15":"shipping-taxable","16":"purchasable","17":"product-type-simple"},"_links":{"self":[{"href":"https:\/\/pizbube.ch\/en\/wp-json\/wp\/v2\/product\/150588","targetHints":{"allow":["GET"]}}],"collection":[{"href":"https:\/\/pizbube.ch\/en\/wp-json\/wp\/v2\/product"}],"about":[{"href":"https:\/\/pizbube.ch\/en\/wp-json\/wp\/v2\/types\/product"}],"wp:featuredmedia":[{"embeddable":true,"href":"https:\/\/pizbube.ch\/en\/wp-json\/wp\/v2\/media\/28158"}],"wp:attachment":[{"href":"https:\/\/pizbube.ch\/en\/wp-json\/wp\/v2\/media?parent=150588"}],"wp:term":[{"taxonomy":"product_brand","embeddable":true,"href":"https:\/\/pizbube.ch\/en\/wp-json\/wp\/v2\/product_brand?post=150588"},{"taxonomy":"product_cat","embeddable":true,"href":"https:\/\/pizbube.ch\/en\/wp-json\/wp\/v2\/product_cat?post=150588"},{"taxonomy":"product_tag","embeddable":true,"href":"https:\/\/pizbube.ch\/en\/wp-json\/wp\/v2\/product_tag?post=150588"}],"curies":[{"name":"wp","href":"https:\/\/api.w.org\/{rel}","templated":true}]}}