{"id":150589,"date":"2021-01-15T11:02:48","date_gmt":"2021-01-15T11:02:48","guid":{"rendered":"https:\/\/codengine3.ch\/?product=import-placeholder-for-203583"},"modified":"2021-01-15T14:24:39","modified_gmt":"2021-01-15T14:24:39","slug":"in-hoechsten-hoehen","status":"publish","type":"product","link":"https:\/\/pizbube.ch\/en\/shop\/in-hoechsten-hoehen\/","title":{"rendered":"In h\u00f6chsten H\u00f6hen"},"content":{"rendered":"<p>Dreissig Kilo Gep\u00e4ck auf dem R\u00fccken, Temperaturen, die auf dem Thermometer<br \/>\nnicht mehr verzeichnet sind und ein ehrgeiziges Ziel: Die Australierin Sorrel<br \/>\nWilby und ihr Mann Chris sind als Erste den gesamten Himalaja entlang<br \/>\ngewandert. \u00dcber h\u00f6chste H\u00f6hen und durch tiefste Schluchten, \u00fcber<br \/>\nlabyrinthartige Gletscher und gr\u00fcne Weiden geht der Weg durch die vier<br \/>\nfaszinierenden L\u00e4nder Pakistan, Indien, Nepal und Bhutan. Trotz Sonnenstichs,<br \/>\neiner Ehekrise und b\u00fcrokratischer H\u00fcrden beh\u00e4lt Wilby &#8211; von den Hunza-Tr\u00e4gern<br \/>\nliebevoll Steinbock genannt &#8211; ihren Humor. Mit einem ironischen und sehr<br \/>\npers\u00f6nlichen Blick erz\u00e4hlt sie von der Tour, von dem k\u00e4rglichen Leben der<br \/>\nBergv\u00f6lker, ihren Mentalit\u00e4ten und Traditionen &#8211; und von den bezaubernden<br \/>\nWildnis des Himalaja.<\/p>","protected":false},"excerpt":{"rendered":"<p>Dreissig Kilo Gep\u00e4ck auf dem R\u00fccken, Temperaturen, die auf dem Thermometer nicht mehr verzeichnet sind und ein ehrgeiziges Ziel: Die Australierin Sorrel Wilby und ihr Mann Chris sind als Erste den gesamten Himalaja entlang gewandert. \u00dcber h\u00f6chste H\u00f6hen und durch tiefste Schluchten, \u00fcber labyrinthartige Gletscher und gr\u00fcne Weiden geht der Weg durch die vier faszinierenden [&#8230;]\n","protected":false},"featured_media":31226,"template":"","meta":[],"product_brand":[],"product_cat":[21629],"product_tag":[],"class_list":{"0":"post-150589","1":"product","2":"type-product","3":"status-publish","4":"has-post-thumbnail","6":"product_cat-belletristik","7":"pa_autor-wilby","8":"pa_erscheinungsjahr-21776","9":"pa_region-asien","10":"pa_sprache-de","12":"first","13":"instock","14":"taxable","15":"shipping-taxable","16":"purchasable","17":"product-type-simple"},"_links":{"self":[{"href":"https:\/\/pizbube.ch\/en\/wp-json\/wp\/v2\/product\/150589","targetHints":{"allow":["GET"]}}],"collection":[{"href":"https:\/\/pizbube.ch\/en\/wp-json\/wp\/v2\/product"}],"about":[{"href":"https:\/\/pizbube.ch\/en\/wp-json\/wp\/v2\/types\/product"}],"wp:featuredmedia":[{"embeddable":true,"href":"https:\/\/pizbube.ch\/en\/wp-json\/wp\/v2\/media\/31226"}],"wp:attachment":[{"href":"https:\/\/pizbube.ch\/en\/wp-json\/wp\/v2\/media?parent=150589"}],"wp:term":[{"taxonomy":"product_brand","embeddable":true,"href":"https:\/\/pizbube.ch\/en\/wp-json\/wp\/v2\/product_brand?post=150589"},{"taxonomy":"product_cat","embeddable":true,"href":"https:\/\/pizbube.ch\/en\/wp-json\/wp\/v2\/product_cat?post=150589"},{"taxonomy":"product_tag","embeddable":true,"href":"https:\/\/pizbube.ch\/en\/wp-json\/wp\/v2\/product_tag?post=150589"}],"curies":[{"name":"wp","href":"https:\/\/api.w.org\/{rel}","templated":true}]}}