{"id":150590,"date":"2021-01-15T11:02:48","date_gmt":"2021-01-15T11:02:48","guid":{"rendered":"https:\/\/codengine3.ch\/?product=import-placeholder-for-203701"},"modified":"2021-01-15T14:25:48","modified_gmt":"2021-01-15T14:25:48","slug":"127-hours-im-canyon","status":"publish","type":"product","link":"https:\/\/pizbube.ch\/en\/shop\/127-hours-im-canyon\/","title":{"rendered":"127 Hours &#8211; Im Canyon"},"content":{"rendered":"<p>F\u00fcnf Tage und N\u00e4chte bis zur schwierigsten Entscheidung meines Lebens  <\/p>\n<p>Es sollte ein normaler Tagesausflug werden; ein wenig radfahren, t\u00fcchtig<br \/>\nwandern, ein bi\u00dfchen klettern. Doch pl\u00f6tzlich fand sich Aron Ralston,<br \/>\nehemaliger Ingenieur, nun Kletterer, Photograph und Wanderf\u00fchrer, in der<br \/>\nFalle: eingeklemmt zwischen einem halbtonnenschweren Felsblock und einer<br \/>\nFelswand. Ohne Hoffnung auf Hilfe, weil niemand wu\u00dfte, wo er war. Nach<br \/>\nf\u00fcnfeinhalb Tagen ohne ein Signal der Hoffnung, mit wenig Wasser, noch weniger<br \/>\nEssen, br\u00fctender Hitze und klirrender K\u00e4lte, stand Ralston vor der<br \/>\nschrecklichen Entscheidung: Er kann nur \u00fcberleben, wenn er sich selbst den<br \/>\neingeklemmten Arm amputiert. Das Unvorstellbare gelingt. Er kann sich noch<br \/>\neine 17 Meter hohe Felswand abseilen und mehrere Kilometer laufen, bis ihn die<br \/>\nRettungsteams finden. Selten zuvor hat ein junger Mensch so eindringlich den<br \/>\nZustand zwischen Leben und Tod beschrieben: so ehrlich, so ersch\u00fctternd, so<br \/>\nhumorvoll, so mutmachend. Dieses Buch ist schon jetzt ein Klassiker der<br \/>\nSurvival-Literatur. Farb. Fotos. 375 S.  <\/p>","protected":false},"excerpt":{"rendered":"<p>F\u00fcnf Tage und N\u00e4chte bis zur schwierigsten Entscheidung meines Lebens Es sollte ein normaler Tagesausflug werden; ein wenig radfahren, t\u00fcchtig wandern, ein bi\u00dfchen klettern. Doch pl\u00f6tzlich fand sich Aron Ralston, ehemaliger Ingenieur, nun Kletterer, Photograph und Wanderf\u00fchrer, in der Falle: eingeklemmt zwischen einem halbtonnenschweren Felsblock und einer Felswand. Ohne Hoffnung auf Hilfe, weil niemand wu\u00dfte, [&#8230;]\n","protected":false},"featured_media":31364,"template":"","meta":[],"product_brand":[],"product_cat":[21629],"product_tag":[],"class_list":{"0":"post-150590","1":"product","2":"type-product","3":"status-publish","4":"has-post-thumbnail","6":"product_cat-belletristik","7":"pa_autor-ralston","8":"pa_erscheinungsjahr-21610","9":"pa_region-amerika-nord","10":"pa_sprache-de","12":"first","13":"instock","14":"taxable","15":"shipping-taxable","16":"purchasable","17":"product-type-simple"},"_links":{"self":[{"href":"https:\/\/pizbube.ch\/en\/wp-json\/wp\/v2\/product\/150590","targetHints":{"allow":["GET"]}}],"collection":[{"href":"https:\/\/pizbube.ch\/en\/wp-json\/wp\/v2\/product"}],"about":[{"href":"https:\/\/pizbube.ch\/en\/wp-json\/wp\/v2\/types\/product"}],"wp:featuredmedia":[{"embeddable":true,"href":"https:\/\/pizbube.ch\/en\/wp-json\/wp\/v2\/media\/31364"}],"wp:attachment":[{"href":"https:\/\/pizbube.ch\/en\/wp-json\/wp\/v2\/media?parent=150590"}],"wp:term":[{"taxonomy":"product_brand","embeddable":true,"href":"https:\/\/pizbube.ch\/en\/wp-json\/wp\/v2\/product_brand?post=150590"},{"taxonomy":"product_cat","embeddable":true,"href":"https:\/\/pizbube.ch\/en\/wp-json\/wp\/v2\/product_cat?post=150590"},{"taxonomy":"product_tag","embeddable":true,"href":"https:\/\/pizbube.ch\/en\/wp-json\/wp\/v2\/product_tag?post=150590"}],"curies":[{"name":"wp","href":"https:\/\/api.w.org\/{rel}","templated":true}]}}