{"id":150591,"date":"2021-01-15T11:02:48","date_gmt":"2021-01-15T11:02:48","guid":{"rendered":"https:\/\/codengine3.ch\/?product=import-placeholder-for-201375"},"modified":"2024-10-11T08:57:27","modified_gmt":"2024-10-11T06:57:27","slug":"sturz-ins-leere-taschenbuchausgabe","status":"publish","type":"product","link":"https:\/\/pizbube.ch\/en\/shop\/sturz-ins-leere-taschenbuchausgabe\/","title":{"rendered":"Sturz ins Leere (Taschenbuchausgabe)"},"content":{"rendered":"<p>Ein \u00dcberlebenskampf in den Anden<\/p>\n<p>Die beiden jungen Bergsteiger Joe Simpson und Simon Yates brechen auf, um den<br \/>\nAndengipfel Siula Grande \u00fcber die bisher unbezwungene Westwand zu besteigen.<br \/>\nBei einem Sturz im Abstieg wird Simpsons Knie zerschmettert. Sein Seilpartner<br \/>\nsetzt alles daran, das Leben seines Gef\u00e4hrten zu retten, und seilt ihn bei<br \/>\nextrem schlechten Wetterbedingungen ohne Selbstsicherung ab.<\/p>\n<p>Doch Simpson rutscht ab und h\u00e4ngt mit einem Mal \u00fcber dem g\u00e4hnenden Abgrund einer<br \/>\nGletscherspalte. Um nicht selbst mit in die Tiefe gerissen zu werden, muss<br \/>\nYates das Seil kappen, das die beiden verbindet. Wie durch ein Wunder entgeht<br \/>\nSimpson dem sicheren Tod. Nun beginnt f\u00fcr ihn der Kampf ums \u00dcberleben, w\u00e4hrend<br \/>\nYates in der Einsamkeit mit seinem Gewissen ringt &#8230;<\/p>","protected":false},"excerpt":{"rendered":"<p>Ein \u00dcberlebenskampf in den Anden Die beiden jungen Bergsteiger Joe Simpson und Simon Yates brechen auf, um den Andengipfel Siula Grande \u00fcber die bisher unbezwungene Westwand zu besteigen. Bei einem Sturz im Abstieg wird Simpsons Knie zerschmettert. Sein Seilpartner setzt alles daran, das Leben seines Gef\u00e4hrten zu retten, und seilt ihn bei extrem schlechten Wetterbedingungen [&#8230;]\n","protected":false},"featured_media":176644,"template":"","meta":[],"product_brand":[],"product_cat":[21629],"product_tag":[],"class_list":{"0":"post-150591","1":"product","2":"type-product","3":"status-publish","4":"has-post-thumbnail","6":"product_cat-belletristik","7":"pa_autor-simpson","8":"pa_erscheinungsjahr-21610","9":"pa_region-amerika-sued","10":"pa_sprache-de","12":"first","13":"instock","14":"taxable","15":"shipping-taxable","16":"purchasable","17":"product-type-simple"},"_links":{"self":[{"href":"https:\/\/pizbube.ch\/en\/wp-json\/wp\/v2\/product\/150591","targetHints":{"allow":["GET"]}}],"collection":[{"href":"https:\/\/pizbube.ch\/en\/wp-json\/wp\/v2\/product"}],"about":[{"href":"https:\/\/pizbube.ch\/en\/wp-json\/wp\/v2\/types\/product"}],"wp:featuredmedia":[{"embeddable":true,"href":"https:\/\/pizbube.ch\/en\/wp-json\/wp\/v2\/media\/176644"}],"wp:attachment":[{"href":"https:\/\/pizbube.ch\/en\/wp-json\/wp\/v2\/media?parent=150591"}],"wp:term":[{"taxonomy":"product_brand","embeddable":true,"href":"https:\/\/pizbube.ch\/en\/wp-json\/wp\/v2\/product_brand?post=150591"},{"taxonomy":"product_cat","embeddable":true,"href":"https:\/\/pizbube.ch\/en\/wp-json\/wp\/v2\/product_cat?post=150591"},{"taxonomy":"product_tag","embeddable":true,"href":"https:\/\/pizbube.ch\/en\/wp-json\/wp\/v2\/product_tag?post=150591"}],"curies":[{"name":"wp","href":"https:\/\/api.w.org\/{rel}","templated":true}]}}