{"id":150592,"date":"2021-01-15T11:02:48","date_gmt":"2021-01-15T11:02:48","guid":{"rendered":"https:\/\/codengine3.ch\/?product=import-placeholder-for-202366"},"modified":"2021-01-15T12:35:41","modified_gmt":"2021-01-15T12:35:41","slug":"ueberleben-am-gipfel","status":"publish","type":"product","link":"https:\/\/pizbube.ch\/en\/shop\/ueberleben-am-gipfel\/","title":{"rendered":"\u00dcberleben am Gipfel"},"content":{"rendered":"<p>17 atemberaubende Geschichten \u00fcber die Faszination eisiger H\u00f6hen von Heinrich<br \/>\nHarrer, David Roberts, H.G. Wells, Tom Patey, Edward Whymper, Dorothy Bullit<br \/>\nu.a.  <\/p>","protected":false},"excerpt":{"rendered":"<p>17 atemberaubende Geschichten \u00fcber die Faszination eisiger H\u00f6hen von Heinrich Harrer, David Roberts, H.G. Wells, Tom Patey, Edward Whymper, Dorothy Bullit u.a.<\/p>","protected":false},"featured_media":29746,"template":"","meta":[],"product_brand":[],"product_cat":[21629],"product_tag":[],"class_list":{"0":"post-150592","1":"product","2":"type-product","3":"status-publish","4":"has-post-thumbnail","6":"product_cat-belletristik","7":"pa_autor-willis","8":"pa_erscheinungsjahr-22242","9":"pa_region-deutschland","10":"pa_sprache-de","12":"first","13":"instock","14":"taxable","15":"shipping-taxable","16":"purchasable","17":"product-type-simple"},"_links":{"self":[{"href":"https:\/\/pizbube.ch\/en\/wp-json\/wp\/v2\/product\/150592","targetHints":{"allow":["GET"]}}],"collection":[{"href":"https:\/\/pizbube.ch\/en\/wp-json\/wp\/v2\/product"}],"about":[{"href":"https:\/\/pizbube.ch\/en\/wp-json\/wp\/v2\/types\/product"}],"wp:featuredmedia":[{"embeddable":true,"href":"https:\/\/pizbube.ch\/en\/wp-json\/wp\/v2\/media\/29746"}],"wp:attachment":[{"href":"https:\/\/pizbube.ch\/en\/wp-json\/wp\/v2\/media?parent=150592"}],"wp:term":[{"taxonomy":"product_brand","embeddable":true,"href":"https:\/\/pizbube.ch\/en\/wp-json\/wp\/v2\/product_brand?post=150592"},{"taxonomy":"product_cat","embeddable":true,"href":"https:\/\/pizbube.ch\/en\/wp-json\/wp\/v2\/product_cat?post=150592"},{"taxonomy":"product_tag","embeddable":true,"href":"https:\/\/pizbube.ch\/en\/wp-json\/wp\/v2\/product_tag?post=150592"}],"curies":[{"name":"wp","href":"https:\/\/api.w.org\/{rel}","templated":true}]}}