{"id":150593,"date":"2021-01-15T11:02:48","date_gmt":"2021-01-15T11:02:48","guid":{"rendered":"https:\/\/codengine3.ch\/?product=import-placeholder-for-202032"},"modified":"2021-01-15T12:32:47","modified_gmt":"2021-01-15T12:32:47","slug":"der-schimmernde-berg","status":"publish","type":"product","link":"https:\/\/pizbube.ch\/en\/shop\/der-schimmernde-berg\/","title":{"rendered":"Der schimmernde Berg"},"content":{"rendered":"<p>versammelt 15 Berichte von legend\u00e4ren Expeditionen ins ewige Eis auf die<br \/>\nber\u00fchmtesten Gipfel der Welt: von Herzog \u00fcber Child bis zu Krakauer; vom<br \/>\nMcKinley \u00fcber den Everest zum K2!  <\/p>","protected":false},"excerpt":{"rendered":"<p>versammelt 15 Berichte von legend\u00e4ren Expeditionen ins ewige Eis auf die ber\u00fchmtesten Gipfel der Welt: von Herzog \u00fcber Child bis zu Krakauer; vom McKinley \u00fcber den Everest zum K2!<\/p>","protected":false},"featured_media":29411,"template":"","meta":[],"product_brand":[],"product_cat":[21629],"product_tag":[],"class_list":{"0":"post-150593","1":"product","2":"type-product","3":"status-publish","4":"has-post-thumbnail","6":"product_cat-belletristik","7":"pa_autor-willis-hg","8":"pa_erscheinungsjahr-21750","9":"pa_region-deutschland","10":"pa_sprache-de","12":"first","13":"outofstock","14":"taxable","15":"shipping-taxable","16":"purchasable","17":"product-type-simple"},"_links":{"self":[{"href":"https:\/\/pizbube.ch\/en\/wp-json\/wp\/v2\/product\/150593","targetHints":{"allow":["GET"]}}],"collection":[{"href":"https:\/\/pizbube.ch\/en\/wp-json\/wp\/v2\/product"}],"about":[{"href":"https:\/\/pizbube.ch\/en\/wp-json\/wp\/v2\/types\/product"}],"wp:featuredmedia":[{"embeddable":true,"href":"https:\/\/pizbube.ch\/en\/wp-json\/wp\/v2\/media\/29411"}],"wp:attachment":[{"href":"https:\/\/pizbube.ch\/en\/wp-json\/wp\/v2\/media?parent=150593"}],"wp:term":[{"taxonomy":"product_brand","embeddable":true,"href":"https:\/\/pizbube.ch\/en\/wp-json\/wp\/v2\/product_brand?post=150593"},{"taxonomy":"product_cat","embeddable":true,"href":"https:\/\/pizbube.ch\/en\/wp-json\/wp\/v2\/product_cat?post=150593"},{"taxonomy":"product_tag","embeddable":true,"href":"https:\/\/pizbube.ch\/en\/wp-json\/wp\/v2\/product_tag?post=150593"}],"curies":[{"name":"wp","href":"https:\/\/api.w.org\/{rel}","templated":true}]}}