{"id":150595,"date":"2021-01-15T11:02:48","date_gmt":"2021-01-15T11:02:48","guid":{"rendered":"https:\/\/codengine3.ch\/?product=import-placeholder-for-201013"},"modified":"2021-01-15T11:02:51","modified_gmt":"2021-01-15T11:02:51","slug":"crash-au-mont-blanc","status":"publish","type":"product","link":"https:\/\/pizbube.ch\/en\/shop\/crash-au-mont-blanc\/","title":{"rendered":"Crash au Mont Blanc"},"content":{"rendered":"<p>Le 3 novembre 1950, le Constellation Malabar Princess de la Compagnie Air<br \/>\nIndia s&#8217;\u00e9crase \u00e0 quelques m\u00e8tres du sommet du mont Blanc faisant quarante-huit<br \/>\nvictimes, sans compter le guide qui conduisait la caravane de secours d\u00e9p\u00each\u00e9e<br \/>\nsur les lieux de l&#8217;accident.<br \/>\nRapidement une rumeur se r\u00e9pand \u00e0 Chamonix : le Malabar transportait un tr\u00e9sor<br \/>\nen lingots d&#8217;or et en bijoux&#8230;<br \/>\nLa trag\u00e9die du Malabar fait la une de la presse internationale ; elle<br \/>\ninspirera Henri Troyat pour son roman La neige en deuil, qui sera ensuite<br \/>\nadapt\u00e9 au cin\u00e9ma dans un film avec Spencer Tracy.<br \/>\nLe 24 janvier 1966, le Boeing Kangchenjunga de la compagnie nationale indienne<br \/>\nse crashe avec cent-dix-sept personnes \u00e0 bord au m\u00eame endroit que le Malabar.<br \/>\nErreur d&#8217;appr\u00e9ciation ou collision? Un journal allemand r\u00e9v\u00e8le qu&#8217;un avion<br \/>\nmilitaire italien avait disparu des radars en m\u00eame temps que l&#8217;appareil d&#8217;Air<br \/>\nIndia.<br \/>\nUne exp\u00e9dition emmen\u00e9e par l&#8217;alpiniste Ren\u00e9 Desmaison et compos\u00e9e de<br \/>\njournalistes et techniciens de l&#8217;ORTF, redescend des pi\u00e8ces qui, pr\u00e9tendent-<br \/>\nils, n&#8217;appartiennent pas \u00e0 un Boeing.<br \/>\nLe dossier n&#8217;en est pas moins rapidement class\u00e9.<br \/>\nAujourd&#8217;hui, ces affaires seraient oubli\u00e9es si, au front des glaciers, ne<br \/>\nressurgissaient des corps et des d\u00e9bris d&#8217;avions&#8230; Si la montagne n&#8217;\u00e9tait<br \/>\nfouill\u00e9e par de myst\u00e9rieux pilleurs de s\u00e9pultures&#8230; Si ces souvenirs macabres<br \/>\nne faisaient l&#8217;objet d&#8217;un \u00e9trange trafic&#8230; Les fant\u00f4mes du Malabar r\u00f4dent<br \/>\ntoujours.  <\/p>","protected":false},"excerpt":{"rendered":"<p>Le 3 novembre 1950, le Constellation Malabar Princess de la Compagnie Air India s&#8217;\u00e9crase \u00e0 quelques m\u00e8tres du sommet du mont Blanc faisant quarante-huit victimes, sans compter le guide qui conduisait la caravane de secours d\u00e9p\u00each\u00e9e sur les lieux de l&#8217;accident. Rapidement une rumeur se r\u00e9pand \u00e0 Chamonix : le Malabar transportait un tr\u00e9sor en [&#8230;]\n","protected":false},"featured_media":28160,"template":"","meta":[],"product_brand":[],"product_cat":[21629],"product_tag":[],"class_list":{"0":"post-150595","1":"product","2":"type-product","3":"status-publish","4":"has-post-thumbnail","6":"product_cat-belletristik","7":"pa_autor-rey","8":"pa_erscheinungsjahr-21920","9":"pa_region-frankreich","10":"pa_sprache-fr","12":"first","13":"instock","14":"taxable","15":"shipping-taxable","16":"purchasable","17":"product-type-simple"},"_links":{"self":[{"href":"https:\/\/pizbube.ch\/en\/wp-json\/wp\/v2\/product\/150595","targetHints":{"allow":["GET"]}}],"collection":[{"href":"https:\/\/pizbube.ch\/en\/wp-json\/wp\/v2\/product"}],"about":[{"href":"https:\/\/pizbube.ch\/en\/wp-json\/wp\/v2\/types\/product"}],"wp:featuredmedia":[{"embeddable":true,"href":"https:\/\/pizbube.ch\/en\/wp-json\/wp\/v2\/media\/28160"}],"wp:attachment":[{"href":"https:\/\/pizbube.ch\/en\/wp-json\/wp\/v2\/media?parent=150595"}],"wp:term":[{"taxonomy":"product_brand","embeddable":true,"href":"https:\/\/pizbube.ch\/en\/wp-json\/wp\/v2\/product_brand?post=150595"},{"taxonomy":"product_cat","embeddable":true,"href":"https:\/\/pizbube.ch\/en\/wp-json\/wp\/v2\/product_cat?post=150595"},{"taxonomy":"product_tag","embeddable":true,"href":"https:\/\/pizbube.ch\/en\/wp-json\/wp\/v2\/product_tag?post=150595"}],"curies":[{"name":"wp","href":"https:\/\/api.w.org\/{rel}","templated":true}]}}