{"id":150596,"date":"2021-01-15T11:02:48","date_gmt":"2021-01-15T11:02:48","guid":{"rendered":"https:\/\/codengine3.ch\/?product=import-placeholder-for-204041"},"modified":"2021-01-15T14:29:09","modified_gmt":"2021-01-15T14:29:09","slug":"guide-pour-se-perdre-en-montagne","status":"publish","type":"product","link":"https:\/\/pizbube.ch\/en\/shop\/guide-pour-se-perdre-en-montagne\/","title":{"rendered":"Guide pour se perdre en montagne"},"content":{"rendered":"<p>Un &#8218;anti-guide&#8216;, destin\u00e9 aux vagabonds des montagnes qui vivent leur passion<br \/>\nloin des sentiers battus, pr\u00eats \u00e0 toutes sortes de rencontres, du nuage au<br \/>\nfaucon, du chamois au griffon.<br \/>\nUne \u00e9num\u00e9ration d&#8217;instruments et de rencontres qui sont des contes, des<br \/>\n\u00e9piphanies, des \u00e9clats de rire inattendus.<br \/>\nExtraits:<br \/>\nCorde : la manier souvent, pas seulement pour grimper, mais pour apprendre \u00e0<br \/>\nfaire les noeuds, sinon son usage est contre-indiqu\u00e9 et peut vous servir \u00e0<br \/>\nfinir dans des journaux que vous ne pourrez plus lire. Sursum corda.<\/p>","protected":false},"excerpt":{"rendered":"<p>Un &#8218;anti-guide&#8216;, destin\u00e9 aux vagabonds des montagnes qui vivent leur passion loin des sentiers battus, pr\u00eats \u00e0 toutes sortes de rencontres, du nuage au faucon, du chamois au griffon. Une \u00e9num\u00e9ration d&#8217;instruments et de rencontres qui sont des contes, des \u00e9piphanies, des \u00e9clats de rire inattendus. Extraits: Corde : la manier souvent, pas seulement pour [&#8230;]\n","protected":false},"featured_media":31776,"template":"","meta":[],"product_brand":[],"product_cat":[21629],"product_tag":[],"class_list":{"0":"post-150596","1":"product","2":"type-product","3":"status-publish","4":"has-post-thumbnail","6":"product_cat-belletristik","7":"pa_autor-morelli","8":"pa_erscheinungsjahr-21763","9":"pa_region-frankreich","10":"pa_sprache-fr","12":"first","13":"instock","14":"taxable","15":"shipping-taxable","16":"purchasable","17":"product-type-simple"},"_links":{"self":[{"href":"https:\/\/pizbube.ch\/en\/wp-json\/wp\/v2\/product\/150596","targetHints":{"allow":["GET"]}}],"collection":[{"href":"https:\/\/pizbube.ch\/en\/wp-json\/wp\/v2\/product"}],"about":[{"href":"https:\/\/pizbube.ch\/en\/wp-json\/wp\/v2\/types\/product"}],"wp:featuredmedia":[{"embeddable":true,"href":"https:\/\/pizbube.ch\/en\/wp-json\/wp\/v2\/media\/31776"}],"wp:attachment":[{"href":"https:\/\/pizbube.ch\/en\/wp-json\/wp\/v2\/media?parent=150596"}],"wp:term":[{"taxonomy":"product_brand","embeddable":true,"href":"https:\/\/pizbube.ch\/en\/wp-json\/wp\/v2\/product_brand?post=150596"},{"taxonomy":"product_cat","embeddable":true,"href":"https:\/\/pizbube.ch\/en\/wp-json\/wp\/v2\/product_cat?post=150596"},{"taxonomy":"product_tag","embeddable":true,"href":"https:\/\/pizbube.ch\/en\/wp-json\/wp\/v2\/product_tag?post=150596"}],"curies":[{"name":"wp","href":"https:\/\/api.w.org\/{rel}","templated":true}]}}