{"id":150598,"date":"2021-01-15T11:02:48","date_gmt":"2021-01-15T11:02:48","guid":{"rendered":"https:\/\/codengine3.ch\/?product=import-placeholder-for-204116"},"modified":"2021-01-15T14:29:58","modified_gmt":"2021-01-15T14:29:58","slug":"moorlandschaft-habkern-soerenberg","status":"publish","type":"product","link":"https:\/\/pizbube.ch\/en\/shop\/moorlandschaft-habkern-soerenberg\/","title":{"rendered":"Moorlandschaft Habkern S\u00f6renberg"},"content":{"rendered":"<p>Die Moorlandschaft Habkern &#8211; S\u00f6renberg liegt \u00f6stlich von Interlaken in den<br \/>\nn\u00f6rdlichen Voralpen. Sie erstreckt sich \u00fcber 86 km2 von S\u00f6renberg bis<br \/>\nBeatenberg und ist damit die zweitgr\u00f6sste Moorlandschaft der Schweiz. Seit<br \/>\n1996 ist sie durch die Moorlandschaftsverordnung gesch\u00fctzt. Bisher fehlte aber<br \/>\neine Beschreibung der sch\u00fctzenswerten Besonderheiten dieser grossartigen<br \/>\nLandschaft. Dieser Exkursionsf\u00fchrer ist nicht ein herk\u00f6mmlicher Routenf\u00fchrer,<br \/>\nsondern liefert eine umfassende naturr\u00e4umliche Charakteristik des bernischen<br \/>\nTeils. Zu elf Exkursionsr\u00e4umen wird eine F\u00fclle an Hintergrundinformationen und<br \/>\nBeobachtungsm\u00f6glichkeiten aufgezeigt.Das Buch ist allen zu empfehlen, die es<br \/>\nlieben, wildromantische Landschaften zu Fuss zu entdecken.<\/p>","protected":false},"excerpt":{"rendered":"<p>Die Moorlandschaft Habkern &#8211; S\u00f6renberg liegt \u00f6stlich von Interlaken in den n\u00f6rdlichen Voralpen. Sie erstreckt sich \u00fcber 86 km2 von S\u00f6renberg bis Beatenberg und ist damit die zweitgr\u00f6sste Moorlandschaft der Schweiz. Seit 1996 ist sie durch die Moorlandschaftsverordnung gesch\u00fctzt. Bisher fehlte aber eine Beschreibung der sch\u00fctzenswerten Besonderheiten dieser grossartigen Landschaft. Dieser Exkursionsf\u00fchrer ist nicht ein [&#8230;]\n","protected":false},"featured_media":31870,"template":"","meta":[],"product_brand":[],"product_cat":[21542],"product_tag":[],"class_list":{"0":"post-150598","1":"product","2":"type-product","3":"status-publish","4":"has-post-thumbnail","6":"product_cat-sachbuecher-dokumentationen","7":"pa_autor-gnaegi","8":"pa_erscheinungsjahr-21763","9":"pa_region-fauna-flora-geologie-glaziologie","10":"pa_sprache-de","12":"first","13":"instock","14":"taxable","15":"shipping-taxable","16":"purchasable","17":"product-type-simple"},"_links":{"self":[{"href":"https:\/\/pizbube.ch\/en\/wp-json\/wp\/v2\/product\/150598","targetHints":{"allow":["GET"]}}],"collection":[{"href":"https:\/\/pizbube.ch\/en\/wp-json\/wp\/v2\/product"}],"about":[{"href":"https:\/\/pizbube.ch\/en\/wp-json\/wp\/v2\/types\/product"}],"wp:featuredmedia":[{"embeddable":true,"href":"https:\/\/pizbube.ch\/en\/wp-json\/wp\/v2\/media\/31870"}],"wp:attachment":[{"href":"https:\/\/pizbube.ch\/en\/wp-json\/wp\/v2\/media?parent=150598"}],"wp:term":[{"taxonomy":"product_brand","embeddable":true,"href":"https:\/\/pizbube.ch\/en\/wp-json\/wp\/v2\/product_brand?post=150598"},{"taxonomy":"product_cat","embeddable":true,"href":"https:\/\/pizbube.ch\/en\/wp-json\/wp\/v2\/product_cat?post=150598"},{"taxonomy":"product_tag","embeddable":true,"href":"https:\/\/pizbube.ch\/en\/wp-json\/wp\/v2\/product_tag?post=150598"}],"curies":[{"name":"wp","href":"https:\/\/api.w.org\/{rel}","templated":true}]}}