{"id":150599,"date":"2021-01-15T11:02:48","date_gmt":"2021-01-15T11:02:48","guid":{"rendered":"https:\/\/codengine3.ch\/?product=import-placeholder-for-203085"},"modified":"2021-01-15T12:53:58","modified_gmt":"2021-01-15T12:53:58","slug":"die-schoensten-bergwanderungen-im-buendner-oberland-surselva","status":"publish","type":"product","link":"https:\/\/pizbube.ch\/en\/shop\/die-schoensten-bergwanderungen-im-buendner-oberland-surselva\/","title":{"rendered":"Die sch\u00f6nsten Bergwanderungen im B\u00fcndner Oberland Surselva"},"content":{"rendered":"<p>Das Quellgebiet des Rheins befindet sich in einem spektakul\u00e4ren Wandergebiet<br \/>\nzwischen Urnerland und Tessin in der \u00e4ussersten Nordwestecke des Kantons<br \/>\nGraub\u00fcnden.<br \/>\nDieses Buch f\u00fchrt Sie zu den sch\u00f6nsten, abgelegensten und interessanten<br \/>\nRegionen der Surselva (B\u00fcndner Oberland).  <\/p>\n<p>Zu allen Touren finden Sie:<br \/>\n&#8211; Zeit-\/L\u00e4ngenangaben<br \/>\n&#8211; H\u00f6henunterschied samt H\u00f6henprofil<br \/>\n&#8211; Detailierte Anfahrtsbeschreibung<br \/>\n&#8211; Routenkarten<br \/>\n&#8211; Alternativvorschl\u00e4ge<br \/>\n&#8211; um die 150 Farbfotos und Aquarelle der Gegend  <\/p>","protected":false},"excerpt":{"rendered":"<p>Das Quellgebiet des Rheins befindet sich in einem spektakul\u00e4ren Wandergebiet zwischen Urnerland und Tessin in der \u00e4ussersten Nordwestecke des Kantons Graub\u00fcnden. Dieses Buch f\u00fchrt Sie zu den sch\u00f6nsten, abgelegensten und interessanten Regionen der Surselva (B\u00fcndner Oberland). Zu allen Touren finden Sie: &#8211; Zeit-\/L\u00e4ngenangaben &#8211; H\u00f6henunterschied samt H\u00f6henprofil &#8211; Detailierte Anfahrtsbeschreibung &#8211; Routenkarten &#8211; Alternativvorschl\u00e4ge &#8211; [&#8230;]\n","protected":false},"featured_media":30610,"template":"","meta":[],"product_brand":[],"product_cat":[21605],"product_tag":[],"class_list":{"0":"post-150599","1":"product","2":"type-product","3":"status-publish","4":"has-post-thumbnail","6":"product_cat-wanderfuehrer-trekking","7":"pa_autor-dettling","8":"pa_erscheinungsjahr-21763","9":"pa_region-schweiz","10":"pa_sprache-de","12":"first","13":"instock","14":"taxable","15":"shipping-taxable","16":"purchasable","17":"product-type-simple"},"_links":{"self":[{"href":"https:\/\/pizbube.ch\/en\/wp-json\/wp\/v2\/product\/150599","targetHints":{"allow":["GET"]}}],"collection":[{"href":"https:\/\/pizbube.ch\/en\/wp-json\/wp\/v2\/product"}],"about":[{"href":"https:\/\/pizbube.ch\/en\/wp-json\/wp\/v2\/types\/product"}],"wp:featuredmedia":[{"embeddable":true,"href":"https:\/\/pizbube.ch\/en\/wp-json\/wp\/v2\/media\/30610"}],"wp:attachment":[{"href":"https:\/\/pizbube.ch\/en\/wp-json\/wp\/v2\/media?parent=150599"}],"wp:term":[{"taxonomy":"product_brand","embeddable":true,"href":"https:\/\/pizbube.ch\/en\/wp-json\/wp\/v2\/product_brand?post=150599"},{"taxonomy":"product_cat","embeddable":true,"href":"https:\/\/pizbube.ch\/en\/wp-json\/wp\/v2\/product_cat?post=150599"},{"taxonomy":"product_tag","embeddable":true,"href":"https:\/\/pizbube.ch\/en\/wp-json\/wp\/v2\/product_tag?post=150599"}],"curies":[{"name":"wp","href":"https:\/\/api.w.org\/{rel}","templated":true}]}}