{"id":150601,"date":"2021-01-15T11:02:48","date_gmt":"2021-01-15T11:02:48","guid":{"rendered":"https:\/\/codengine3.ch\/?product=import-placeholder-for-201016"},"modified":"2022-06-28T13:51:34","modified_gmt":"2022-06-28T11:51:34","slug":"ulrich-inderbinen","status":"publish","type":"product","link":"https:\/\/pizbube.ch\/en\/shop\/ulrich-inderbinen\/","title":{"rendered":"Ulrich Inderbinen"},"content":{"rendered":"<p>Ich bin so alt wie das Jahrhundert<\/p>\n<p>Am 14. Juni hat sich Ulrich Inderbinens Todestag zum 10. Mal gej\u00e4hrt. Zur<br \/>\nErinnerung an den legend\u00e4ren Zermatter Bergf\u00fchrer erscheint nun eine<br \/>\nNeuauflage der deutschen Version seiner Biographie, die durch einen Nachtrag,<br \/>\neinen festen Einband und grafische Verbesserungen aufgewertet wird. Ulrich<br \/>\nInderbinen war nicht nur ein aussergew\u00f6hnlicher Bergf\u00fchrer, der seinen Beruf<br \/>\n71 Jahre lang aus\u00fcbte und noch im Alter von 90 Jahren das Matterhorn bestieg,<br \/>\nsondern auch Zeuge eines Jahrhunderts in dem sich sein Heimatort Zermatt von<br \/>\neinem armseligen Bergdorf zu einer luxuri\u00f6sen Feriendestination entwickelt<br \/>\nhat.<\/p>\n<p>Ulrichs Lebensgeschichte erinnert an l\u00e4ngst vergessene Zeiten und ist<br \/>\nexemplarisch f\u00fcr das harte Leben der Schweizer Bergbauern zu Anfang des 20.<br \/>\nJahrhunderts. Wer das heutige Zermatt kennt, kann sich kaum vorstellen, dass<br \/>\ndie einheimische Bev\u00f6lkerung vor 100 Jahren noch in grosser Armut lebte. Die<br \/>\nKindersterblichkeit war extrem hoch und bis Ende des Jahres 1928 fiel das Dorf<br \/>\nvon Oktober bis Mai in tiefen Winterschlaf \u2013 v\u00f6llig abgeschieden von der<br \/>\nAussenwelt, ohne Strasse und Zugverbindung. Nach der Lekt\u00fcre der Biographie<br \/>\nschrieb daher einer von Ulrichs Bewunderern aus England: \u00abIt seems incredible<br \/>\nthat a place has changed so much in one man\u2019s lifetime.\u00bb (\u00abEs erscheint<br \/>\nunglaublich, dass ein Ort sich in der Lebensspanne eines Menschen so sehr<br \/>\nver\u00e4ndert hat.\u00bb)<\/p>","protected":false},"excerpt":{"rendered":"<p>Ich bin so alt wie das Jahrhundert Am 14. Juni hat sich Ulrich Inderbinens Todestag zum 10. Mal gej\u00e4hrt. Zur Erinnerung an den legend\u00e4ren Zermatter Bergf\u00fchrer erscheint nun eine Neuauflage der deutschen Version seiner Biographie, die durch einen Nachtrag, einen festen Einband und grafische Verbesserungen aufgewertet wird. Ulrich Inderbinen war nicht nur ein aussergew\u00f6hnlicher Bergf\u00fchrer, [&#8230;]\n","protected":false},"featured_media":162497,"template":"","meta":[],"product_brand":[],"product_cat":[21542],"product_tag":[],"class_list":{"0":"post-150601","1":"product","2":"type-product","3":"status-publish","4":"has-post-thumbnail","6":"product_cat-sachbuecher-dokumentationen","7":"pa_autor-lanz-de-meester","8":"pa_erscheinungsjahr-21550","9":"pa_region-schweiz","10":"pa_sprache-de","12":"first","13":"instock","14":"taxable","15":"shipping-taxable","16":"purchasable","17":"product-type-simple"},"_links":{"self":[{"href":"https:\/\/pizbube.ch\/en\/wp-json\/wp\/v2\/product\/150601","targetHints":{"allow":["GET"]}}],"collection":[{"href":"https:\/\/pizbube.ch\/en\/wp-json\/wp\/v2\/product"}],"about":[{"href":"https:\/\/pizbube.ch\/en\/wp-json\/wp\/v2\/types\/product"}],"wp:featuredmedia":[{"embeddable":true,"href":"https:\/\/pizbube.ch\/en\/wp-json\/wp\/v2\/media\/162497"}],"wp:attachment":[{"href":"https:\/\/pizbube.ch\/en\/wp-json\/wp\/v2\/media?parent=150601"}],"wp:term":[{"taxonomy":"product_brand","embeddable":true,"href":"https:\/\/pizbube.ch\/en\/wp-json\/wp\/v2\/product_brand?post=150601"},{"taxonomy":"product_cat","embeddable":true,"href":"https:\/\/pizbube.ch\/en\/wp-json\/wp\/v2\/product_cat?post=150601"},{"taxonomy":"product_tag","embeddable":true,"href":"https:\/\/pizbube.ch\/en\/wp-json\/wp\/v2\/product_tag?post=150601"}],"curies":[{"name":"wp","href":"https:\/\/api.w.org\/{rel}","templated":true}]}}