{"id":150602,"date":"2021-01-15T11:02:48","date_gmt":"2021-01-15T11:02:48","guid":{"rendered":"https:\/\/codengine3.ch\/?product=import-placeholder-for-202313"},"modified":"2021-01-15T12:35:13","modified_gmt":"2021-01-15T12:35:13","slug":"leben-vertikal","status":"publish","type":"product","link":"https:\/\/pizbube.ch\/en\/shop\/leben-vertikal\/","title":{"rendered":"Leben vertikal"},"content":{"rendered":"<p>Der Autor, selbst Profi-Bergf\u00fchrer und auf den Bergen der ganzen Welt zu<br \/>\nHause, l\u00e4sst die Leser einen Blick hinter die Kulissen eines<br \/>\nverantwortungsvollen Bergf\u00fchrerlebens werfen und beschreibt spannend und<br \/>\nrealistisch Szenen aus dem Alltag seines Berufes.<\/p>","protected":false},"excerpt":{"rendered":"<p>Der Autor, selbst Profi-Bergf\u00fchrer und auf den Bergen der ganzen Welt zu Hause, l\u00e4sst die Leser einen Blick hinter die Kulissen eines verantwortungsvollen Bergf\u00fchrerlebens werfen und beschreibt spannend und realistisch Szenen aus dem Alltag seines Berufes.<\/p>","protected":false},"featured_media":45070,"template":"","meta":[],"product_brand":[],"product_cat":[21542],"product_tag":[],"class_list":{"0":"post-150602","1":"product","2":"type-product","3":"status-publish","4":"has-post-thumbnail","6":"product_cat-sachbuecher-dokumentationen","7":"pa_autor-laserer","8":"pa_erscheinungsjahr-21750","9":"pa_region-oesterreich","10":"pa_sprache-de","12":"first","13":"instock","14":"taxable","15":"shipping-taxable","16":"purchasable","17":"product-type-simple"},"_links":{"self":[{"href":"https:\/\/pizbube.ch\/en\/wp-json\/wp\/v2\/product\/150602","targetHints":{"allow":["GET"]}}],"collection":[{"href":"https:\/\/pizbube.ch\/en\/wp-json\/wp\/v2\/product"}],"about":[{"href":"https:\/\/pizbube.ch\/en\/wp-json\/wp\/v2\/types\/product"}],"wp:featuredmedia":[{"embeddable":true,"href":"https:\/\/pizbube.ch\/en\/wp-json\/wp\/v2\/media\/45070"}],"wp:attachment":[{"href":"https:\/\/pizbube.ch\/en\/wp-json\/wp\/v2\/media?parent=150602"}],"wp:term":[{"taxonomy":"product_brand","embeddable":true,"href":"https:\/\/pizbube.ch\/en\/wp-json\/wp\/v2\/product_brand?post=150602"},{"taxonomy":"product_cat","embeddable":true,"href":"https:\/\/pizbube.ch\/en\/wp-json\/wp\/v2\/product_cat?post=150602"},{"taxonomy":"product_tag","embeddable":true,"href":"https:\/\/pizbube.ch\/en\/wp-json\/wp\/v2\/product_tag?post=150602"}],"curies":[{"name":"wp","href":"https:\/\/api.w.org\/{rel}","templated":true}]}}