{"id":150603,"date":"2021-01-15T11:02:48","date_gmt":"2021-01-15T11:02:48","guid":{"rendered":"https:\/\/codengine3.ch\/?product=import-placeholder-for-208302"},"modified":"2021-05-26T12:04:49","modified_gmt":"2021-05-26T10:04:49","slug":"bauern-bergfuehrer-hoteliers","status":"publish","type":"product","link":"https:\/\/pizbube.ch\/en\/shop\/bauern-bergfuehrer-hoteliers\/","title":{"rendered":"Bauern Bergf\u00fchrer Hoteliers"},"content":{"rendered":"<p>Das Buch zeigt anhand einzigartigem Bildmaterial exemplarisch f\u00fcr den ganzen<br \/>\nAlpenraum den Umbruch von der b\u00e4uerlichen zur touristischen Lebenswelt auf.<br \/>\nLebenserinnerungen des Zermatter Bergf\u00fchrers R. Taugwalder und des<br \/>\nHotelangestellten A. Imhof.<\/p>","protected":false},"excerpt":{"rendered":"<p>Das Buch zeigt anhand einzigartigem Bildmaterial exemplarisch f\u00fcr den ganzen Alpenraum den Umbruch von der b\u00e4uerlichen zur touristischen Lebenswelt auf. Lebenserinnerungen des Zermatter Bergf\u00fchrers R. Taugwalder und des Hotelangestellten A. Imhof.<\/p>","protected":false},"featured_media":39918,"template":"","meta":[],"product_brand":[],"product_cat":[21580],"product_tag":[],"class_list":{"0":"post-150603","1":"product","2":"type-product","3":"status-publish","4":"has-post-thumbnail","6":"product_cat-kunst-kultur","7":"pa_autor-antonietti","8":"pa_erscheinungsjahr-21750","9":"pa_region-schweiz","10":"pa_sprache-de","12":"first","13":"outofstock","14":"taxable","15":"shipping-taxable","16":"purchasable","17":"product-type-simple"},"_links":{"self":[{"href":"https:\/\/pizbube.ch\/en\/wp-json\/wp\/v2\/product\/150603","targetHints":{"allow":["GET"]}}],"collection":[{"href":"https:\/\/pizbube.ch\/en\/wp-json\/wp\/v2\/product"}],"about":[{"href":"https:\/\/pizbube.ch\/en\/wp-json\/wp\/v2\/types\/product"}],"wp:featuredmedia":[{"embeddable":true,"href":"https:\/\/pizbube.ch\/en\/wp-json\/wp\/v2\/media\/39918"}],"wp:attachment":[{"href":"https:\/\/pizbube.ch\/en\/wp-json\/wp\/v2\/media?parent=150603"}],"wp:term":[{"taxonomy":"product_brand","embeddable":true,"href":"https:\/\/pizbube.ch\/en\/wp-json\/wp\/v2\/product_brand?post=150603"},{"taxonomy":"product_cat","embeddable":true,"href":"https:\/\/pizbube.ch\/en\/wp-json\/wp\/v2\/product_cat?post=150603"},{"taxonomy":"product_tag","embeddable":true,"href":"https:\/\/pizbube.ch\/en\/wp-json\/wp\/v2\/product_tag?post=150603"}],"curies":[{"name":"wp","href":"https:\/\/api.w.org\/{rel}","templated":true}]}}