{"id":150604,"date":"2021-01-15T11:02:49","date_gmt":"2021-01-15T11:02:49","guid":{"rendered":"https:\/\/codengine3.ch\/?product=import-placeholder-for-204465"},"modified":"2021-01-15T14:33:27","modified_gmt":"2021-01-15T14:33:27","slug":"durchs-jahrhundert-mein-leben-als-arzt-und-bergsteiger","status":"publish","type":"product","link":"https:\/\/pizbube.ch\/en\/shop\/durchs-jahrhundert-mein-leben-als-arzt-und-bergsteiger\/","title":{"rendered":"Durchs Jahrhundert &#8211; Mein Leben als Arzt und Bergsteiger"},"content":{"rendered":"<p>Der 1915 geborene Lutz Chicken ist als Bergsteiger und Alpinist weit \u00fcber<br \/>\nS\u00fcdtirol hinaus ein Begriff. Aus englisch-\u00f6sterreichischer Familie stammend,<br \/>\nin Bozen aufgewachsen und in Brixen wohnhaft, ist er bis heute britischer<br \/>\nStaatsb\u00fcrger geblieben.<\/p>\n<p>Heimatverbunden und weltl\u00e4ufig blickt Lutz Chicken auf eine bewegte Biografie<br \/>\nzur\u00fcck. In &#171;Durchs Jahrhundert&#187; beschreibt er seinen Weg durch das 20.<br \/>\nJahrhundert: eine Jugend zwischen Familiengl\u00fcck und Faschismus, das Studium in<br \/>\nM\u00fcnchen, die Teilnahme an Heinrich Harrers Himalaja-Expedition mit<br \/>\nanschlie\u00dfender Internierung in Indien.<\/p>\n<p>Der siebenj\u00e4hrigen Z\u00e4sur der Gefangenschaft folgen nach 1946 Jahre der<br \/>\nBew\u00e4hrung als Arzt und im Wiederaufbau des S\u00fcdtiroler Alpinwesens. Familie,<br \/>\nBeruf und Berg sind die Eckwerte in der R\u00fcckschau von Lutz Chicken. &#171;Durchs<br \/>\nJahrhundert&#187; beschreibt zudem seinen Weg aus den Versuchungen des<br \/>\nNationalismus und fordert Respekt vor der alpinen Natur &#8211; als Dokument von Mut<br \/>\nund erf\u00fclltem Leben.<\/p>\n<p>Das Buch ist ein reich bebilderter Gang &#171;durchs Jahrhundert&#187; &#8211; die<br \/>\nGeschichte eines engagierten Menschen, der seinen Weg aus den Versuchungen des<br \/>\nNationalismus beschreibt und Respekt vor der alpinen Natur fordert.<\/p>","protected":false},"excerpt":{"rendered":"<p>Der 1915 geborene Lutz Chicken ist als Bergsteiger und Alpinist weit \u00fcber S\u00fcdtirol hinaus ein Begriff. Aus englisch-\u00f6sterreichischer Familie stammend, in Bozen aufgewachsen und in Brixen wohnhaft, ist er bis heute britischer Staatsb\u00fcrger geblieben. Heimatverbunden und weltl\u00e4ufig blickt Lutz Chicken auf eine bewegte Biografie zur\u00fcck. In &#171;Durchs Jahrhundert&#187; beschreibt er seinen Weg durch das 20. [&#8230;]\n","protected":false},"featured_media":32368,"template":"","meta":[],"product_brand":[],"product_cat":[21542],"product_tag":[],"class_list":{"0":"post-150604","1":"product","2":"type-product","3":"status-publish","4":"has-post-thumbnail","6":"product_cat-sachbuecher-dokumentationen","7":"pa_autor-chicken","8":"pa_erscheinungsjahr-22292","9":"pa_region-italien","10":"pa_sprache-de","12":"first","13":"instock","14":"taxable","15":"shipping-taxable","16":"purchasable","17":"product-type-simple"},"_links":{"self":[{"href":"https:\/\/pizbube.ch\/en\/wp-json\/wp\/v2\/product\/150604","targetHints":{"allow":["GET"]}}],"collection":[{"href":"https:\/\/pizbube.ch\/en\/wp-json\/wp\/v2\/product"}],"about":[{"href":"https:\/\/pizbube.ch\/en\/wp-json\/wp\/v2\/types\/product"}],"wp:featuredmedia":[{"embeddable":true,"href":"https:\/\/pizbube.ch\/en\/wp-json\/wp\/v2\/media\/32368"}],"wp:attachment":[{"href":"https:\/\/pizbube.ch\/en\/wp-json\/wp\/v2\/media?parent=150604"}],"wp:term":[{"taxonomy":"product_brand","embeddable":true,"href":"https:\/\/pizbube.ch\/en\/wp-json\/wp\/v2\/product_brand?post=150604"},{"taxonomy":"product_cat","embeddable":true,"href":"https:\/\/pizbube.ch\/en\/wp-json\/wp\/v2\/product_cat?post=150604"},{"taxonomy":"product_tag","embeddable":true,"href":"https:\/\/pizbube.ch\/en\/wp-json\/wp\/v2\/product_tag?post=150604"}],"curies":[{"name":"wp","href":"https:\/\/api.w.org\/{rel}","templated":true}]}}