{"id":150605,"date":"2021-01-15T11:02:49","date_gmt":"2021-01-15T11:02:49","guid":{"rendered":"https:\/\/codengine3.ch\/?product=import-placeholder-for-202848"},"modified":"2021-01-15T12:39:51","modified_gmt":"2021-01-15T12:39:51","slug":"zermatt","status":"publish","type":"product","link":"https:\/\/pizbube.ch\/en\/shop\/zermatt\/","title":{"rendered":"Zermatt"},"content":{"rendered":"<p>Mit diesem Buch kommt jeder auf seine Kosten; der Bergsteiger und der<br \/>\nLandschaftsliebhaber, f\u00fcr die das Matterhorn Herausforderung und Sch\u00f6nheit<br \/>\ngeradezu symbolisiert, der Reisende, der seine Erinnerungen an das mond\u00e4ne<br \/>\nhochalpine Zermatt best\u00e4tigt sieht, der historisch Interessierte mit den<br \/>\nAbhandlungen \u00fcber die Walser und der Touristiker, der konfrontiert ist mit dem<br \/>\nMythos des sch\u00f6nsten Bergs der Welt. 147 Abb.; broschiert  <\/p>","protected":false},"excerpt":{"rendered":"<p>Mit diesem Buch kommt jeder auf seine Kosten; der Bergsteiger und der Landschaftsliebhaber, f\u00fcr die das Matterhorn Herausforderung und Sch\u00f6nheit geradezu symbolisiert, der Reisende, der seine Erinnerungen an das mond\u00e4ne hochalpine Zermatt best\u00e4tigt sieht, der historisch Interessierte mit den Abhandlungen \u00fcber die Walser und der Touristiker, der konfrontiert ist mit dem Mythos des sch\u00f6nsten Bergs [&#8230;]\n","protected":false},"featured_media":30301,"template":"","meta":[],"product_brand":[],"product_cat":[21542],"product_tag":[],"class_list":{"0":"post-150605","1":"product","2":"type-product","3":"status-publish","4":"has-post-thumbnail","6":"product_cat-sachbuecher-dokumentationen","7":"pa_autor-rougier","8":"pa_erscheinungsjahr-22144","9":"pa_region-schweiz","10":"pa_sprache-de","12":"first","13":"instock","14":"taxable","15":"shipping-taxable","16":"purchasable","17":"product-type-simple"},"_links":{"self":[{"href":"https:\/\/pizbube.ch\/en\/wp-json\/wp\/v2\/product\/150605","targetHints":{"allow":["GET"]}}],"collection":[{"href":"https:\/\/pizbube.ch\/en\/wp-json\/wp\/v2\/product"}],"about":[{"href":"https:\/\/pizbube.ch\/en\/wp-json\/wp\/v2\/types\/product"}],"wp:featuredmedia":[{"embeddable":true,"href":"https:\/\/pizbube.ch\/en\/wp-json\/wp\/v2\/media\/30301"}],"wp:attachment":[{"href":"https:\/\/pizbube.ch\/en\/wp-json\/wp\/v2\/media?parent=150605"}],"wp:term":[{"taxonomy":"product_brand","embeddable":true,"href":"https:\/\/pizbube.ch\/en\/wp-json\/wp\/v2\/product_brand?post=150605"},{"taxonomy":"product_cat","embeddable":true,"href":"https:\/\/pizbube.ch\/en\/wp-json\/wp\/v2\/product_cat?post=150605"},{"taxonomy":"product_tag","embeddable":true,"href":"https:\/\/pizbube.ch\/en\/wp-json\/wp\/v2\/product_tag?post=150605"}],"curies":[{"name":"wp","href":"https:\/\/api.w.org\/{rel}","templated":true}]}}