{"id":150607,"date":"2021-01-15T11:02:49","date_gmt":"2021-01-15T11:02:49","guid":{"rendered":"https:\/\/codengine3.ch\/?product=import-placeholder-for-204094"},"modified":"2024-08-31T08:33:06","modified_gmt":"2024-08-31T06:33:06","slug":"kroentenkaffee","status":"publish","type":"product","link":"https:\/\/pizbube.ch\/en\/shop\/kroentenkaffee\/","title":{"rendered":"Kr\u00f6ntenkaffee"},"content":{"rendered":"<p>Das Buch umfasst viele Geschichten rund um die Kr\u00f6ntenh\u00fctte im Urnerland. Es<br \/>\nsind keine Schiderungen von sensationellen Erstbegehungen oder von<br \/>\naussergew\u00f6hnlichen Leitungen: es sind ganz gew\u00f6hnliche Bergsteigergeschichten,<br \/>\numrahmt von Beschreibungen des Erstfeldertales.<\/p>\n<p>Ein Portrait des legend\u00e4ren Emil Epp, welcher 46 Jahre lang die Kr\u00f6ntenh\u00fctte bewartete, vervollst\u00e4ndigt<br \/>\ndie Geschichte der Kr\u00f6ntenh\u00fctte.<\/p>\n<p>296 Seiten<\/p>","protected":false},"excerpt":{"rendered":"<p>Das Buch umfasst viele Geschichten rund um die Kr\u00f6ntenh\u00fctte im Urnerland. Es sind keine Schiderungen von sensationellen Erstbegehungen oder von aussergew\u00f6hnlichen Leitungen: es sind ganz gew\u00f6hnliche Bergsteigergeschichten, umrahmt von Beschreibungen des Erstfeldertales. Ein Portrait des legend\u00e4ren Emil Epp, welcher 46 Jahre lang die Kr\u00f6ntenh\u00fctte bewartete, vervollst\u00e4ndigt die Geschichte der Kr\u00f6ntenh\u00fctte. 296 Seiten<\/p>","protected":false},"featured_media":31845,"template":"","meta":[],"product_brand":[],"product_cat":[21542],"product_tag":[],"class_list":{"0":"post-150607","1":"product","2":"type-product","3":"status-publish","4":"has-post-thumbnail","6":"product_cat-sachbuecher-dokumentationen","7":"pa_autor-bollinger","8":"pa_erscheinungsjahr-21763","9":"pa_region-schweiz","10":"pa_sprache-de","12":"first","13":"outofstock","14":"taxable","15":"shipping-taxable","16":"purchasable","17":"product-type-simple"},"_links":{"self":[{"href":"https:\/\/pizbube.ch\/en\/wp-json\/wp\/v2\/product\/150607","targetHints":{"allow":["GET"]}}],"collection":[{"href":"https:\/\/pizbube.ch\/en\/wp-json\/wp\/v2\/product"}],"about":[{"href":"https:\/\/pizbube.ch\/en\/wp-json\/wp\/v2\/types\/product"}],"wp:featuredmedia":[{"embeddable":true,"href":"https:\/\/pizbube.ch\/en\/wp-json\/wp\/v2\/media\/31845"}],"wp:attachment":[{"href":"https:\/\/pizbube.ch\/en\/wp-json\/wp\/v2\/media?parent=150607"}],"wp:term":[{"taxonomy":"product_brand","embeddable":true,"href":"https:\/\/pizbube.ch\/en\/wp-json\/wp\/v2\/product_brand?post=150607"},{"taxonomy":"product_cat","embeddable":true,"href":"https:\/\/pizbube.ch\/en\/wp-json\/wp\/v2\/product_cat?post=150607"},{"taxonomy":"product_tag","embeddable":true,"href":"https:\/\/pizbube.ch\/en\/wp-json\/wp\/v2\/product_tag?post=150607"}],"curies":[{"name":"wp","href":"https:\/\/api.w.org\/{rel}","templated":true}]}}