{"id":150608,"date":"2021-01-15T11:02:49","date_gmt":"2021-01-15T11:02:49","guid":{"rendered":"https:\/\/codengine3.ch\/?product=import-placeholder-for-201659"},"modified":"2021-12-21T10:38:34","modified_gmt":"2021-12-21T09:38:34","slug":"blicke-aus-dem-huettenfenster-eine-huettenwartin-erzaehlt","status":"publish","type":"product","link":"https:\/\/pizbube.ch\/en\/shop\/blicke-aus-dem-huettenfenster-eine-huettenwartin-erzaehlt\/","title":{"rendered":"Blicke aus dem H\u00fcttenfenster &#8211; eine H\u00fcttenwartin erz\u00e4hlt"},"content":{"rendered":"<p>Dritter Band mit Erlebnissen der H\u00fcttenwartin der Fr\u00fcndenh\u00fctte: Hoch \u00fcber dem<br \/>\nOeschinensee betreut Sylvia Loretan zusammen mit ihrem Mann und den T\u00f6chtern<br \/>\nmit viel Idealismus die Fr\u00fcndenh\u00fctte des SAC.<br \/>\nMit teils belustigten, teils besorgten aber auch mutmachenden Blicken aus dem<br \/>\nH\u00fcttenfenster l\u00e4sst uns die H\u00fcttenwartin und Schriftstellerin ein weiteres Mal<br \/>\nan ihren Erlebnissen teilhaben. Sie erz\u00e4hlt von erfreulichen und<br \/>\nunerfreulichen Begegnungen mit den unterschiedlichsten Alpinisten. Sachen<br \/>\ngibt&#8217;s, die gibt&#8217;s gar nicht!<\/p>","protected":false},"excerpt":{"rendered":"<p>Dritter Band mit Erlebnissen der H\u00fcttenwartin der Fr\u00fcndenh\u00fctte: Hoch \u00fcber dem Oeschinensee betreut Sylvia Loretan zusammen mit ihrem Mann und den T\u00f6chtern mit viel Idealismus die Fr\u00fcndenh\u00fctte des SAC. Mit teils belustigten, teils besorgten aber auch mutmachenden Blicken aus dem H\u00fcttenfenster l\u00e4sst uns die H\u00fcttenwartin und Schriftstellerin ein weiteres Mal an ihren Erlebnissen teilhaben. Sie [&#8230;]\n","protected":false},"featured_media":29034,"template":"","meta":[],"product_brand":[],"product_cat":[21629],"product_tag":[],"class_list":{"0":"post-150608","1":"product","2":"type-product","3":"status-publish","4":"has-post-thumbnail","6":"product_cat-belletristik","7":"pa_autor-loretan","8":"pa_erscheinungsjahr-22144","9":"pa_region-schweiz","10":"pa_sprache-de","12":"first","13":"outofstock","14":"taxable","15":"shipping-taxable","16":"purchasable","17":"product-type-simple"},"_links":{"self":[{"href":"https:\/\/pizbube.ch\/en\/wp-json\/wp\/v2\/product\/150608","targetHints":{"allow":["GET"]}}],"collection":[{"href":"https:\/\/pizbube.ch\/en\/wp-json\/wp\/v2\/product"}],"about":[{"href":"https:\/\/pizbube.ch\/en\/wp-json\/wp\/v2\/types\/product"}],"wp:featuredmedia":[{"embeddable":true,"href":"https:\/\/pizbube.ch\/en\/wp-json\/wp\/v2\/media\/29034"}],"wp:attachment":[{"href":"https:\/\/pizbube.ch\/en\/wp-json\/wp\/v2\/media?parent=150608"}],"wp:term":[{"taxonomy":"product_brand","embeddable":true,"href":"https:\/\/pizbube.ch\/en\/wp-json\/wp\/v2\/product_brand?post=150608"},{"taxonomy":"product_cat","embeddable":true,"href":"https:\/\/pizbube.ch\/en\/wp-json\/wp\/v2\/product_cat?post=150608"},{"taxonomy":"product_tag","embeddable":true,"href":"https:\/\/pizbube.ch\/en\/wp-json\/wp\/v2\/product_tag?post=150608"}],"curies":[{"name":"wp","href":"https:\/\/api.w.org\/{rel}","templated":true}]}}