{"id":150609,"date":"2021-01-15T11:02:49","date_gmt":"2021-01-15T11:02:49","guid":{"rendered":"https:\/\/codengine3.ch\/?product=import-placeholder-for-208249"},"modified":"2021-09-29T13:42:20","modified_gmt":"2021-09-29T11:42:20","slug":"sf-bi-de-luet-huettengeschichten-dvd","status":"publish","type":"product","link":"https:\/\/pizbube.ch\/en\/shop\/sf-bi-de-luet-huettengeschichten-dvd\/","title":{"rendered":"SF bi de L\u00fct &#8211; H\u00fcttengeschichten &#8211; DVD"},"content":{"rendered":"<p>Man nennt sie \u00abGastgeber unter dem Himmel\u00bb, die H\u00fcttenwarte des SAC. So<br \/>\nromantisch das H\u00fcttenleben klingen mag, die H\u00fcttenwarte oder H\u00fcttenwartinnen<br \/>\nmachen einen Knochenjob. Die Arbeitstage sind lang und anstrengend. Es fehlt<br \/>\noft an gen\u00fcgend Strom und Wasser. Wind und Wetter verlangen vom H\u00fcttenwartteam<br \/>\nein hohes Improvisationstalent: Bei sch\u00f6nem Wetter ist die H\u00fctte voll, wenn es<br \/>\nregnet, bleiben die G\u00e4ste aus.<\/p>\n<p>\u00abSF bi de L\u00fct\u00bb verbringt eine Sommersaison lang auf drei SAC-H\u00fctten<br \/>\n(Gelmerh\u00fctte, Silvrettah\u00fctte und Rugghubelh\u00fctte) und taucht ein in das<br \/>\narbeitsintensive Alltagsleben der H\u00fcttenwarte und ihrer Familien. Ein Alltag<br \/>\nvoller Entbehrungen, mit wenig Freizeit, weit weg vom Freundeskreis und einem<br \/>\n24 Stunden-Dienst zum Wohle der G\u00e4ste. Und trotzdem w\u00fcrden die H\u00fcttenwarte mit<br \/>\nniemandem tauschen wollen.<br \/>\nDauer: 132 Min.<\/p>","protected":false},"excerpt":{"rendered":"<p>Man nennt sie \u00abGastgeber unter dem Himmel\u00bb, die H\u00fcttenwarte des SAC. So romantisch das H\u00fcttenleben klingen mag, die H\u00fcttenwarte oder H\u00fcttenwartinnen machen einen Knochenjob. Die Arbeitstage sind lang und anstrengend. Es fehlt oft an gen\u00fcgend Strom und Wasser. Wind und Wetter verlangen vom H\u00fcttenwartteam ein hohes Improvisationstalent: Bei sch\u00f6nem Wetter ist die H\u00fctte voll, wenn [&#8230;]\n","protected":false},"featured_media":39766,"template":"","meta":[],"product_brand":[],"product_cat":[21628],"product_tag":[],"class_list":{"0":"post-150609","1":"product","2":"type-product","3":"status-publish","4":"has-post-thumbnail","6":"product_cat-video-dvd-multimedia","7":"pa_autor-srf","8":"pa_erscheinungsjahr-21610","9":"pa_region-schweiz","10":"pa_sprache-de","12":"first","13":"instock","14":"taxable","15":"shipping-taxable","16":"purchasable","17":"product-type-simple"},"_links":{"self":[{"href":"https:\/\/pizbube.ch\/en\/wp-json\/wp\/v2\/product\/150609","targetHints":{"allow":["GET"]}}],"collection":[{"href":"https:\/\/pizbube.ch\/en\/wp-json\/wp\/v2\/product"}],"about":[{"href":"https:\/\/pizbube.ch\/en\/wp-json\/wp\/v2\/types\/product"}],"wp:featuredmedia":[{"embeddable":true,"href":"https:\/\/pizbube.ch\/en\/wp-json\/wp\/v2\/media\/39766"}],"wp:attachment":[{"href":"https:\/\/pizbube.ch\/en\/wp-json\/wp\/v2\/media?parent=150609"}],"wp:term":[{"taxonomy":"product_brand","embeddable":true,"href":"https:\/\/pizbube.ch\/en\/wp-json\/wp\/v2\/product_brand?post=150609"},{"taxonomy":"product_cat","embeddable":true,"href":"https:\/\/pizbube.ch\/en\/wp-json\/wp\/v2\/product_cat?post=150609"},{"taxonomy":"product_tag","embeddable":true,"href":"https:\/\/pizbube.ch\/en\/wp-json\/wp\/v2\/product_tag?post=150609"}],"curies":[{"name":"wp","href":"https:\/\/api.w.org\/{rel}","templated":true}]}}