{"id":150612,"date":"2021-01-15T11:02:49","date_gmt":"2021-01-15T11:02:49","guid":{"rendered":"https:\/\/codengine3.ch\/?product=import-placeholder-for-208198"},"modified":"2023-12-16T11:22:06","modified_gmt":"2023-12-16T10:22:06","slug":"die-berguener-berge","status":"publish","type":"product","link":"https:\/\/pizbube.ch\/en\/shop\/die-berguener-berge\/","title":{"rendered":"Die Berg\u00fcner Berge"},"content":{"rendered":"<p>Reprint des 1897 erschienenen B\u00fcchleins \u00fcber das Albulagebiet, seit kurzem<br \/>\noffizielles Clubgebiet des SAC<\/p>\n<p>Der Schanfigger Peter Mettier-Manatschal zog vor 130 Jahren nach Berg\u00fcn und<br \/>\narbeitete dort als Bergf\u00fchrer. Es war f\u00fcr ihn wohl eine der wenigen<br \/>\nM\u00f6glichkeiten, der damals allgegenw\u00e4rtigen Armut etwas entgegenzuhalten. Die<br \/>\nBerg\u00fcner Touristen schienen ihn zu sch\u00e4tzen \u2013 und gesch\u00e4tzt wurde auch sein<br \/>\nBuch \u00fcber die \u00abBerg\u00fcner Berge\u00bb, das zwischen 1897 und 1924, schon nach seinem<br \/>\nTod, dreimal aufgelegt wurde.<\/p>\n<p>Die Fremdenindustrie in Berg\u00fcn habe schon einen betr\u00e4chtlichen Umfang<br \/>\nerreicht, schreibt Mettier, ohne dass sie sich aber \u00abdem einfachen Touristen<br \/>\noder Kurgast durch Steifheit im Verkehr und durch Toilettenluxus l\u00e4stigmachen<br \/>\nw\u00fcrde\u00bb. In Berg\u00fcn st\u00f6re \u00abkein H\u00fcsteln\u00bb den Spazierg\u00e4nger und Wanderer \u2013 anders<br \/>\nals in den &#8218;Krankenkurorten&#8217;\u00bb. Alle Spazierg\u00e4nge in Berg\u00fcn k\u00f6nnten zudem, so<br \/>\nMettier, \u00abauch Frauen und Kinder mitmachen\u00bb, wie er in der zweiten Auflage<br \/>\nerg\u00e4nzte \u2013 oder erg\u00e4nzen musste.<\/p>\n<p>Allerdings ging es Mettier nat\u00fcrlich nicht um Spazierg\u00e4nge, sondern um<br \/>\nbergg\u00e4ngige Touristen, die einen F\u00fchrer \u2013 also ihn selbst \u2013 engagieren<br \/>\nsollten. Das Buch mit den hochalpinen Routenbeschreibungen im Hauptteil war<br \/>\nseine Empfehlung. Er k\u00f6nne nicht raten \u00abf\u00fchrerlos zu gehen\u00bb, schreibt Mettier,<br \/>\ngeschw\u00e4tzig und eigenn\u00fctzig. Auf gewisse Touren d\u00fcrften \u00abFrauen oder Kinder<br \/>\nohne F\u00fchrer\u00bb zudem gar nicht mitgenommen werden&#8230;<\/p>\n<p>Inhalt: Berg\u00fcn; Hochtouren; Toureneinteilung; Piz Kesch, Tinzenhorn, Aela; Das<br \/>\nTinzenhorn; Piz Aelabesteigung; Besteigung des Piz Kesch, d&#8217;Err, Platta und<br \/>\nJulier in 4 Tagen; Besteigung des Piz Uertsch; Piz St. Michel; Die Ducankette;<\/p>\n<p>Preda; Spinas, Filisur; Muot; Rundtour um den Aela herum; Latscherkulm; Chaval<br \/>\ngrond; Muchetta; Cima da Tisch; Besteigungsgeschichte vom Piz Aela;<br \/>\nErstbesteigungen; Hotel Kurhaus Bad Alvaneu.<\/p>","protected":false},"excerpt":{"rendered":"<p>Reprint des 1897 erschienenen B\u00fcchleins \u00fcber das Albulagebiet, seit kurzem offizielles Clubgebiet des SAC Der Schanfigger Peter Mettier-Manatschal zog vor 130 Jahren nach Berg\u00fcn und arbeitete dort als Bergf\u00fchrer. Es war f\u00fcr ihn wohl eine der wenigen M\u00f6glichkeiten, der damals allgegenw\u00e4rtigen Armut etwas entgegenzuhalten. Die Berg\u00fcner Touristen schienen ihn zu sch\u00e4tzen \u2013 und gesch\u00e4tzt wurde [&#8230;]\n","protected":false},"featured_media":35781,"template":"","meta":[],"product_brand":[],"product_cat":[21542],"product_tag":[],"class_list":{"0":"post-150612","1":"product","2":"type-product","3":"status-publish","4":"has-post-thumbnail","6":"product_cat-sachbuecher-dokumentationen","7":"pa_autor-mettier","8":"pa_erscheinungsjahr-2010-1897","9":"pa_region-schweiz","10":"pa_sprache-de","12":"first","13":"outofstock","14":"taxable","15":"shipping-taxable","16":"purchasable","17":"product-type-simple"},"_links":{"self":[{"href":"https:\/\/pizbube.ch\/en\/wp-json\/wp\/v2\/product\/150612","targetHints":{"allow":["GET"]}}],"collection":[{"href":"https:\/\/pizbube.ch\/en\/wp-json\/wp\/v2\/product"}],"about":[{"href":"https:\/\/pizbube.ch\/en\/wp-json\/wp\/v2\/types\/product"}],"wp:featuredmedia":[{"embeddable":true,"href":"https:\/\/pizbube.ch\/en\/wp-json\/wp\/v2\/media\/35781"}],"wp:attachment":[{"href":"https:\/\/pizbube.ch\/en\/wp-json\/wp\/v2\/media?parent=150612"}],"wp:term":[{"taxonomy":"product_brand","embeddable":true,"href":"https:\/\/pizbube.ch\/en\/wp-json\/wp\/v2\/product_brand?post=150612"},{"taxonomy":"product_cat","embeddable":true,"href":"https:\/\/pizbube.ch\/en\/wp-json\/wp\/v2\/product_cat?post=150612"},{"taxonomy":"product_tag","embeddable":true,"href":"https:\/\/pizbube.ch\/en\/wp-json\/wp\/v2\/product_tag?post=150612"}],"curies":[{"name":"wp","href":"https:\/\/api.w.org\/{rel}","templated":true}]}}