{"id":150615,"date":"2021-01-15T11:02:49","date_gmt":"2021-01-15T11:02:49","guid":{"rendered":"https:\/\/codengine3.ch\/?product=import-placeholder-for-203977"},"modified":"2021-01-15T14:28:28","modified_gmt":"2021-01-15T14:28:28","slug":"die-alpen-ein-portraet-in-bildern","status":"publish","type":"product","link":"https:\/\/pizbube.ch\/en\/shop\/die-alpen-ein-portraet-in-bildern\/","title":{"rendered":"Die Alpen Ein Portr\u00e4t in Bildern"},"content":{"rendered":"<p>Klein im Format und gro\u00df im Inhalt zeigt dieses Buch die Alpen in ihrer ganzen<br \/>\nPracht und Vielfalt. Traumhafte Aufnahmen und detaillierte Beschreibungen- vom<br \/>\nKurzsteckbrief bis Informationen \u00fcber Geografie, Geschichte, Kultur, Land und<br \/>\nLeute- portr\u00e4tieren die 27 Gebirgsregionen von der Poebene bis zum<br \/>\nVoralpenland und von der franz\u00f6sischen K\u00fcste bis Slowenien. Inklusive der<br \/>\nsch\u00f6nsten Wege, Pl\u00e4tze und Aussichten. 192 Seiten mit 150 Abbildungen.<\/p>","protected":false},"excerpt":{"rendered":"<p>Klein im Format und gro\u00df im Inhalt zeigt dieses Buch die Alpen in ihrer ganzen Pracht und Vielfalt. Traumhafte Aufnahmen und detaillierte Beschreibungen- vom Kurzsteckbrief bis Informationen \u00fcber Geografie, Geschichte, Kultur, Land und Leute- portr\u00e4tieren die 27 Gebirgsregionen von der Poebene bis zum Voralpenland und von der franz\u00f6sischen K\u00fcste bis Slowenien. Inklusive der sch\u00f6nsten Wege, [&#8230;]\n","protected":false},"featured_media":31700,"template":"","meta":[],"product_brand":[],"product_cat":[21542],"product_tag":[],"class_list":{"0":"post-150615","1":"product","2":"type-product","3":"status-publish","4":"has-post-thumbnail","6":"product_cat-sachbuecher-dokumentationen","7":"pa_autor-grandese-lazzarin","8":"pa_erscheinungsjahr-21776","9":"pa_region-schweiz","10":"pa_sprache-de","12":"first","13":"instock","14":"taxable","15":"shipping-taxable","16":"purchasable","17":"product-type-simple"},"_links":{"self":[{"href":"https:\/\/pizbube.ch\/en\/wp-json\/wp\/v2\/product\/150615","targetHints":{"allow":["GET"]}}],"collection":[{"href":"https:\/\/pizbube.ch\/en\/wp-json\/wp\/v2\/product"}],"about":[{"href":"https:\/\/pizbube.ch\/en\/wp-json\/wp\/v2\/types\/product"}],"wp:featuredmedia":[{"embeddable":true,"href":"https:\/\/pizbube.ch\/en\/wp-json\/wp\/v2\/media\/31700"}],"wp:attachment":[{"href":"https:\/\/pizbube.ch\/en\/wp-json\/wp\/v2\/media?parent=150615"}],"wp:term":[{"taxonomy":"product_brand","embeddable":true,"href":"https:\/\/pizbube.ch\/en\/wp-json\/wp\/v2\/product_brand?post=150615"},{"taxonomy":"product_cat","embeddable":true,"href":"https:\/\/pizbube.ch\/en\/wp-json\/wp\/v2\/product_cat?post=150615"},{"taxonomy":"product_tag","embeddable":true,"href":"https:\/\/pizbube.ch\/en\/wp-json\/wp\/v2\/product_tag?post=150615"}],"curies":[{"name":"wp","href":"https:\/\/api.w.org\/{rel}","templated":true}]}}