{"id":150617,"date":"2021-01-15T11:02:50","date_gmt":"2021-01-15T11:02:50","guid":{"rendered":"https:\/\/codengine3.ch\/?product=import-placeholder-for-201045"},"modified":"2021-01-15T11:03:06","modified_gmt":"2021-01-15T11:03:06","slug":"faszination-alpen-2","status":"publish","type":"product","link":"https:\/\/pizbube.ch\/en\/shop\/faszination-alpen-2\/","title":{"rendered":"Faszination Alpen"},"content":{"rendered":"<p>Fotoband: Erlebnisse und Eindr\u00fccke eines Fotografen und Bergsteigers.<br \/>\nFaszination Alpen ist Melis zweiter Bildband, in welchem er \u00fcber seine vielen<br \/>\nTouren in den Westalpen erz\u00e4hlt, wo er im Laufe der Jahre s\u00e4mtliche Gipfel mit<br \/>\neiner H\u00f6he von \u00fcber 4000 Meter bestiegen hat.<\/p>","protected":false},"excerpt":{"rendered":"<p>Fotoband: Erlebnisse und Eindr\u00fccke eines Fotografen und Bergsteigers. Faszination Alpen ist Melis zweiter Bildband, in welchem er \u00fcber seine vielen Touren in den Westalpen erz\u00e4hlt, wo er im Laufe der Jahre s\u00e4mtliche Gipfel mit einer H\u00f6he von \u00fcber 4000 Meter bestiegen hat.<\/p>","protected":false},"featured_media":28199,"template":"","meta":[],"product_brand":[],"product_cat":[21542],"product_tag":[],"class_list":{"0":"post-150617","1":"product","2":"type-product","3":"status-publish","4":"has-post-thumbnail","6":"product_cat-sachbuecher-dokumentationen","7":"pa_autor-meli","8":"pa_erscheinungsjahr-22133","9":"pa_region-schweiz","10":"pa_sprache-de","12":"first","13":"instock","14":"taxable","15":"shipping-taxable","16":"purchasable","17":"product-type-simple"},"_links":{"self":[{"href":"https:\/\/pizbube.ch\/en\/wp-json\/wp\/v2\/product\/150617","targetHints":{"allow":["GET"]}}],"collection":[{"href":"https:\/\/pizbube.ch\/en\/wp-json\/wp\/v2\/product"}],"about":[{"href":"https:\/\/pizbube.ch\/en\/wp-json\/wp\/v2\/types\/product"}],"wp:featuredmedia":[{"embeddable":true,"href":"https:\/\/pizbube.ch\/en\/wp-json\/wp\/v2\/media\/28199"}],"wp:attachment":[{"href":"https:\/\/pizbube.ch\/en\/wp-json\/wp\/v2\/media?parent=150617"}],"wp:term":[{"taxonomy":"product_brand","embeddable":true,"href":"https:\/\/pizbube.ch\/en\/wp-json\/wp\/v2\/product_brand?post=150617"},{"taxonomy":"product_cat","embeddable":true,"href":"https:\/\/pizbube.ch\/en\/wp-json\/wp\/v2\/product_cat?post=150617"},{"taxonomy":"product_tag","embeddable":true,"href":"https:\/\/pizbube.ch\/en\/wp-json\/wp\/v2\/product_tag?post=150617"}],"curies":[{"name":"wp","href":"https:\/\/api.w.org\/{rel}","templated":true}]}}